{"id":43,"date":"2015-11-10T11:14:21","date_gmt":"2015-11-10T10:14:21","guid":{"rendered":"http:\/\/editionscle.com\/blogcle\/?page_id=43"},"modified":"2022-09-21T16:12:25","modified_gmt":"2022-09-21T14:12:25","slug":"faq","status":"publish","type":"page","link":"https:\/\/blogs.editionscle.com\/blogcle\/faq\/","title":{"rendered":"Les FAQ sont r\u00e9parties en 2 groupes"},"content":{"rendered":"<p>Cliquez ici pour consulter les <a href=\"http:\/\/blogs.editionscle.com\/blogcle\/questions-generales\/\">FAQ g\u00e9n\u00e9rales<\/a> et ici pour les <a href=\"https:\/\/blogs.editionscle.com\/logos\" target=\"_blank\" rel=\"noopener\">FAQ de Logos<\/a>.<\/p>\n<p>A propos des FAQ de la Bible Online :<\/p>\n<ul>\n<li>La vente du DVD La Bible Online Premium 2011 s&rsquo;est termin\u00e9e le 28 f\u00e9vrier 2019.<br \/>\nL&rsquo;assistance technique s\u2019est termin\u00e9e le 28 f\u00e9vrier 2020.<br \/>\n<strong>Depuis, nous ne r\u00e9pondons plus aux mails ou appel t\u00e9l\u00e9phonique ou autre concernant la Bible Online<\/strong>.\u00a0<a href=\"https:\/\/blogs.editionscle.com\/blogcle\/la-bible-online-2-0-decouvrez-logos\/\" target=\"_blank\" rel=\"noopener\">Nous conseillons \u00e0 nos fid\u00e8les clients Bible Online d&rsquo;utiliser maintenant le logiciel biblique Logos. Plus d&rsquo;information dans cet article<\/a>.<\/li>\n<li>sinon consultez le site <a href=\"http:\/\/www.onlinebible.org\/\">www.onlinebible.org\/<\/a><br \/>\n<hr \/>\n<\/li>\n<\/ul>\n","protected":false},"excerpt":{"rendered":"<p>Cliquez ici pour consulter les FAQ g\u00e9n\u00e9rales et ici pour les FAQ de Logos. A propos des FAQ de la Bible Online : La vente du DVD La Bible Online Premium 2011 s&rsquo;est termin\u00e9e le 28 f\u00e9vrier 2019. L&rsquo;assistance technique s\u2019est termin\u00e9e le 28 f\u00e9vrier 2020. Depuis, nous ne r\u00e9pondons plus aux mails ou appel [&hellip;]<\/p>\n","protected":false},"author":1,"featured_media":0,"parent":0,"menu_order":0,"comment_status":"closed","ping_status":"closed","template":"","meta":{"footnotes":""},"class_list":["post-43","page","type-page","status-publish","hentry"],"yoast_head":"<!-- This site is optimized with the Yoast SEO plugin v27.3 - https:\/\/yoast.com\/product\/yoast-seo-wordpress\/ -->\n<title>Les FAQ sont r\u00e9parties en 2 groupes - Blog des \u00c9ditions Cl\u00e9<\/title>\n<meta name=\"robots\" content=\"index, follow, max-snippet:-1, max-image-preview:large, max-video-preview:-1\" \/>\n<link rel=\"canonical\" href=\"https:\/\/blogs.editionscle.com\/blogcle\/faq\/\" \/>\n<meta property=\"og:locale\" content=\"fr_FR\" \/>\n<meta property=\"og:type\" content=\"article\" \/>\n<meta property=\"og:title\" content=\"Les FAQ sont r\u00e9parties en 2 groupes - Blog des \u00c9ditions Cl\u00e9\" \/>\n<meta property=\"og:description\" content=\"Cliquez ici pour consulter les FAQ g\u00e9n\u00e9rales et ici pour les FAQ de Logos. A propos des FAQ de la Bible Online : La vente du DVD La Bible Online Premium 2011 s&rsquo;est termin\u00e9e le 28 f\u00e9vrier 2019. L&rsquo;assistance technique s\u2019est termin\u00e9e le 28 f\u00e9vrier 2020. Depuis, nous ne r\u00e9pondons plus aux mails ou appel [&hellip;]\" \/>\n<meta property=\"og:url\" content=\"https:\/\/blogs.editionscle.com\/blogcle\/faq\/\" \/>\n<meta property=\"og:site_name\" content=\"Blog des \u00c9ditions Cl\u00e9\" \/>\n<meta property=\"article:publisher\" content=\"https:\/\/www.facebook.com\/editionscle\" \/>\n<meta property=\"article:modified_time\" content=\"2022-09-21T14:12:25+00:00\" \/>\n<meta name=\"twitter:card\" content=\"summary_large_image\" \/>\n<meta name=\"twitter:site\" content=\"@editionscle\" \/>\n<meta name=\"twitter:label1\" content=\"Dur\u00e9e de lecture estim\u00e9e\" \/>\n\t<meta name=\"twitter:data1\" content=\"1 minute\" \/>\n<script type=\"application\/ld+json\" class=\"yoast-schema-graph\">{\"@context\":\"https:\\\/\\\/schema.org\",\"@graph\":[{\"@type\":\"WebPage\",\"@id\":\"https:\\\/\\\/blogs.editionscle.com\\\/blogcle\\\/faq\\\/\",\"url\":\"https:\\\/\\\/blogs.editionscle.com\\\/blogcle\\\/faq\\\/\",\"name\":\"Les FAQ sont r\u00e9parties en 2 groupes - Blog des \u00c9ditions Cl\u00e9\",\"isPartOf\":{\"@id\":\"https:\\\/\\\/blogs.editionscle.com\\\/blogcle\\\/#website\"},\"datePublished\":\"2015-11-10T10:14:21+00:00\",\"dateModified\":\"2022-09-21T14:12:25+00:00\",\"breadcrumb\":{\"@id\":\"https:\\\/\\\/blogs.editionscle.com\\\/blogcle\\\/faq\\\/#breadcrumb\"},\"inLanguage\":\"fr-FR\",\"potentialAction\":[{\"@type\":\"ReadAction\",\"target\":[\"https:\\\/\\\/blogs.editionscle.com\\\/blogcle\\\/faq\\\/\"]}]},{\"@type\":\"BreadcrumbList\",\"@id\":\"https:\\\/\\\/blogs.editionscle.com\\\/blogcle\\\/faq\\\/#breadcrumb\",\"itemListElement\":[{\"@type\":\"ListItem\",\"position\":1,\"name\":\"Accueil\",\"item\":\"https:\\\/\\\/blogs.editionscle.com\\\/blogcle\\\/\"},{\"@type\":\"ListItem\",\"position\":2,\"name\":\"Les FAQ sont r\u00e9parties en 2 groupes\"}]},{\"@type\":\"WebSite\",\"@id\":\"https:\\\/\\\/blogs.editionscle.com\\\/blogcle\\\/#website\",\"url\":\"https:\\\/\\\/blogs.editionscle.com\\\/blogcle\\\/\",\"name\":\"Blog des \u00c9ditions Cl\u00e9\",\"description\":\"Livres et logiciels pour comprendre la Bible\",\"publisher\":{\"@id\":\"https:\\\/\\\/blogs.editionscle.com\\\/blogcle\\\/#organization\"},\"potentialAction\":[{\"@type\":\"SearchAction\",\"target\":{\"@type\":\"EntryPoint\",\"urlTemplate\":\"https:\\\/\\\/blogs.editionscle.com\\\/blogcle\\\/?s={search_term_string}\"},\"query-input\":{\"@type\":\"PropertyValueSpecification\",\"valueRequired\":true,\"valueName\":\"search_term_string\"}}],\"inLanguage\":\"fr-FR\"},{\"@type\":\"Organization\",\"@id\":\"https:\\\/\\\/blogs.editionscle.com\\\/blogcle\\\/#organization\",\"name\":\"Editions Cl\u00e9\",\"url\":\"https:\\\/\\\/blogs.editionscle.com\\\/blogcle\\\/\",\"logo\":{\"@type\":\"ImageObject\",\"inLanguage\":\"fr-FR\",\"@id\":\"https:\\\/\\\/blogs.editionscle.com\\\/blogcle\\\/#\\\/schema\\\/logo\\\/image\\\/\",\"url\":\"https:\\\/\\\/blogs.editionscle.com\\\/blogcle\\\/wp-content\\\/uploads\\\/sites\\\/2\\\/2018\\\/03\\\/Profil_facebookcle.png\",\"contentUrl\":\"https:\\\/\\\/blogs.editionscle.com\\\/blogcle\\\/wp-content\\\/uploads\\\/sites\\\/2\\\/2018\\\/03\\\/Profil_facebookcle.png\",\"width\":375,\"height\":375,\"caption\":\"Editions Cl\u00e9\"},\"image\":{\"@id\":\"https:\\\/\\\/blogs.editionscle.com\\\/blogcle\\\/#\\\/schema\\\/logo\\\/image\\\/\"},\"sameAs\":[\"https:\\\/\\\/www.facebook.com\\\/editionscle\",\"https:\\\/\\\/x.com\\\/editionscle\",\"https:\\\/\\\/www.youtube.com\\\/user\\\/EditionsCle\"]}]}<\/script>\n<!-- \/ Yoast SEO plugin. -->","yoast_head_json":{"title":"Les FAQ sont r\u00e9parties en 2 groupes - Blog des \u00c9ditions Cl\u00e9","robots":{"index":"index","follow":"follow","max-snippet":"max-snippet:-1","max-image-preview":"max-image-preview:large","max-video-preview":"max-video-preview:-1"},"canonical":"https:\/\/blogs.editionscle.com\/blogcle\/faq\/","og_locale":"fr_FR","og_type":"article","og_title":"Les FAQ sont r\u00e9parties en 2 groupes - Blog des \u00c9ditions Cl\u00e9","og_description":"Cliquez ici pour consulter les FAQ g\u00e9n\u00e9rales et ici pour les FAQ de Logos. A propos des FAQ de la Bible Online : La vente du DVD La Bible Online Premium 2011 s&rsquo;est termin\u00e9e le 28 f\u00e9vrier 2019. L&rsquo;assistance technique s\u2019est termin\u00e9e le 28 f\u00e9vrier 2020. Depuis, nous ne r\u00e9pondons plus aux mails ou appel [&hellip;]","og_url":"https:\/\/blogs.editionscle.com\/blogcle\/faq\/","og_site_name":"Blog des \u00c9ditions Cl\u00e9","article_publisher":"https:\/\/www.facebook.com\/editionscle","article_modified_time":"2022-09-21T14:12:25+00:00","twitter_card":"summary_large_image","twitter_site":"@editionscle","twitter_misc":{"Dur\u00e9e de lecture estim\u00e9e":"1 minute"},"schema":{"@context":"https:\/\/schema.org","@graph":[{"@type":"WebPage","@id":"https:\/\/blogs.editionscle.com\/blogcle\/faq\/","url":"https:\/\/blogs.editionscle.com\/blogcle\/faq\/","name":"Les FAQ sont r\u00e9parties en 2 groupes - Blog des \u00c9ditions Cl\u00e9","isPartOf":{"@id":"https:\/\/blogs.editionscle.com\/blogcle\/#website"},"datePublished":"2015-11-10T10:14:21+00:00","dateModified":"2022-09-21T14:12:25+00:00","breadcrumb":{"@id":"https:\/\/blogs.editionscle.com\/blogcle\/faq\/#breadcrumb"},"inLanguage":"fr-FR","potentialAction":[{"@type":"ReadAction","target":["https:\/\/blogs.editionscle.com\/blogcle\/faq\/"]}]},{"@type":"BreadcrumbList","@id":"https:\/\/blogs.editionscle.com\/blogcle\/faq\/#breadcrumb","itemListElement":[{"@type":"ListItem","position":1,"name":"Accueil","item":"https:\/\/blogs.editionscle.com\/blogcle\/"},{"@type":"ListItem","position":2,"name":"Les FAQ sont r\u00e9parties en 2 groupes"}]},{"@type":"WebSite","@id":"https:\/\/blogs.editionscle.com\/blogcle\/#website","url":"https:\/\/blogs.editionscle.com\/blogcle\/","name":"Blog des \u00c9ditions Cl\u00e9","description":"Livres et logiciels pour comprendre la Bible","publisher":{"@id":"https:\/\/blogs.editionscle.com\/blogcle\/#organization"},"potentialAction":[{"@type":"SearchAction","target":{"@type":"EntryPoint","urlTemplate":"https:\/\/blogs.editionscle.com\/blogcle\/?s={search_term_string}"},"query-input":{"@type":"PropertyValueSpecification","valueRequired":true,"valueName":"search_term_string"}}],"inLanguage":"fr-FR"},{"@type":"Organization","@id":"https:\/\/blogs.editionscle.com\/blogcle\/#organization","name":"Editions Cl\u00e9","url":"https:\/\/blogs.editionscle.com\/blogcle\/","logo":{"@type":"ImageObject","inLanguage":"fr-FR","@id":"https:\/\/blogs.editionscle.com\/blogcle\/#\/schema\/logo\/image\/","url":"https:\/\/blogs.editionscle.com\/blogcle\/wp-content\/uploads\/sites\/2\/2018\/03\/Profil_facebookcle.png","contentUrl":"https:\/\/blogs.editionscle.com\/blogcle\/wp-content\/uploads\/sites\/2\/2018\/03\/Profil_facebookcle.png","width":375,"height":375,"caption":"Editions Cl\u00e9"},"image":{"@id":"https:\/\/blogs.editionscle.com\/blogcle\/#\/schema\/logo\/image\/"},"sameAs":["https:\/\/www.facebook.com\/editionscle","https:\/\/x.com\/editionscle","https:\/\/www.youtube.com\/user\/EditionsCle"]}]}},"_links":{"self":[{"href":"https:\/\/blogs.editionscle.com\/blogcle\/wp-json\/wp\/v2\/pages\/43","targetHints":{"allow":["GET"]}}],"collection":[{"href":"https:\/\/blogs.editionscle.com\/blogcle\/wp-json\/wp\/v2\/pages"}],"about":[{"href":"https:\/\/blogs.editionscle.com\/blogcle\/wp-json\/wp\/v2\/types\/page"}],"author":[{"embeddable":true,"href":"https:\/\/blogs.editionscle.com\/blogcle\/wp-json\/wp\/v2\/users\/1"}],"replies":[{"embeddable":true,"href":"https:\/\/blogs.editionscle.com\/blogcle\/wp-json\/wp\/v2\/comments?post=43"}],"version-history":[{"count":10,"href":"https:\/\/blogs.editionscle.com\/blogcle\/wp-json\/wp\/v2\/pages\/43\/revisions"}],"predecessor-version":[{"id":2777,"href":"https:\/\/blogs.editionscle.com\/blogcle\/wp-json\/wp\/v2\/pages\/43\/revisions\/2777"}],"wp:attachment":[{"href":"https:\/\/blogs.editionscle.com\/blogcle\/wp-json\/wp\/v2\/media?parent=43"}],"curies":[{"name":"wp","href":"https:\/\/api.w.org\/{rel}","templated":true}]}}