{"id":753,"date":"2018-04-03T13:21:46","date_gmt":"2018-04-03T12:21:46","guid":{"rendered":"http:\/\/blogs.editionscle.com\/blogcle\/?page_id=753"},"modified":"2018-06-06T16:14:04","modified_gmt":"2018-06-06T15:14:04","slug":"bienvenu","status":"publish","type":"page","link":"https:\/\/blogs.editionscle.com\/blogcle\/","title":{"rendered":"Bienvenu !"},"content":{"rendered":"<p>D\u00e9couvrez ci-dessous des informations sur nos livres \u00e0 para\u00eetre. Lisez les extraits de nos livres et les <a href=\"http:\/\/blogs.editionscle.com\/blogcle\/category\/articles\/\">articles de fond<\/a> en lien avec leurs th\u00e8mes.\u00a0Faites connaissance avec nos auteurs en visionnant les <a href=\"http:\/\/blogs.editionscle.com\/blogcle\/category\/videos\/entretiens\/\">entretiens exclusifs<\/a> avec nos auteurs.<\/p>\n<p>Vous repr\u00e9sentez un m\u00e9dia ? Alors, explorez les articles parus dans les <a href=\"http:\/\/blogs.editionscle.com\/blogcle\/category\/medias\/\">m\u00e9dias sur nos produits et nos communiqu\u00e9s de presse.<\/a><\/p>\n<p>Le prochain livre de Cl\u00e9 \u00e0 d\u00e9couvrir sera\u00a0<strong><i>Lire, prier, chanter en famille <\/i><\/strong>de Donald Witney.<\/p>\n<p><i><img loading=\"lazy\" decoding=\"async\" class=\"alignleft wp-image-992 size-medium\" src=\"http:\/\/blogs.editionscle.com\/blogcle\/wp-content\/uploads\/sites\/2\/2018\/06\/0127.ip_-202x300.png\" alt=\"Couverture du livre Livre, prier, chanter en famille\" width=\"202\" height=\"300\" \/><\/i><\/p>\n<p>&nbsp;<\/p>\n<p>&nbsp;<\/p>\n","protected":false},"excerpt":{"rendered":"<p>D\u00e9couvrez ci-dessous des informations sur nos livres \u00e0 para\u00eetre. Lisez les extraits de nos livres et les articles de fond en lien avec leurs th\u00e8mes.\u00a0Faites connaissance avec nos auteurs en visionnant les entretiens exclusifs avec nos auteurs. Vous repr\u00e9sentez un m\u00e9dia ? Alors, explorez les articles parus dans les m\u00e9dias sur nos produits et nos [&hellip;]<\/p>\n","protected":false},"author":1,"featured_media":0,"parent":0,"menu_order":0,"comment_status":"closed","ping_status":"closed","template":"","meta":{"footnotes":""},"class_list":["post-753","page","type-page","status-publish","hentry"],"yoast_head":"<!-- This site is optimized with the Yoast SEO plugin v27.3 - https:\/\/yoast.com\/product\/yoast-seo-wordpress\/ -->\n<title>Bienvenu ! - Blog des \u00c9ditions Cl\u00e9<\/title>\n<meta name=\"robots\" content=\"index, follow, max-snippet:-1, max-image-preview:large, max-video-preview:-1\" \/>\n<link rel=\"canonical\" href=\"https:\/\/blogs.editionscle.com\/blogcle\/\" \/>\n<meta property=\"og:locale\" content=\"fr_FR\" \/>\n<meta property=\"og:type\" content=\"article\" \/>\n<meta property=\"og:title\" content=\"Bienvenu ! - Blog des \u00c9ditions Cl\u00e9\" \/>\n<meta property=\"og:description\" content=\"D\u00e9couvrez ci-dessous des informations sur nos livres \u00e0 para\u00eetre. Lisez les extraits de nos livres et les articles de fond en lien avec leurs th\u00e8mes.\u00a0Faites connaissance avec nos auteurs en visionnant les entretiens exclusifs avec nos auteurs. Vous repr\u00e9sentez un m\u00e9dia ? Alors, explorez les articles parus dans les m\u00e9dias sur nos produits et nos [&hellip;]\" \/>\n<meta property=\"og:url\" content=\"https:\/\/blogs.editionscle.com\/blogcle\/\" \/>\n<meta property=\"og:site_name\" content=\"Blog des \u00c9ditions Cl\u00e9\" \/>\n<meta property=\"article:publisher\" content=\"https:\/\/www.facebook.com\/editionscle\" \/>\n<meta property=\"article:modified_time\" content=\"2018-06-06T15:14:04+00:00\" \/>\n<meta property=\"og:image\" content=\"http:\/\/blogs.editionscle.com\/blogcle\/wp-content\/uploads\/sites\/2\/2018\/06\/0127.ip_-202x300.png\" \/>\n<meta name=\"twitter:card\" content=\"summary_large_image\" \/>\n<meta name=\"twitter:site\" content=\"@editionscle\" \/>\n<script type=\"application\/ld+json\" class=\"yoast-schema-graph\">{\"@context\":\"https:\\\/\\\/schema.org\",\"@graph\":[{\"@type\":\"WebPage\",\"@id\":\"https:\\\/\\\/blogs.editionscle.com\\\/blogcle\\\/\",\"url\":\"https:\\\/\\\/blogs.editionscle.com\\\/blogcle\\\/\",\"name\":\"Bienvenu ! - Blog des \u00c9ditions Cl\u00e9\",\"isPartOf\":{\"@id\":\"https:\\\/\\\/blogs.editionscle.com\\\/blogcle\\\/#website\"},\"primaryImageOfPage\":{\"@id\":\"https:\\\/\\\/blogs.editionscle.com\\\/blogcle\\\/#primaryimage\"},\"image\":{\"@id\":\"https:\\\/\\\/blogs.editionscle.com\\\/blogcle\\\/#primaryimage\"},\"thumbnailUrl\":\"http:\\\/\\\/blogs.editionscle.com\\\/blogcle\\\/wp-content\\\/uploads\\\/sites\\\/2\\\/2018\\\/06\\\/0127.ip_-202x300.png\",\"datePublished\":\"2018-04-03T12:21:46+00:00\",\"dateModified\":\"2018-06-06T15:14:04+00:00\",\"breadcrumb\":{\"@id\":\"https:\\\/\\\/blogs.editionscle.com\\\/blogcle\\\/#breadcrumb\"},\"inLanguage\":\"fr-FR\",\"potentialAction\":[{\"@type\":\"ReadAction\",\"target\":[\"https:\\\/\\\/blogs.editionscle.com\\\/blogcle\\\/\"]}]},{\"@type\":\"ImageObject\",\"inLanguage\":\"fr-FR\",\"@id\":\"https:\\\/\\\/blogs.editionscle.com\\\/blogcle\\\/#primaryimage\",\"url\":\"http:\\\/\\\/blogs.editionscle.com\\\/blogcle\\\/wp-content\\\/uploads\\\/sites\\\/2\\\/2018\\\/06\\\/0127.ip_-202x300.png\",\"contentUrl\":\"http:\\\/\\\/blogs.editionscle.com\\\/blogcle\\\/wp-content\\\/uploads\\\/sites\\\/2\\\/2018\\\/06\\\/0127.ip_-202x300.png\"},{\"@type\":\"BreadcrumbList\",\"@id\":\"https:\\\/\\\/blogs.editionscle.com\\\/blogcle\\\/#breadcrumb\",\"itemListElement\":[{\"@type\":\"ListItem\",\"position\":1,\"name\":\"Accueil\",\"item\":\"https:\\\/\\\/blogs.editionscle.com\\\/blogcle\\\/\"},{\"@type\":\"ListItem\",\"position\":2,\"name\":\"Bienvenu !\"}]},{\"@type\":\"WebSite\",\"@id\":\"https:\\\/\\\/blogs.editionscle.com\\\/blogcle\\\/#website\",\"url\":\"https:\\\/\\\/blogs.editionscle.com\\\/blogcle\\\/\",\"name\":\"Blog des \u00c9ditions Cl\u00e9\",\"description\":\"Livres et logiciels pour comprendre la Bible\",\"publisher\":{\"@id\":\"https:\\\/\\\/blogs.editionscle.com\\\/blogcle\\\/#organization\"},\"potentialAction\":[{\"@type\":\"SearchAction\",\"target\":{\"@type\":\"EntryPoint\",\"urlTemplate\":\"https:\\\/\\\/blogs.editionscle.com\\\/blogcle\\\/?s={search_term_string}\"},\"query-input\":{\"@type\":\"PropertyValueSpecification\",\"valueRequired\":true,\"valueName\":\"search_term_string\"}}],\"inLanguage\":\"fr-FR\"},{\"@type\":\"Organization\",\"@id\":\"https:\\\/\\\/blogs.editionscle.com\\\/blogcle\\\/#organization\",\"name\":\"Editions Cl\u00e9\",\"url\":\"https:\\\/\\\/blogs.editionscle.com\\\/blogcle\\\/\",\"logo\":{\"@type\":\"ImageObject\",\"inLanguage\":\"fr-FR\",\"@id\":\"https:\\\/\\\/blogs.editionscle.com\\\/blogcle\\\/#\\\/schema\\\/logo\\\/image\\\/\",\"url\":\"https:\\\/\\\/blogs.editionscle.com\\\/blogcle\\\/wp-content\\\/uploads\\\/sites\\\/2\\\/2018\\\/03\\\/Profil_facebookcle.png\",\"contentUrl\":\"https:\\\/\\\/blogs.editionscle.com\\\/blogcle\\\/wp-content\\\/uploads\\\/sites\\\/2\\\/2018\\\/03\\\/Profil_facebookcle.png\",\"width\":375,\"height\":375,\"caption\":\"Editions Cl\u00e9\"},\"image\":{\"@id\":\"https:\\\/\\\/blogs.editionscle.com\\\/blogcle\\\/#\\\/schema\\\/logo\\\/image\\\/\"},\"sameAs\":[\"https:\\\/\\\/www.facebook.com\\\/editionscle\",\"https:\\\/\\\/x.com\\\/editionscle\",\"https:\\\/\\\/www.youtube.com\\\/user\\\/EditionsCle\"]}]}<\/script>\n<!-- \/ Yoast SEO plugin. -->","yoast_head_json":{"title":"Bienvenu ! - Blog des \u00c9ditions Cl\u00e9","robots":{"index":"index","follow":"follow","max-snippet":"max-snippet:-1","max-image-preview":"max-image-preview:large","max-video-preview":"max-video-preview:-1"},"canonical":"https:\/\/blogs.editionscle.com\/blogcle\/","og_locale":"fr_FR","og_type":"article","og_title":"Bienvenu ! - Blog des \u00c9ditions Cl\u00e9","og_description":"D\u00e9couvrez ci-dessous des informations sur nos livres \u00e0 para\u00eetre. Lisez les extraits de nos livres et les articles de fond en lien avec leurs th\u00e8mes.\u00a0Faites connaissance avec nos auteurs en visionnant les entretiens exclusifs avec nos auteurs. Vous repr\u00e9sentez un m\u00e9dia ? Alors, explorez les articles parus dans les m\u00e9dias sur nos produits et nos [&hellip;]","og_url":"https:\/\/blogs.editionscle.com\/blogcle\/","og_site_name":"Blog des \u00c9ditions Cl\u00e9","article_publisher":"https:\/\/www.facebook.com\/editionscle","article_modified_time":"2018-06-06T15:14:04+00:00","og_image":[{"url":"http:\/\/blogs.editionscle.com\/blogcle\/wp-content\/uploads\/sites\/2\/2018\/06\/0127.ip_-202x300.png","type":"","width":"","height":""}],"twitter_card":"summary_large_image","twitter_site":"@editionscle","schema":{"@context":"https:\/\/schema.org","@graph":[{"@type":"WebPage","@id":"https:\/\/blogs.editionscle.com\/blogcle\/","url":"https:\/\/blogs.editionscle.com\/blogcle\/","name":"Bienvenu ! - Blog des \u00c9ditions Cl\u00e9","isPartOf":{"@id":"https:\/\/blogs.editionscle.com\/blogcle\/#website"},"primaryImageOfPage":{"@id":"https:\/\/blogs.editionscle.com\/blogcle\/#primaryimage"},"image":{"@id":"https:\/\/blogs.editionscle.com\/blogcle\/#primaryimage"},"thumbnailUrl":"http:\/\/blogs.editionscle.com\/blogcle\/wp-content\/uploads\/sites\/2\/2018\/06\/0127.ip_-202x300.png","datePublished":"2018-04-03T12:21:46+00:00","dateModified":"2018-06-06T15:14:04+00:00","breadcrumb":{"@id":"https:\/\/blogs.editionscle.com\/blogcle\/#breadcrumb"},"inLanguage":"fr-FR","potentialAction":[{"@type":"ReadAction","target":["https:\/\/blogs.editionscle.com\/blogcle\/"]}]},{"@type":"ImageObject","inLanguage":"fr-FR","@id":"https:\/\/blogs.editionscle.com\/blogcle\/#primaryimage","url":"http:\/\/blogs.editionscle.com\/blogcle\/wp-content\/uploads\/sites\/2\/2018\/06\/0127.ip_-202x300.png","contentUrl":"http:\/\/blogs.editionscle.com\/blogcle\/wp-content\/uploads\/sites\/2\/2018\/06\/0127.ip_-202x300.png"},{"@type":"BreadcrumbList","@id":"https:\/\/blogs.editionscle.com\/blogcle\/#breadcrumb","itemListElement":[{"@type":"ListItem","position":1,"name":"Accueil","item":"https:\/\/blogs.editionscle.com\/blogcle\/"},{"@type":"ListItem","position":2,"name":"Bienvenu !"}]},{"@type":"WebSite","@id":"https:\/\/blogs.editionscle.com\/blogcle\/#website","url":"https:\/\/blogs.editionscle.com\/blogcle\/","name":"Blog des \u00c9ditions Cl\u00e9","description":"Livres et logiciels pour comprendre la Bible","publisher":{"@id":"https:\/\/blogs.editionscle.com\/blogcle\/#organization"},"potentialAction":[{"@type":"SearchAction","target":{"@type":"EntryPoint","urlTemplate":"https:\/\/blogs.editionscle.com\/blogcle\/?s={search_term_string}"},"query-input":{"@type":"PropertyValueSpecification","valueRequired":true,"valueName":"search_term_string"}}],"inLanguage":"fr-FR"},{"@type":"Organization","@id":"https:\/\/blogs.editionscle.com\/blogcle\/#organization","name":"Editions Cl\u00e9","url":"https:\/\/blogs.editionscle.com\/blogcle\/","logo":{"@type":"ImageObject","inLanguage":"fr-FR","@id":"https:\/\/blogs.editionscle.com\/blogcle\/#\/schema\/logo\/image\/","url":"https:\/\/blogs.editionscle.com\/blogcle\/wp-content\/uploads\/sites\/2\/2018\/03\/Profil_facebookcle.png","contentUrl":"https:\/\/blogs.editionscle.com\/blogcle\/wp-content\/uploads\/sites\/2\/2018\/03\/Profil_facebookcle.png","width":375,"height":375,"caption":"Editions Cl\u00e9"},"image":{"@id":"https:\/\/blogs.editionscle.com\/blogcle\/#\/schema\/logo\/image\/"},"sameAs":["https:\/\/www.facebook.com\/editionscle","https:\/\/x.com\/editionscle","https:\/\/www.youtube.com\/user\/EditionsCle"]}]}},"_links":{"self":[{"href":"https:\/\/blogs.editionscle.com\/blogcle\/wp-json\/wp\/v2\/pages\/753","targetHints":{"allow":["GET"]}}],"collection":[{"href":"https:\/\/blogs.editionscle.com\/blogcle\/wp-json\/wp\/v2\/pages"}],"about":[{"href":"https:\/\/blogs.editionscle.com\/blogcle\/wp-json\/wp\/v2\/types\/page"}],"author":[{"embeddable":true,"href":"https:\/\/blogs.editionscle.com\/blogcle\/wp-json\/wp\/v2\/users\/1"}],"replies":[{"embeddable":true,"href":"https:\/\/blogs.editionscle.com\/blogcle\/wp-json\/wp\/v2\/comments?post=753"}],"version-history":[{"count":6,"href":"https:\/\/blogs.editionscle.com\/blogcle\/wp-json\/wp\/v2\/pages\/753\/revisions"}],"predecessor-version":[{"id":994,"href":"https:\/\/blogs.editionscle.com\/blogcle\/wp-json\/wp\/v2\/pages\/753\/revisions\/994"}],"wp:attachment":[{"href":"https:\/\/blogs.editionscle.com\/blogcle\/wp-json\/wp\/v2\/media?parent=753"}],"curies":[{"name":"wp","href":"https:\/\/api.w.org\/{rel}","templated":true}]}}