{"id":113,"date":"2014-11-04T13:08:38","date_gmt":"2014-11-04T13:08:38","guid":{"rendered":"http:\/\/editionscle.com\/logos\/?page_id=113"},"modified":"2021-02-05T14:57:01","modified_gmt":"2021-02-05T14:57:01","slug":"bienvenue","status":"publish","type":"page","link":"https:\/\/blogs.editionscle.com\/logos\/","title":{"rendered":"Quoi de neuf dans l&rsquo;espace Logos ?"},"content":{"rendered":"\n<h2 class=\"wp-block-heading\">D\u00e9couvrez les derni\u00e8res vid\u00e9os en fran\u00e7ais de pr\u00e9sentation de Logos.<\/h2>\n\n\n\n<hr class=\"wp-block-separator\"\/>\n\n\n\n<figure class=\"wp-block-embed is-type-video is-provider-youtube wp-block-embed-youtube wp-embed-aspect-16-9 wp-has-aspect-ratio\"><div class=\"wp-block-embed__wrapper\">\n<iframe loading=\"lazy\" title=\"\u00c9ditions Cl\u00e9 Produits Logos en fran\u00e7ais\u00a0: 2 packs et 2 collections\" width=\"474\" height=\"267\" src=\"https:\/\/www.youtube.com\/embed\/IQ56rkH_f-M?list=PLZoXS2yR36aJF747HscACEbGPv6G45SvV\" frameborder=\"0\" allow=\"accelerometer; autoplay; clipboard-write; encrypted-media; gyroscope; picture-in-picture; web-share\" referrerpolicy=\"strict-origin-when-cross-origin\" allowfullscreen><\/iframe>\n<\/div><\/figure>\n\n\n\n<p><\/p>\n\n\n\n<h2 class=\"wp-block-heading\">Logos 9 basic (gratuit) est disponible<\/h2>\n\n\n\n<p>Si vous avez d\u00e9j\u00e0 une ancienne version de Logos 6, 7  ou 8 essayez le moteur 9 de Logos, il est gratuit.<\/p>\n\n\n\n<p><a href=\"https:\/\/www.logos.com\/product\/194909\/logos-9-basic\">https:\/\/www.logos.com\/product\/194909\/logos-9-basic<\/a><\/p>\n\n\n\n<h2 class=\"wp-block-heading\"><span style=\"color: #000000;\"><strong><span class=\"has-inline-color has-black-color\">La Collection des Cl\u00e9-Professionnel est disponible.<\/span><\/strong><\/span><\/h2>\n\n\n\n<div class=\"wp-block-image\"><figure class=\"alignleft\"><a href=\"http:\/\/editionscle.com\/home\/256-collection-cle-professionnel-logos.html\"><img loading=\"lazy\" decoding=\"async\" width=\"213\" height=\"300\" src=\"http:\/\/blogs.editionscle.com\/logos\/wp-content\/uploads\/sites\/3\/2014\/11\/LogoCollClePro-213x300.jpg\" alt=\"\" class=\"wp-image-761\" srcset=\"https:\/\/blogs.editionscle.com\/logos\/wp-content\/uploads\/sites\/3\/2014\/11\/LogoCollClePro-213x300.jpg 213w, https:\/\/blogs.editionscle.com\/logos\/wp-content\/uploads\/sites\/3\/2014\/11\/LogoCollClePro.jpg 600w\" sizes=\"auto, (max-width: 213px) 100vw, 213px\" \/><\/a><\/figure><\/div>\n\n\n\n<h4 class=\"wp-block-heading\">&nbsp;<\/h4>\n\n\n\n<h2 class=\"wp-block-heading\"><span style=\"color: #3366ff;\"><span class=\"has-inline-color has-black-color\">La Collection des MacArthur est disponible<code> <\/code>!<\/span><\/span><\/h2>\n\n\n\n<h4 class=\"wp-block-heading\"><span style=\"color: #3366ff;\"><a href=\"http:\/\/editionscle.com\/home\/246-collection-cle-commentaires-macarthur-du-nt.html\"><img loading=\"lazy\" decoding=\"async\" class=\"wp-image-735 size-medium alignleft\" src=\"http:\/\/blogs.editionscle.com\/logos\/wp-content\/uploads\/sites\/3\/2014\/11\/LogosMacArthur2-213x300.jpg\" alt=\"Logos Cle\u0301 PMacArthur\" width=\"213\" height=\"300\" srcset=\"https:\/\/blogs.editionscle.com\/logos\/wp-content\/uploads\/sites\/3\/2014\/11\/LogosMacArthur2-213x300.jpg 213w, https:\/\/blogs.editionscle.com\/logos\/wp-content\/uploads\/sites\/3\/2014\/11\/LogosMacArthur2.jpg 300w\" sizes=\"auto, (max-width: 213px) 100vw, 213px\" \/><\/a><\/span><\/h4>\n\n\n\n<p class=\"has-text-align-center\">D\u00e9couvrez ci-dessous sa vid\u00e9o de pr\u00e9sentation<\/p>\n\n\n\n<p><iframe loading=\"lazy\" src=\"https:\/\/www.youtube.com\/embed\/s8JJS_ZroQg\" width=\"430\" height=\"240\" frameborder=\"0\" allowfullscreen=\"allowfullscreen\"><\/iframe><\/p>\n\n\n\n<h4 class=\"wp-block-heading\"><a href=\"https:\/\/www.centre-evangelique.fr\"><span style=\"color: #3366ff;\">D\u00e9monstration Logos au stand des \u00c9ditions Cl\u00e9 au CEIA (quand le salon est en pr\u00e9sentiel :).<\/span><\/a><\/h4>\n\n\n\n<h2 class=\"font_2 wp-block-heading\">&nbsp;<\/h2>\n\n\n\n<div class=\"wp-block-image\"><figure class=\"alignleft\"><a href=\"http:\/\/blogs.editionscle.com\/blogcle\/centre-evangelique-ceia-a-dammarie-les-lys-retrouvez-les-editions-cle-et-les-demos-logos\/\"><img loading=\"lazy\" decoding=\"async\" width=\"1024\" height=\"764\" src=\"http:\/\/blogs.editionscle.com\/logos\/wp-content\/uploads\/sites\/3\/2014\/11\/StandCleLognes2014P3-1024x764.jpg\" alt=\"StandCleLognes2014P3\" class=\"wp-image-433\" srcset=\"https:\/\/blogs.editionscle.com\/logos\/wp-content\/uploads\/sites\/3\/2014\/11\/StandCleLognes2014P3-1024x764.jpg 1024w, https:\/\/blogs.editionscle.com\/logos\/wp-content\/uploads\/sites\/3\/2014\/11\/StandCleLognes2014P3-300x224.jpg 300w\" sizes=\"auto, (max-width: 1024px) 100vw, 1024px\" \/><\/a><figcaption>Cliquez pour avoir plus d&rsquo;information<\/figcaption><\/figure><\/div>\n\n\n\n<p><\/p>\n\n\n\n<p><\/p>\n\n\n\n<h2 class=\"wp-block-heading\"><strong>Br\u00e8ves :<\/strong><\/h2>\n\n\n\n<h4 class=\"wp-block-heading\"><span style=\"color: #3366ff;\"><strong>Formation Logos propos\u00e9e par S. Kapitanuk du\u00a0site Tout Pour Sa gloire<\/strong><\/span><\/h4>\n\n\n\n<h4 class=\"wp-block-heading\"><span style=\"color: #3366ff;\">Articles et tutoriels autour du logiciel biblique Logos<\/span><\/h4>\n\n\n\n<p><a href=\"http:\/\/timotheeminard.com\/bible-tech\/logiciels-bibliques\/presentation\/logos\/\">D\u00e9couvrez l&rsquo;excellent blog de T. Minard d\u00e9di\u00e9 \u00e0 Logos<\/a><\/p>\n\n\n\n<p>Derniers articles publi\u00e9s :<br \/><a href=\"http:\/\/timotheeminard.com\/logos-7-presentation-nouveautes\/\">Une pr\u00e9sentation des nouveaut\u00e9s de Logos 7.<br \/><\/a><a href=\"http:\/\/timotheeminard.com\/guide-faire-recherches-logos\/\">Un guide d\u00e9taill\u00e9 pour faire des recherches avanc\u00e9es sous Logos.<\/a><\/p>\n\n\n\n<div class=\"wp-block-image\"><figure class=\"alignleft\"><a href=\"https:\/\/www.youtube.com\/watch?v=IQ56rkH_f-M&amp;list=PLZoXS2yR36aJF747HscACEbGPv6G45SvV\"><img loading=\"lazy\" decoding=\"async\" width=\"300\" height=\"185\" src=\"https:\/\/blogs.editionscle.com\/logos\/wp-content\/uploads\/sites\/3\/2021\/02\/FormationImg-Copie-300x185.jpg\" alt=\"\" class=\"wp-image-831\" srcset=\"https:\/\/blogs.editionscle.com\/logos\/wp-content\/uploads\/sites\/3\/2021\/02\/FormationImg-Copie-300x185.jpg 300w, https:\/\/blogs.editionscle.com\/logos\/wp-content\/uploads\/sites\/3\/2021\/02\/FormationImg-Copie.jpg 313w\" sizes=\"auto, (max-width: 300px) 100vw, 300px\" \/><\/a><\/figure><\/div>\n\n\n\n<p><span style=\"color: #008080;\"><strong>Ressources gratuites \u00e0 d\u00e9couvrir :&nbsp;<\/strong><\/span>Dictionnaire, bibles anglaise, grec, lexique, latin, etc. Cliquez sur le menu <a title=\"Ressources gratuites !\" href=\"http:\/\/www.editionscle.com\/logos\/?page_id=20\">Ressources gratuites<\/a>&nbsp;pour&nbsp;avoir plus d&rsquo;information.<\/p>\n\n\n\n<hr class=\"wp-block-separator\"\/>\n\n\n\n<p><\/p>\n","protected":false},"excerpt":{"rendered":"<p>D\u00e9couvrez les derni\u00e8res vid\u00e9os en fran\u00e7ais de pr\u00e9sentation de Logos. Logos 9 basic (gratuit) est disponible Si vous avez d\u00e9j\u00e0 une ancienne version de Logos 6, 7 ou 8 essayez le moteur 9 de Logos, il est gratuit. https:\/\/www.logos.com\/product\/194909\/logos-9-basic La Collection des Cl\u00e9-Professionnel est disponible. &nbsp; La Collection des MacArthur est disponible ! D\u00e9couvrez ci-dessous &hellip; <a href=\"https:\/\/blogs.editionscle.com\/logos\/\" class=\"more-link\">Continuer la lecture de <span class=\"screen-reader-text\">Quoi de neuf dans l&rsquo;espace Logos ?<\/span>  <span class=\"meta-nav\">&rarr;<\/span><\/a><\/p>\n","protected":false},"author":1,"featured_media":0,"parent":0,"menu_order":0,"comment_status":"closed","ping_status":"closed","template":"","meta":{"footnotes":""},"class_list":["post-113","page","type-page","status-publish","hentry"],"yoast_head":"<!-- This site is optimized with the Yoast SEO plugin v27.4 - https:\/\/yoast.com\/product\/yoast-seo-wordpress\/ -->\n<title>Quoi de neuf dans l&#039;espace Logos ? - Espace Logos<\/title>\n<meta name=\"robots\" content=\"index, follow, max-snippet:-1, max-image-preview:large, max-video-preview:-1\" \/>\n<link rel=\"canonical\" href=\"https:\/\/blogs.editionscle.com\/logos\/\" \/>\n<meta property=\"og:locale\" content=\"fr_FR\" \/>\n<meta property=\"og:type\" content=\"article\" \/>\n<meta property=\"og:title\" content=\"Quoi de neuf dans l&#039;espace Logos ? - Espace Logos\" \/>\n<meta property=\"og:description\" content=\"D\u00e9couvrez les derni\u00e8res vid\u00e9os en fran\u00e7ais de pr\u00e9sentation de Logos. Logos 9 basic (gratuit) est disponible Si vous avez d\u00e9j\u00e0 une ancienne version de Logos 6, 7 ou 8 essayez le moteur 9 de Logos, il est gratuit. https:\/\/www.logos.com\/product\/194909\/logos-9-basic La Collection des Cl\u00e9-Professionnel est disponible. &nbsp; La Collection des MacArthur est disponible ! D\u00e9couvrez ci-dessous &hellip; Continuer la lecture de Quoi de neuf dans l&rsquo;espace Logos ? &rarr;\" \/>\n<meta property=\"og:url\" content=\"https:\/\/blogs.editionscle.com\/logos\/\" \/>\n<meta property=\"og:site_name\" content=\"Espace Logos\" \/>\n<meta property=\"article:modified_time\" content=\"2021-02-05T14:57:01+00:00\" \/>\n<meta property=\"og:image\" content=\"http:\/\/blogs.editionscle.com\/logos\/wp-content\/uploads\/sites\/3\/2014\/11\/LogoCollClePro-213x300.jpg\" \/>\n<meta name=\"twitter:card\" content=\"summary_large_image\" \/>\n<meta name=\"twitter:label1\" content=\"Dur\u00e9e de lecture estim\u00e9e\" \/>\n\t<meta name=\"twitter:data1\" content=\"2 minutes\" \/>\n<script type=\"application\/ld+json\" class=\"yoast-schema-graph\">{\"@context\":\"https:\\\/\\\/schema.org\",\"@graph\":[{\"@type\":\"WebPage\",\"@id\":\"https:\\\/\\\/blogs.editionscle.com\\\/logos\\\/\",\"url\":\"https:\\\/\\\/blogs.editionscle.com\\\/logos\\\/\",\"name\":\"Quoi de neuf dans l'espace Logos ? - Espace Logos\",\"isPartOf\":{\"@id\":\"https:\\\/\\\/blogs.editionscle.com\\\/logos\\\/#website\"},\"primaryImageOfPage\":{\"@id\":\"https:\\\/\\\/blogs.editionscle.com\\\/logos\\\/#primaryimage\"},\"image\":{\"@id\":\"https:\\\/\\\/blogs.editionscle.com\\\/logos\\\/#primaryimage\"},\"thumbnailUrl\":\"http:\\\/\\\/blogs.editionscle.com\\\/logos\\\/wp-content\\\/uploads\\\/sites\\\/3\\\/2014\\\/11\\\/LogoCollClePro-213x300.jpg\",\"datePublished\":\"2014-11-04T13:08:38+00:00\",\"dateModified\":\"2021-02-05T14:57:01+00:00\",\"breadcrumb\":{\"@id\":\"https:\\\/\\\/blogs.editionscle.com\\\/logos\\\/#breadcrumb\"},\"inLanguage\":\"fr-FR\",\"potentialAction\":[{\"@type\":\"ReadAction\",\"target\":[\"https:\\\/\\\/blogs.editionscle.com\\\/logos\\\/\"]}]},{\"@type\":\"ImageObject\",\"inLanguage\":\"fr-FR\",\"@id\":\"https:\\\/\\\/blogs.editionscle.com\\\/logos\\\/#primaryimage\",\"url\":\"https:\\\/\\\/blogs.editionscle.com\\\/logos\\\/wp-content\\\/uploads\\\/sites\\\/3\\\/2014\\\/11\\\/LogoCollClePro.jpg\",\"contentUrl\":\"https:\\\/\\\/blogs.editionscle.com\\\/logos\\\/wp-content\\\/uploads\\\/sites\\\/3\\\/2014\\\/11\\\/LogoCollClePro.jpg\",\"width\":600,\"height\":846},{\"@type\":\"BreadcrumbList\",\"@id\":\"https:\\\/\\\/blogs.editionscle.com\\\/logos\\\/#breadcrumb\",\"itemListElement\":[{\"@type\":\"ListItem\",\"position\":1,\"name\":\"Accueil\",\"item\":\"https:\\\/\\\/blogs.editionscle.com\\\/logos\\\/\"},{\"@type\":\"ListItem\",\"position\":2,\"name\":\"Quoi de neuf dans l&rsquo;espace Logos ?\"}]},{\"@type\":\"WebSite\",\"@id\":\"https:\\\/\\\/blogs.editionscle.com\\\/logos\\\/#website\",\"url\":\"https:\\\/\\\/blogs.editionscle.com\\\/logos\\\/\",\"name\":\"Espace Logos\",\"description\":\"Tout sur la version fran\u00e7aise\",\"potentialAction\":[{\"@type\":\"SearchAction\",\"target\":{\"@type\":\"EntryPoint\",\"urlTemplate\":\"https:\\\/\\\/blogs.editionscle.com\\\/logos\\\/?s={search_term_string}\"},\"query-input\":{\"@type\":\"PropertyValueSpecification\",\"valueRequired\":true,\"valueName\":\"search_term_string\"}}],\"inLanguage\":\"fr-FR\"}]}<\/script>\n<!-- \/ Yoast SEO plugin. -->","yoast_head_json":{"title":"Quoi de neuf dans l'espace Logos ? - Espace Logos","robots":{"index":"index","follow":"follow","max-snippet":"max-snippet:-1","max-image-preview":"max-image-preview:large","max-video-preview":"max-video-preview:-1"},"canonical":"https:\/\/blogs.editionscle.com\/logos\/","og_locale":"fr_FR","og_type":"article","og_title":"Quoi de neuf dans l'espace Logos ? - Espace Logos","og_description":"D\u00e9couvrez les derni\u00e8res vid\u00e9os en fran\u00e7ais de pr\u00e9sentation de Logos. Logos 9 basic (gratuit) est disponible Si vous avez d\u00e9j\u00e0 une ancienne version de Logos 6, 7 ou 8 essayez le moteur 9 de Logos, il est gratuit. https:\/\/www.logos.com\/product\/194909\/logos-9-basic La Collection des Cl\u00e9-Professionnel est disponible. &nbsp; La Collection des MacArthur est disponible ! D\u00e9couvrez ci-dessous &hellip; Continuer la lecture de Quoi de neuf dans l&rsquo;espace Logos ? &rarr;","og_url":"https:\/\/blogs.editionscle.com\/logos\/","og_site_name":"Espace Logos","article_modified_time":"2021-02-05T14:57:01+00:00","og_image":[{"url":"http:\/\/blogs.editionscle.com\/logos\/wp-content\/uploads\/sites\/3\/2014\/11\/LogoCollClePro-213x300.jpg","type":"","width":"","height":""}],"twitter_card":"summary_large_image","twitter_misc":{"Dur\u00e9e de lecture estim\u00e9e":"2 minutes"},"schema":{"@context":"https:\/\/schema.org","@graph":[{"@type":"WebPage","@id":"https:\/\/blogs.editionscle.com\/logos\/","url":"https:\/\/blogs.editionscle.com\/logos\/","name":"Quoi de neuf dans l'espace Logos ? - Espace Logos","isPartOf":{"@id":"https:\/\/blogs.editionscle.com\/logos\/#website"},"primaryImageOfPage":{"@id":"https:\/\/blogs.editionscle.com\/logos\/#primaryimage"},"image":{"@id":"https:\/\/blogs.editionscle.com\/logos\/#primaryimage"},"thumbnailUrl":"http:\/\/blogs.editionscle.com\/logos\/wp-content\/uploads\/sites\/3\/2014\/11\/LogoCollClePro-213x300.jpg","datePublished":"2014-11-04T13:08:38+00:00","dateModified":"2021-02-05T14:57:01+00:00","breadcrumb":{"@id":"https:\/\/blogs.editionscle.com\/logos\/#breadcrumb"},"inLanguage":"fr-FR","potentialAction":[{"@type":"ReadAction","target":["https:\/\/blogs.editionscle.com\/logos\/"]}]},{"@type":"ImageObject","inLanguage":"fr-FR","@id":"https:\/\/blogs.editionscle.com\/logos\/#primaryimage","url":"https:\/\/blogs.editionscle.com\/logos\/wp-content\/uploads\/sites\/3\/2014\/11\/LogoCollClePro.jpg","contentUrl":"https:\/\/blogs.editionscle.com\/logos\/wp-content\/uploads\/sites\/3\/2014\/11\/LogoCollClePro.jpg","width":600,"height":846},{"@type":"BreadcrumbList","@id":"https:\/\/blogs.editionscle.com\/logos\/#breadcrumb","itemListElement":[{"@type":"ListItem","position":1,"name":"Accueil","item":"https:\/\/blogs.editionscle.com\/logos\/"},{"@type":"ListItem","position":2,"name":"Quoi de neuf dans l&rsquo;espace Logos ?"}]},{"@type":"WebSite","@id":"https:\/\/blogs.editionscle.com\/logos\/#website","url":"https:\/\/blogs.editionscle.com\/logos\/","name":"Espace Logos","description":"Tout sur la version fran\u00e7aise","potentialAction":[{"@type":"SearchAction","target":{"@type":"EntryPoint","urlTemplate":"https:\/\/blogs.editionscle.com\/logos\/?s={search_term_string}"},"query-input":{"@type":"PropertyValueSpecification","valueRequired":true,"valueName":"search_term_string"}}],"inLanguage":"fr-FR"}]}},"_links":{"self":[{"href":"https:\/\/blogs.editionscle.com\/logos\/wp-json\/wp\/v2\/pages\/113","targetHints":{"allow":["GET"]}}],"collection":[{"href":"https:\/\/blogs.editionscle.com\/logos\/wp-json\/wp\/v2\/pages"}],"about":[{"href":"https:\/\/blogs.editionscle.com\/logos\/wp-json\/wp\/v2\/types\/page"}],"author":[{"embeddable":true,"href":"https:\/\/blogs.editionscle.com\/logos\/wp-json\/wp\/v2\/users\/1"}],"replies":[{"embeddable":true,"href":"https:\/\/blogs.editionscle.com\/logos\/wp-json\/wp\/v2\/comments?post=113"}],"version-history":[{"count":9,"href":"https:\/\/blogs.editionscle.com\/logos\/wp-json\/wp\/v2\/pages\/113\/revisions"}],"predecessor-version":[{"id":842,"href":"https:\/\/blogs.editionscle.com\/logos\/wp-json\/wp\/v2\/pages\/113\/revisions\/842"}],"wp:attachment":[{"href":"https:\/\/blogs.editionscle.com\/logos\/wp-json\/wp\/v2\/media?parent=113"}],"curies":[{"name":"wp","href":"https:\/\/api.w.org\/{rel}","templated":true}]}}