{"id":173,"date":"2014-11-05T15:38:17","date_gmt":"2014-11-05T15:38:17","guid":{"rendered":"http:\/\/editionscle.com\/logos\/?page_id=173"},"modified":"2014-12-31T13:42:34","modified_gmt":"2014-12-31T13:42:34","slug":"pack-cle-decouverte","status":"publish","type":"page","link":"https:\/\/blogs.editionscle.com\/logos\/pack-cle-decouverte\/","title":{"rendered":"Pack Cl\u00e9-D\u00e9couverte"},"content":{"rendered":"<h4>Achetez puis t\u00e9l\u00e9chargez le pack Cl\u00e9-D\u00e9couverte<\/h4>\n<p><a title=\"Pack Cl\u00e9-D\u00e9couverte\" href=\"https:\/\/www.logos.com\/product\/32886\/pack-cle-decouverte\" target=\"_blank\"><img loading=\"lazy\" decoding=\"async\" class=\"size-medium wp-image-67 alignnone\" src=\"http:\/\/www.editionscle.com\/logos\/wp-content\/uploads\/2014\/10\/LogoPackCleDecouverte-210x300.jpg\" alt=\"LogoPackCleDecouverte\" width=\"210\" height=\"300\" srcset=\"https:\/\/blogs.editionscle.com\/logos\/wp-content\/uploads\/sites\/3\/2014\/10\/LogoPackCleDecouverte-210x300.jpg 210w, https:\/\/blogs.editionscle.com\/logos\/wp-content\/uploads\/sites\/3\/2014\/10\/LogoPackCleDecouverte.jpg 600w\" sizes=\"auto, (max-width: 210px) 100vw, 210px\" \/><\/a><\/p>\n<p>&nbsp;<\/p>\n<ul>\n<li>Le pack Cl\u00e9-D\u00e9couverte \u00e0 101,95 $ soit environ 82 \u20ac pour 22 ressources est disponible.<\/li>\n<li><strong>Si vous ne parlez pas anglais,<\/strong> avant d&rsquo;acheter le produit sur le site de Logos,\u00a0nous vous conseillons de lire <a title=\"Comment l\u2019acheter ?\" href=\"http:\/\/editionscle.com\/logos\/?page_id=188\">notre tutoriel en fran\u00e7ais<\/a>. Vous pouvez aussi t\u00e9l\u00e9phoner au +33\u00a04 37 56 25 00 et notre service client vous assistera pendant votre achat sur le site de Logos. N&rsquo;h\u00e9sitez pas, c&rsquo;est gratuit !<\/li>\n<li>Pour voir son contenu exhaustif ou pour l&rsquo;acheter cliquer<a title=\"Pack Cl\u00e9-D\u00e9couverte\" href=\"https:\/\/www.logos.com\/product\/32886\/pack-cle-decouverte\" target=\"_blank\">\u00a0ici<\/a>.<\/li>\n<\/ul>\n<h4>Installez-le en quelques minutes sur vos appareil.<\/h4>\n<ul>\n<li>Pour savoir comment faire lisez <a title=\"Installer le produit\" href=\"http:\/\/editionscle.com\/logos\/installer-le-produit-2\/\">la rubrique Installer le produit.\u00a0<\/a><\/li>\n<li>Pour consulter le pack Cl\u00e9-Premier de niveau sup\u00e9rieur\u00a0<a title=\"Pack Cl\u00e9-Premier\" href=\"http:\/\/editionscle.com\/logos\/pack-cle-premier\/\">cliquez-ici<\/a>.<\/li>\n<\/ul>\n","protected":false},"excerpt":{"rendered":"<p>Achetez puis t\u00e9l\u00e9chargez le pack Cl\u00e9-D\u00e9couverte &nbsp; Le pack Cl\u00e9-D\u00e9couverte \u00e0 101,95 $ soit environ 82 \u20ac pour 22 ressources est disponible. Si vous ne parlez pas anglais, avant d&rsquo;acheter le produit sur le site de Logos,\u00a0nous vous conseillons de lire notre tutoriel en fran\u00e7ais. Vous pouvez aussi t\u00e9l\u00e9phoner au +33\u00a04 37 56 25 00 &hellip; <a href=\"https:\/\/blogs.editionscle.com\/logos\/pack-cle-decouverte\/\" class=\"more-link\">Continuer la lecture de <span class=\"screen-reader-text\">Pack Cl\u00e9-D\u00e9couverte<\/span>  <span class=\"meta-nav\">&rarr;<\/span><\/a><\/p>\n","protected":false},"author":1,"featured_media":0,"parent":0,"menu_order":0,"comment_status":"closed","ping_status":"closed","template":"","meta":{"footnotes":""},"class_list":["post-173","page","type-page","status-publish","hentry"],"yoast_head":"<!-- This site is optimized with the Yoast SEO plugin v27.4 - https:\/\/yoast.com\/product\/yoast-seo-wordpress\/ -->\n<title>Pack Cl\u00e9-D\u00e9couverte - Espace Logos<\/title>\n<meta name=\"robots\" content=\"index, follow, max-snippet:-1, max-image-preview:large, max-video-preview:-1\" \/>\n<link rel=\"canonical\" href=\"https:\/\/blogs.editionscle.com\/logos\/pack-cle-decouverte\/\" \/>\n<meta property=\"og:locale\" content=\"fr_FR\" \/>\n<meta property=\"og:type\" content=\"article\" \/>\n<meta property=\"og:title\" content=\"Pack Cl\u00e9-D\u00e9couverte - Espace Logos\" \/>\n<meta property=\"og:description\" content=\"Achetez puis t\u00e9l\u00e9chargez le pack Cl\u00e9-D\u00e9couverte &nbsp; Le pack Cl\u00e9-D\u00e9couverte \u00e0 101,95 $ soit environ 82 \u20ac pour 22 ressources est disponible. Si vous ne parlez pas anglais, avant d&rsquo;acheter le produit sur le site de Logos,\u00a0nous vous conseillons de lire notre tutoriel en fran\u00e7ais. Vous pouvez aussi t\u00e9l\u00e9phoner au +33\u00a04 37 56 25 00 &hellip; Continuer la lecture de Pack Cl\u00e9-D\u00e9couverte &rarr;\" \/>\n<meta property=\"og:url\" content=\"https:\/\/blogs.editionscle.com\/logos\/pack-cle-decouverte\/\" \/>\n<meta property=\"og:site_name\" content=\"Espace Logos\" \/>\n<meta property=\"article:modified_time\" content=\"2014-12-31T13:42:34+00:00\" \/>\n<meta property=\"og:image\" content=\"http:\/\/www.editionscle.com\/logos\/wp-content\/uploads\/2014\/10\/LogoPackCleDecouverte-210x300.jpg\" \/>\n<meta name=\"twitter:card\" content=\"summary_large_image\" \/>\n<meta name=\"twitter:label1\" content=\"Dur\u00e9e de lecture estim\u00e9e\" \/>\n\t<meta name=\"twitter:data1\" content=\"1 minute\" \/>\n<script type=\"application\/ld+json\" class=\"yoast-schema-graph\">{\"@context\":\"https:\\\/\\\/schema.org\",\"@graph\":[{\"@type\":\"WebPage\",\"@id\":\"https:\\\/\\\/blogs.editionscle.com\\\/logos\\\/pack-cle-decouverte\\\/\",\"url\":\"https:\\\/\\\/blogs.editionscle.com\\\/logos\\\/pack-cle-decouverte\\\/\",\"name\":\"Pack Cl\u00e9-D\u00e9couverte - Espace Logos\",\"isPartOf\":{\"@id\":\"https:\\\/\\\/blogs.editionscle.com\\\/logos\\\/#website\"},\"primaryImageOfPage\":{\"@id\":\"https:\\\/\\\/blogs.editionscle.com\\\/logos\\\/pack-cle-decouverte\\\/#primaryimage\"},\"image\":{\"@id\":\"https:\\\/\\\/blogs.editionscle.com\\\/logos\\\/pack-cle-decouverte\\\/#primaryimage\"},\"thumbnailUrl\":\"http:\\\/\\\/www.editionscle.com\\\/logos\\\/wp-content\\\/uploads\\\/2014\\\/10\\\/LogoPackCleDecouverte-210x300.jpg\",\"datePublished\":\"2014-11-05T15:38:17+00:00\",\"dateModified\":\"2014-12-31T13:42:34+00:00\",\"breadcrumb\":{\"@id\":\"https:\\\/\\\/blogs.editionscle.com\\\/logos\\\/pack-cle-decouverte\\\/#breadcrumb\"},\"inLanguage\":\"fr-FR\",\"potentialAction\":[{\"@type\":\"ReadAction\",\"target\":[\"https:\\\/\\\/blogs.editionscle.com\\\/logos\\\/pack-cle-decouverte\\\/\"]}]},{\"@type\":\"ImageObject\",\"inLanguage\":\"fr-FR\",\"@id\":\"https:\\\/\\\/blogs.editionscle.com\\\/logos\\\/pack-cle-decouverte\\\/#primaryimage\",\"url\":\"http:\\\/\\\/www.editionscle.com\\\/logos\\\/wp-content\\\/uploads\\\/2014\\\/10\\\/LogoPackCleDecouverte-210x300.jpg\",\"contentUrl\":\"http:\\\/\\\/www.editionscle.com\\\/logos\\\/wp-content\\\/uploads\\\/2014\\\/10\\\/LogoPackCleDecouverte-210x300.jpg\"},{\"@type\":\"BreadcrumbList\",\"@id\":\"https:\\\/\\\/blogs.editionscle.com\\\/logos\\\/pack-cle-decouverte\\\/#breadcrumb\",\"itemListElement\":[{\"@type\":\"ListItem\",\"position\":1,\"name\":\"Accueil\",\"item\":\"https:\\\/\\\/blogs.editionscle.com\\\/logos\\\/\"},{\"@type\":\"ListItem\",\"position\":2,\"name\":\"Pack Cl\u00e9-D\u00e9couverte\"}]},{\"@type\":\"WebSite\",\"@id\":\"https:\\\/\\\/blogs.editionscle.com\\\/logos\\\/#website\",\"url\":\"https:\\\/\\\/blogs.editionscle.com\\\/logos\\\/\",\"name\":\"Espace Logos\",\"description\":\"Tout sur la version fran\u00e7aise\",\"potentialAction\":[{\"@type\":\"SearchAction\",\"target\":{\"@type\":\"EntryPoint\",\"urlTemplate\":\"https:\\\/\\\/blogs.editionscle.com\\\/logos\\\/?s={search_term_string}\"},\"query-input\":{\"@type\":\"PropertyValueSpecification\",\"valueRequired\":true,\"valueName\":\"search_term_string\"}}],\"inLanguage\":\"fr-FR\"}]}<\/script>\n<!-- \/ Yoast SEO plugin. -->","yoast_head_json":{"title":"Pack Cl\u00e9-D\u00e9couverte - Espace Logos","robots":{"index":"index","follow":"follow","max-snippet":"max-snippet:-1","max-image-preview":"max-image-preview:large","max-video-preview":"max-video-preview:-1"},"canonical":"https:\/\/blogs.editionscle.com\/logos\/pack-cle-decouverte\/","og_locale":"fr_FR","og_type":"article","og_title":"Pack Cl\u00e9-D\u00e9couverte - Espace Logos","og_description":"Achetez puis t\u00e9l\u00e9chargez le pack Cl\u00e9-D\u00e9couverte &nbsp; Le pack Cl\u00e9-D\u00e9couverte \u00e0 101,95 $ soit environ 82 \u20ac pour 22 ressources est disponible. Si vous ne parlez pas anglais, avant d&rsquo;acheter le produit sur le site de Logos,\u00a0nous vous conseillons de lire notre tutoriel en fran\u00e7ais. Vous pouvez aussi t\u00e9l\u00e9phoner au +33\u00a04 37 56 25 00 &hellip; Continuer la lecture de Pack Cl\u00e9-D\u00e9couverte &rarr;","og_url":"https:\/\/blogs.editionscle.com\/logos\/pack-cle-decouverte\/","og_site_name":"Espace Logos","article_modified_time":"2014-12-31T13:42:34+00:00","og_image":[{"url":"http:\/\/www.editionscle.com\/logos\/wp-content\/uploads\/2014\/10\/LogoPackCleDecouverte-210x300.jpg","type":"","width":"","height":""}],"twitter_card":"summary_large_image","twitter_misc":{"Dur\u00e9e de lecture estim\u00e9e":"1 minute"},"schema":{"@context":"https:\/\/schema.org","@graph":[{"@type":"WebPage","@id":"https:\/\/blogs.editionscle.com\/logos\/pack-cle-decouverte\/","url":"https:\/\/blogs.editionscle.com\/logos\/pack-cle-decouverte\/","name":"Pack Cl\u00e9-D\u00e9couverte - Espace Logos","isPartOf":{"@id":"https:\/\/blogs.editionscle.com\/logos\/#website"},"primaryImageOfPage":{"@id":"https:\/\/blogs.editionscle.com\/logos\/pack-cle-decouverte\/#primaryimage"},"image":{"@id":"https:\/\/blogs.editionscle.com\/logos\/pack-cle-decouverte\/#primaryimage"},"thumbnailUrl":"http:\/\/www.editionscle.com\/logos\/wp-content\/uploads\/2014\/10\/LogoPackCleDecouverte-210x300.jpg","datePublished":"2014-11-05T15:38:17+00:00","dateModified":"2014-12-31T13:42:34+00:00","breadcrumb":{"@id":"https:\/\/blogs.editionscle.com\/logos\/pack-cle-decouverte\/#breadcrumb"},"inLanguage":"fr-FR","potentialAction":[{"@type":"ReadAction","target":["https:\/\/blogs.editionscle.com\/logos\/pack-cle-decouverte\/"]}]},{"@type":"ImageObject","inLanguage":"fr-FR","@id":"https:\/\/blogs.editionscle.com\/logos\/pack-cle-decouverte\/#primaryimage","url":"http:\/\/www.editionscle.com\/logos\/wp-content\/uploads\/2014\/10\/LogoPackCleDecouverte-210x300.jpg","contentUrl":"http:\/\/www.editionscle.com\/logos\/wp-content\/uploads\/2014\/10\/LogoPackCleDecouverte-210x300.jpg"},{"@type":"BreadcrumbList","@id":"https:\/\/blogs.editionscle.com\/logos\/pack-cle-decouverte\/#breadcrumb","itemListElement":[{"@type":"ListItem","position":1,"name":"Accueil","item":"https:\/\/blogs.editionscle.com\/logos\/"},{"@type":"ListItem","position":2,"name":"Pack Cl\u00e9-D\u00e9couverte"}]},{"@type":"WebSite","@id":"https:\/\/blogs.editionscle.com\/logos\/#website","url":"https:\/\/blogs.editionscle.com\/logos\/","name":"Espace Logos","description":"Tout sur la version fran\u00e7aise","potentialAction":[{"@type":"SearchAction","target":{"@type":"EntryPoint","urlTemplate":"https:\/\/blogs.editionscle.com\/logos\/?s={search_term_string}"},"query-input":{"@type":"PropertyValueSpecification","valueRequired":true,"valueName":"search_term_string"}}],"inLanguage":"fr-FR"}]}},"_links":{"self":[{"href":"https:\/\/blogs.editionscle.com\/logos\/wp-json\/wp\/v2\/pages\/173","targetHints":{"allow":["GET"]}}],"collection":[{"href":"https:\/\/blogs.editionscle.com\/logos\/wp-json\/wp\/v2\/pages"}],"about":[{"href":"https:\/\/blogs.editionscle.com\/logos\/wp-json\/wp\/v2\/types\/page"}],"author":[{"embeddable":true,"href":"https:\/\/blogs.editionscle.com\/logos\/wp-json\/wp\/v2\/users\/1"}],"replies":[{"embeddable":true,"href":"https:\/\/blogs.editionscle.com\/logos\/wp-json\/wp\/v2\/comments?post=173"}],"version-history":[{"count":10,"href":"https:\/\/blogs.editionscle.com\/logos\/wp-json\/wp\/v2\/pages\/173\/revisions"}],"predecessor-version":[{"id":549,"href":"https:\/\/blogs.editionscle.com\/logos\/wp-json\/wp\/v2\/pages\/173\/revisions\/549"}],"wp:attachment":[{"href":"https:\/\/blogs.editionscle.com\/logos\/wp-json\/wp\/v2\/media?parent=173"}],"curies":[{"name":"wp","href":"https:\/\/api.w.org\/{rel}","templated":true}]}}