{"id":196,"date":"2014-11-05T16:05:43","date_gmt":"2014-11-05T16:05:43","guid":{"rendered":"http:\/\/editionscle.com\/logos\/?page_id=196"},"modified":"2014-12-19T15:25:37","modified_gmt":"2014-12-19T15:25:37","slug":"faq-1-quel-interet-y-a-t-il-a-passer-de-la-bible-online-a-logos","status":"publish","type":"page","link":"https:\/\/blogs.editionscle.com\/logos\/faq-1-quel-interet-y-a-t-il-a-passer-de-la-bible-online-a-logos\/","title":{"rendered":"FAQ 1 : Quel int\u00e9r\u00eat y a-t-il \u00e0 passer de la Bible Online \u00e0 LOGOS ?"},"content":{"rendered":"<p>En comparaison avec les autres logiciels bibliques du march\u00e9, LOGOS\u00a0 vous permet :<\/p>\n<ul>\n<li><b>De disposer du logiciel biblique le plus <\/b><b>PUISSANT et <\/b><b>le plus <\/b><b>SIMPLE du march\u00e9<\/b><b><br \/>\n<\/b>Poss\u00e9der un logiciel biblique puissant ne suffit pas si celui-ci est compliqu\u00e9 \u00e0 utiliser : avec LOGOS vous disposez d\u2019un logiciel dot\u00e9 des derni\u00e8res avanc\u00e9es en mati\u00e8re d\u2019ergonomie qui en font l\u2019un des plus simple du march\u00e9.<\/li>\n<li><b>De pouvoir acc\u00e9der \u00e0 la plus vaste biblioth\u00e8que de ressources num\u00e9riques <\/b><b>chr\u00e9tiennes<\/b><b><br \/>\n<\/b>Gr\u00e2ce aux nombreux partenariats et l\u2019exp\u00e9rience unique des Editions Cl\u00e9s dans le domaine du num\u00e9rique, le nombre de ses ressources est en constante augmentation et continuera \u00e0 s\u2019\u00e9toffer.<\/li>\n<li><b>D\u2019utiliser votre logiciel biblique sur tous vos appareils<br \/>\n<\/b>PC, Mac, tablettes et smartphones (Andro\u00efd et Apple) ou sur internet (priv\u00e9).<\/li>\n<li><b>D\u2019acc\u00e9der \u00e0 votre biblioth\u00e8que et vos donn\u00e9es o\u00f9 que vous soyez <\/b><br \/>\nLogos sait se faire mobile. Vous assistez \u00e0 une conf\u00e9rence ? acc\u00e9dez \u00e0 votre biblioth\u00e8que via votre smartphone, prenez des notes et retrouvez-les automatiquement sur votre ordinateur ou votre tablette. Logos se synchronise automatiquement sur chacun de vos appareils.<\/li>\n<li><b>De ne pas perdre\u00a0vos donn\u00e9es<br \/>\n<\/b>Votre biblioth\u00e8que mais aussi l\u2019ensemble de vos notes et de vos donn\u00e9es (hors livres personnels) sont sauvegard\u00e9es en ligne, dans le cloud. Votre ordinateur tombe en panne \u2026 vous acc\u00e9dez et r\u00e9cup\u00e9rez votre biblioth\u00e8que depuis un autre poste. En 3 clics !<\/li>\n<\/ul>\n","protected":false},"excerpt":{"rendered":"<p>En comparaison avec les autres logiciels bibliques du march\u00e9, LOGOS\u00a0 vous permet : De disposer du logiciel biblique le plus PUISSANT et le plus SIMPLE du march\u00e9 Poss\u00e9der un logiciel biblique puissant ne suffit pas si celui-ci est compliqu\u00e9 \u00e0 utiliser : avec LOGOS vous disposez d\u2019un logiciel dot\u00e9 des derni\u00e8res avanc\u00e9es en mati\u00e8re d\u2019ergonomie &hellip; <a href=\"https:\/\/blogs.editionscle.com\/logos\/faq-1-quel-interet-y-a-t-il-a-passer-de-la-bible-online-a-logos\/\" class=\"more-link\">Continuer la lecture de <span class=\"screen-reader-text\">FAQ 1 : Quel int\u00e9r\u00eat y a-t-il \u00e0 passer de la Bible Online \u00e0 LOGOS ?<\/span>  <span class=\"meta-nav\">&rarr;<\/span><\/a><\/p>\n","protected":false},"author":1,"featured_media":0,"parent":0,"menu_order":0,"comment_status":"closed","ping_status":"closed","template":"","meta":{"footnotes":""},"class_list":["post-196","page","type-page","status-publish","hentry"],"yoast_head":"<!-- This site is optimized with the Yoast SEO plugin v27.3 - https:\/\/yoast.com\/product\/yoast-seo-wordpress\/ -->\n<title>FAQ 1 : Quel int\u00e9r\u00eat y a-t-il \u00e0 passer de la Bible Online \u00e0 LOGOS ? - Espace Logos<\/title>\n<meta name=\"robots\" content=\"index, follow, max-snippet:-1, max-image-preview:large, max-video-preview:-1\" \/>\n<link rel=\"canonical\" href=\"https:\/\/blogs.editionscle.com\/logos\/faq-1-quel-interet-y-a-t-il-a-passer-de-la-bible-online-a-logos\/\" \/>\n<meta property=\"og:locale\" content=\"fr_FR\" \/>\n<meta property=\"og:type\" content=\"article\" \/>\n<meta property=\"og:title\" content=\"FAQ 1 : Quel int\u00e9r\u00eat y a-t-il \u00e0 passer de la Bible Online \u00e0 LOGOS ? - Espace Logos\" \/>\n<meta property=\"og:description\" content=\"En comparaison avec les autres logiciels bibliques du march\u00e9, LOGOS\u00a0 vous permet : De disposer du logiciel biblique le plus PUISSANT et le plus SIMPLE du march\u00e9 Poss\u00e9der un logiciel biblique puissant ne suffit pas si celui-ci est compliqu\u00e9 \u00e0 utiliser : avec LOGOS vous disposez d\u2019un logiciel dot\u00e9 des derni\u00e8res avanc\u00e9es en mati\u00e8re d\u2019ergonomie &hellip; Continuer la lecture de FAQ 1 : Quel int\u00e9r\u00eat y a-t-il \u00e0 passer de la Bible Online \u00e0 LOGOS ? &rarr;\" \/>\n<meta property=\"og:url\" content=\"https:\/\/blogs.editionscle.com\/logos\/faq-1-quel-interet-y-a-t-il-a-passer-de-la-bible-online-a-logos\/\" \/>\n<meta property=\"og:site_name\" content=\"Espace Logos\" \/>\n<meta property=\"article:modified_time\" content=\"2014-12-19T15:25:37+00:00\" \/>\n<meta name=\"twitter:card\" content=\"summary_large_image\" \/>\n<meta name=\"twitter:label1\" content=\"Dur\u00e9e de lecture estim\u00e9e\" \/>\n\t<meta name=\"twitter:data1\" content=\"1 minute\" \/>\n<script type=\"application\/ld+json\" class=\"yoast-schema-graph\">{\"@context\":\"https:\\\/\\\/schema.org\",\"@graph\":[{\"@type\":\"WebPage\",\"@id\":\"https:\\\/\\\/blogs.editionscle.com\\\/logos\\\/faq-1-quel-interet-y-a-t-il-a-passer-de-la-bible-online-a-logos\\\/\",\"url\":\"https:\\\/\\\/blogs.editionscle.com\\\/logos\\\/faq-1-quel-interet-y-a-t-il-a-passer-de-la-bible-online-a-logos\\\/\",\"name\":\"FAQ 1 : Quel int\u00e9r\u00eat y a-t-il \u00e0 passer de la Bible Online \u00e0 LOGOS ? - Espace Logos\",\"isPartOf\":{\"@id\":\"https:\\\/\\\/blogs.editionscle.com\\\/logos\\\/#website\"},\"datePublished\":\"2014-11-05T16:05:43+00:00\",\"dateModified\":\"2014-12-19T15:25:37+00:00\",\"breadcrumb\":{\"@id\":\"https:\\\/\\\/blogs.editionscle.com\\\/logos\\\/faq-1-quel-interet-y-a-t-il-a-passer-de-la-bible-online-a-logos\\\/#breadcrumb\"},\"inLanguage\":\"fr-FR\",\"potentialAction\":[{\"@type\":\"ReadAction\",\"target\":[\"https:\\\/\\\/blogs.editionscle.com\\\/logos\\\/faq-1-quel-interet-y-a-t-il-a-passer-de-la-bible-online-a-logos\\\/\"]}]},{\"@type\":\"BreadcrumbList\",\"@id\":\"https:\\\/\\\/blogs.editionscle.com\\\/logos\\\/faq-1-quel-interet-y-a-t-il-a-passer-de-la-bible-online-a-logos\\\/#breadcrumb\",\"itemListElement\":[{\"@type\":\"ListItem\",\"position\":1,\"name\":\"Accueil\",\"item\":\"https:\\\/\\\/blogs.editionscle.com\\\/logos\\\/\"},{\"@type\":\"ListItem\",\"position\":2,\"name\":\"FAQ 1 : Quel int\u00e9r\u00eat y a-t-il \u00e0 passer de la Bible Online \u00e0 LOGOS ?\"}]},{\"@type\":\"WebSite\",\"@id\":\"https:\\\/\\\/blogs.editionscle.com\\\/logos\\\/#website\",\"url\":\"https:\\\/\\\/blogs.editionscle.com\\\/logos\\\/\",\"name\":\"Espace Logos\",\"description\":\"Tout sur la version fran\u00e7aise\",\"potentialAction\":[{\"@type\":\"SearchAction\",\"target\":{\"@type\":\"EntryPoint\",\"urlTemplate\":\"https:\\\/\\\/blogs.editionscle.com\\\/logos\\\/?s={search_term_string}\"},\"query-input\":{\"@type\":\"PropertyValueSpecification\",\"valueRequired\":true,\"valueName\":\"search_term_string\"}}],\"inLanguage\":\"fr-FR\"}]}<\/script>\n<!-- \/ Yoast SEO plugin. -->","yoast_head_json":{"title":"FAQ 1 : Quel int\u00e9r\u00eat y a-t-il \u00e0 passer de la Bible Online \u00e0 LOGOS ? - Espace Logos","robots":{"index":"index","follow":"follow","max-snippet":"max-snippet:-1","max-image-preview":"max-image-preview:large","max-video-preview":"max-video-preview:-1"},"canonical":"https:\/\/blogs.editionscle.com\/logos\/faq-1-quel-interet-y-a-t-il-a-passer-de-la-bible-online-a-logos\/","og_locale":"fr_FR","og_type":"article","og_title":"FAQ 1 : Quel int\u00e9r\u00eat y a-t-il \u00e0 passer de la Bible Online \u00e0 LOGOS ? - Espace Logos","og_description":"En comparaison avec les autres logiciels bibliques du march\u00e9, LOGOS\u00a0 vous permet : De disposer du logiciel biblique le plus PUISSANT et le plus SIMPLE du march\u00e9 Poss\u00e9der un logiciel biblique puissant ne suffit pas si celui-ci est compliqu\u00e9 \u00e0 utiliser : avec LOGOS vous disposez d\u2019un logiciel dot\u00e9 des derni\u00e8res avanc\u00e9es en mati\u00e8re d\u2019ergonomie &hellip; Continuer la lecture de FAQ 1 : Quel int\u00e9r\u00eat y a-t-il \u00e0 passer de la Bible Online \u00e0 LOGOS ? &rarr;","og_url":"https:\/\/blogs.editionscle.com\/logos\/faq-1-quel-interet-y-a-t-il-a-passer-de-la-bible-online-a-logos\/","og_site_name":"Espace Logos","article_modified_time":"2014-12-19T15:25:37+00:00","twitter_card":"summary_large_image","twitter_misc":{"Dur\u00e9e de lecture estim\u00e9e":"1 minute"},"schema":{"@context":"https:\/\/schema.org","@graph":[{"@type":"WebPage","@id":"https:\/\/blogs.editionscle.com\/logos\/faq-1-quel-interet-y-a-t-il-a-passer-de-la-bible-online-a-logos\/","url":"https:\/\/blogs.editionscle.com\/logos\/faq-1-quel-interet-y-a-t-il-a-passer-de-la-bible-online-a-logos\/","name":"FAQ 1 : Quel int\u00e9r\u00eat y a-t-il \u00e0 passer de la Bible Online \u00e0 LOGOS ? - Espace Logos","isPartOf":{"@id":"https:\/\/blogs.editionscle.com\/logos\/#website"},"datePublished":"2014-11-05T16:05:43+00:00","dateModified":"2014-12-19T15:25:37+00:00","breadcrumb":{"@id":"https:\/\/blogs.editionscle.com\/logos\/faq-1-quel-interet-y-a-t-il-a-passer-de-la-bible-online-a-logos\/#breadcrumb"},"inLanguage":"fr-FR","potentialAction":[{"@type":"ReadAction","target":["https:\/\/blogs.editionscle.com\/logos\/faq-1-quel-interet-y-a-t-il-a-passer-de-la-bible-online-a-logos\/"]}]},{"@type":"BreadcrumbList","@id":"https:\/\/blogs.editionscle.com\/logos\/faq-1-quel-interet-y-a-t-il-a-passer-de-la-bible-online-a-logos\/#breadcrumb","itemListElement":[{"@type":"ListItem","position":1,"name":"Accueil","item":"https:\/\/blogs.editionscle.com\/logos\/"},{"@type":"ListItem","position":2,"name":"FAQ 1 : Quel int\u00e9r\u00eat y a-t-il \u00e0 passer de la Bible Online \u00e0 LOGOS ?"}]},{"@type":"WebSite","@id":"https:\/\/blogs.editionscle.com\/logos\/#website","url":"https:\/\/blogs.editionscle.com\/logos\/","name":"Espace Logos","description":"Tout sur la version fran\u00e7aise","potentialAction":[{"@type":"SearchAction","target":{"@type":"EntryPoint","urlTemplate":"https:\/\/blogs.editionscle.com\/logos\/?s={search_term_string}"},"query-input":{"@type":"PropertyValueSpecification","valueRequired":true,"valueName":"search_term_string"}}],"inLanguage":"fr-FR"}]}},"_links":{"self":[{"href":"https:\/\/blogs.editionscle.com\/logos\/wp-json\/wp\/v2\/pages\/196","targetHints":{"allow":["GET"]}}],"collection":[{"href":"https:\/\/blogs.editionscle.com\/logos\/wp-json\/wp\/v2\/pages"}],"about":[{"href":"https:\/\/blogs.editionscle.com\/logos\/wp-json\/wp\/v2\/types\/page"}],"author":[{"embeddable":true,"href":"https:\/\/blogs.editionscle.com\/logos\/wp-json\/wp\/v2\/users\/1"}],"replies":[{"embeddable":true,"href":"https:\/\/blogs.editionscle.com\/logos\/wp-json\/wp\/v2\/comments?post=196"}],"version-history":[{"count":3,"href":"https:\/\/blogs.editionscle.com\/logos\/wp-json\/wp\/v2\/pages\/196\/revisions"}],"predecessor-version":[{"id":501,"href":"https:\/\/blogs.editionscle.com\/logos\/wp-json\/wp\/v2\/pages\/196\/revisions\/501"}],"wp:attachment":[{"href":"https:\/\/blogs.editionscle.com\/logos\/wp-json\/wp\/v2\/media?parent=196"}],"curies":[{"name":"wp","href":"https:\/\/api.w.org\/{rel}","templated":true}]}}