{"id":20,"date":"2014-02-17T17:14:54","date_gmt":"2014-02-17T17:14:54","guid":{"rendered":"http:\/\/www.editionscle.com\/logos\/?page_id=20"},"modified":"2015-04-03T07:59:37","modified_gmt":"2015-04-03T07:59:37","slug":"ressources-gratuites-disponibles-sur-le-site-de-logos-com","status":"publish","type":"page","link":"https:\/\/blogs.editionscle.com\/logos\/ressources-gratuites-disponibles-sur-le-site-de-logos-com\/","title":{"rendered":"Ressources gratuites !"},"content":{"rendered":"<p>Le moteur Logos 6 dit <strong>logos 6 core engine <\/strong>est disponible sur le site de logos.com.<a title=\"Cliquer ici pour voir le Logos 6 Core engine (gratuit)\" href=\"https:\/\/www.logos.com\/product\/46767\/logos-6-core-engine\" target=\"_blank\"> Pour l&rsquo;installer il vous suffit d&rsquo;ajouter le produit (gratuit) du m\u00eame nom disponible en cliquant ici.<\/a><\/p>\n<p>Apr\u00e8s validation de votre achat, un lien vous permettra de t\u00e9l\u00e9chargez un fichier pour PC ou pour Mac. Il vous suffira de t\u00e9l\u00e9charger puis ex\u00e9cuter ce fichier.<a title=\"Cliquer ici pour voir le Logos 6 Core engine (gratuit)\" href=\"https:\/\/www.logos.com\/product\/46767\/logos-6-core-engine\" target=\"_blank\">\u00a0<\/a>\u00a0Pour avoir plus d&rsquo;information consultez l&rsquo;article <a title=\"Comment installer Logos 6 Core engine (moteur gratuit de Logos)\" href=\"http:\/\/editionscle.com\/logos\/comment-installer-logos-6-core-engine-moteur-gratuit-de-logos\/\">Comment installer <strong>Logos 6 core Engine<\/strong><\/a>.<\/p>\n<hr \/>\n<p><strong>En plus du moteur Logos 6 core engine (gratuit), les ressources suivantes sont disponibles gratuitement sur le site logos.com. Profitez-en !<\/strong><\/p>\n<p>Voici celles que nous vous conseillons en priorit\u00e9 :<\/p>\n<ul>\n<li><a title=\"Nouveau Testament grec de SBL\" href=\"https:\/\/www.logos.com\/product\/8486\/the-greek-new-testament-sbl-edition\" target=\"_blank\"><strong>Nouveau testament grec de SBL\u00a0<\/strong><\/a><\/li>\n<li><a title=\"Lexham English Bible\" href=\"https:\/\/www.logos.com\/product\/6162\/lexham-english-bible\" target=\"_blank\"><strong>Lexham English Bible<\/strong><\/a><\/li>\n<li><a title=\"Faithlife Study Bible\" href=\"https:\/\/www.logos.com\/product\/36338\/faithlife-study-bible\" target=\"_blank\"><strong>Faithlife Study Bible<\/strong><\/a><\/li>\n<li><a title=\"Lexham Bible Dictionary\" href=\"https:\/\/www.logos.com\/product\/36564\/lexham-bible-dictionary\" target=\"_blank\"><strong>Lexham Bible Dictionary<\/strong><\/a><\/li>\n<li><a title=\"Faithlife Study Bible\" href=\"https:\/\/www.logos.com\/product\/677\/the-abridged-brown-driver-briggs-hebrew-english-lexicon-of-the-old-testament\" target=\"_blank\"><strong>The Abridged Brown-Driver-Briggs Hebrew-English Lexicon of the Old Testament<\/strong><\/a><\/li>\n<li><a title=\"Gospel Coalition Foundation Documents\" href=\"https:\/\/www.logos.com\/product\/5163\/gospel-coalition-foundation-documents\" target=\"_blank\"><strong>Gospel Coalition Foundation Documents<\/strong><\/a><\/li>\n<li><a title=\"ESV Hear the Word Audio Bible\" href=\"https:\/\/www.logos.com\/product\/34146\/esv-hear-the-word-audio-bible\" target=\"_blank\"><strong>ESV Hear the Word Audio Bible<\/strong><\/a><\/li>\n<li><a title=\"Codex Sinaiticus\" href=\"https:\/\/www.logos.com\/product\/35581\/codex-sinaiticus\" target=\"_blank\"><strong>Codex Sinaiticus<\/strong><\/a><\/li>\n<li><a title=\"Crucial Questions Series (20 vols.) R.C. Sproul\" href=\"https:\/\/www.logos.com\/product\/45437\/crucial-questions-series\" target=\"_blank\"><strong>Crucial Questions Series (20 vols.) R.C. Sproul<\/strong><\/a><\/li>\n<li><a title=\"Can I Be Sure I\u2019m Saved?\" href=\"https:\/\/www.logos.com\/product\/28056\/can-i-be-sure-im-saved\" target=\"_blank\"><strong>Can I Be Sure I\u2019m Saved?<\/strong><\/a><\/li>\n<li>Il existe d&rsquo;autres ressources gratuites\u00a0sur le site de\u00a0Logos mais \u00a0elles sont plus pointues ou pour d&rsquo;autres langues que l&rsquo;anglais.<\/li>\n<li><strong>Conseil des \u00c9ditions Cl\u00e9<\/strong> : n&rsquo;ajoutez pas la ressource gratuite<br \/>\n<i>The Perseus Collections<\/i> de Logos si vous n&rsquo;en avez pas besoin. Elle g\u00e9n\u00e8re une grand nombres de ressources dans votre biblioth\u00e8que qui peuvent vous g\u00eaner inutilement si vous ne voulez pas travailler avec ces ressources.<\/li>\n<\/ul>\n<p>&nbsp;<\/p>\n","protected":false},"excerpt":{"rendered":"<p>Le moteur Logos 6 dit logos 6 core engine est disponible sur le site de logos.com. Pour l&rsquo;installer il vous suffit d&rsquo;ajouter le produit (gratuit) du m\u00eame nom disponible en cliquant ici. Apr\u00e8s validation de votre achat, un lien vous permettra de t\u00e9l\u00e9chargez un fichier pour PC ou pour Mac. Il vous suffira de t\u00e9l\u00e9charger &hellip; <a href=\"https:\/\/blogs.editionscle.com\/logos\/ressources-gratuites-disponibles-sur-le-site-de-logos-com\/\" class=\"more-link\">Continuer la lecture de <span class=\"screen-reader-text\">Ressources gratuites !<\/span>  <span class=\"meta-nav\">&rarr;<\/span><\/a><\/p>\n","protected":false},"author":1,"featured_media":0,"parent":0,"menu_order":0,"comment_status":"closed","ping_status":"closed","template":"","meta":{"footnotes":""},"class_list":["post-20","page","type-page","status-publish","hentry"],"yoast_head":"<!-- This site is optimized with the Yoast SEO plugin v27.3 - https:\/\/yoast.com\/product\/yoast-seo-wordpress\/ -->\n<title>Ressources gratuites ! - Espace Logos<\/title>\n<meta name=\"robots\" content=\"index, follow, max-snippet:-1, max-image-preview:large, max-video-preview:-1\" \/>\n<link rel=\"canonical\" href=\"https:\/\/blogs.editionscle.com\/logos\/ressources-gratuites-disponibles-sur-le-site-de-logos-com\/\" \/>\n<meta property=\"og:locale\" content=\"fr_FR\" \/>\n<meta property=\"og:type\" content=\"article\" \/>\n<meta property=\"og:title\" content=\"Ressources gratuites ! - Espace Logos\" \/>\n<meta property=\"og:description\" content=\"Le moteur Logos 6 dit logos 6 core engine est disponible sur le site de logos.com. Pour l&rsquo;installer il vous suffit d&rsquo;ajouter le produit (gratuit) du m\u00eame nom disponible en cliquant ici. Apr\u00e8s validation de votre achat, un lien vous permettra de t\u00e9l\u00e9chargez un fichier pour PC ou pour Mac. Il vous suffira de t\u00e9l\u00e9charger &hellip; Continuer la lecture de Ressources gratuites ! &rarr;\" \/>\n<meta property=\"og:url\" content=\"https:\/\/blogs.editionscle.com\/logos\/ressources-gratuites-disponibles-sur-le-site-de-logos-com\/\" \/>\n<meta property=\"og:site_name\" content=\"Espace Logos\" \/>\n<meta property=\"article:modified_time\" content=\"2015-04-03T07:59:37+00:00\" \/>\n<meta name=\"twitter:card\" content=\"summary_large_image\" \/>\n<meta name=\"twitter:label1\" content=\"Dur\u00e9e de lecture estim\u00e9e\" \/>\n\t<meta name=\"twitter:data1\" content=\"1 minute\" \/>\n<script type=\"application\/ld+json\" class=\"yoast-schema-graph\">{\"@context\":\"https:\\\/\\\/schema.org\",\"@graph\":[{\"@type\":\"WebPage\",\"@id\":\"https:\\\/\\\/blogs.editionscle.com\\\/logos\\\/ressources-gratuites-disponibles-sur-le-site-de-logos-com\\\/\",\"url\":\"https:\\\/\\\/blogs.editionscle.com\\\/logos\\\/ressources-gratuites-disponibles-sur-le-site-de-logos-com\\\/\",\"name\":\"Ressources gratuites ! - Espace Logos\",\"isPartOf\":{\"@id\":\"https:\\\/\\\/blogs.editionscle.com\\\/logos\\\/#website\"},\"datePublished\":\"2014-02-17T17:14:54+00:00\",\"dateModified\":\"2015-04-03T07:59:37+00:00\",\"breadcrumb\":{\"@id\":\"https:\\\/\\\/blogs.editionscle.com\\\/logos\\\/ressources-gratuites-disponibles-sur-le-site-de-logos-com\\\/#breadcrumb\"},\"inLanguage\":\"fr-FR\",\"potentialAction\":[{\"@type\":\"ReadAction\",\"target\":[\"https:\\\/\\\/blogs.editionscle.com\\\/logos\\\/ressources-gratuites-disponibles-sur-le-site-de-logos-com\\\/\"]}]},{\"@type\":\"BreadcrumbList\",\"@id\":\"https:\\\/\\\/blogs.editionscle.com\\\/logos\\\/ressources-gratuites-disponibles-sur-le-site-de-logos-com\\\/#breadcrumb\",\"itemListElement\":[{\"@type\":\"ListItem\",\"position\":1,\"name\":\"Accueil\",\"item\":\"https:\\\/\\\/blogs.editionscle.com\\\/logos\\\/\"},{\"@type\":\"ListItem\",\"position\":2,\"name\":\"Ressources gratuites !\"}]},{\"@type\":\"WebSite\",\"@id\":\"https:\\\/\\\/blogs.editionscle.com\\\/logos\\\/#website\",\"url\":\"https:\\\/\\\/blogs.editionscle.com\\\/logos\\\/\",\"name\":\"Espace Logos\",\"description\":\"Tout sur la version fran\u00e7aise\",\"potentialAction\":[{\"@type\":\"SearchAction\",\"target\":{\"@type\":\"EntryPoint\",\"urlTemplate\":\"https:\\\/\\\/blogs.editionscle.com\\\/logos\\\/?s={search_term_string}\"},\"query-input\":{\"@type\":\"PropertyValueSpecification\",\"valueRequired\":true,\"valueName\":\"search_term_string\"}}],\"inLanguage\":\"fr-FR\"}]}<\/script>\n<!-- \/ Yoast SEO plugin. -->","yoast_head_json":{"title":"Ressources gratuites ! - Espace Logos","robots":{"index":"index","follow":"follow","max-snippet":"max-snippet:-1","max-image-preview":"max-image-preview:large","max-video-preview":"max-video-preview:-1"},"canonical":"https:\/\/blogs.editionscle.com\/logos\/ressources-gratuites-disponibles-sur-le-site-de-logos-com\/","og_locale":"fr_FR","og_type":"article","og_title":"Ressources gratuites ! - Espace Logos","og_description":"Le moteur Logos 6 dit logos 6 core engine est disponible sur le site de logos.com. Pour l&rsquo;installer il vous suffit d&rsquo;ajouter le produit (gratuit) du m\u00eame nom disponible en cliquant ici. Apr\u00e8s validation de votre achat, un lien vous permettra de t\u00e9l\u00e9chargez un fichier pour PC ou pour Mac. Il vous suffira de t\u00e9l\u00e9charger &hellip; Continuer la lecture de Ressources gratuites ! &rarr;","og_url":"https:\/\/blogs.editionscle.com\/logos\/ressources-gratuites-disponibles-sur-le-site-de-logos-com\/","og_site_name":"Espace Logos","article_modified_time":"2015-04-03T07:59:37+00:00","twitter_card":"summary_large_image","twitter_misc":{"Dur\u00e9e de lecture estim\u00e9e":"1 minute"},"schema":{"@context":"https:\/\/schema.org","@graph":[{"@type":"WebPage","@id":"https:\/\/blogs.editionscle.com\/logos\/ressources-gratuites-disponibles-sur-le-site-de-logos-com\/","url":"https:\/\/blogs.editionscle.com\/logos\/ressources-gratuites-disponibles-sur-le-site-de-logos-com\/","name":"Ressources gratuites ! - Espace Logos","isPartOf":{"@id":"https:\/\/blogs.editionscle.com\/logos\/#website"},"datePublished":"2014-02-17T17:14:54+00:00","dateModified":"2015-04-03T07:59:37+00:00","breadcrumb":{"@id":"https:\/\/blogs.editionscle.com\/logos\/ressources-gratuites-disponibles-sur-le-site-de-logos-com\/#breadcrumb"},"inLanguage":"fr-FR","potentialAction":[{"@type":"ReadAction","target":["https:\/\/blogs.editionscle.com\/logos\/ressources-gratuites-disponibles-sur-le-site-de-logos-com\/"]}]},{"@type":"BreadcrumbList","@id":"https:\/\/blogs.editionscle.com\/logos\/ressources-gratuites-disponibles-sur-le-site-de-logos-com\/#breadcrumb","itemListElement":[{"@type":"ListItem","position":1,"name":"Accueil","item":"https:\/\/blogs.editionscle.com\/logos\/"},{"@type":"ListItem","position":2,"name":"Ressources gratuites !"}]},{"@type":"WebSite","@id":"https:\/\/blogs.editionscle.com\/logos\/#website","url":"https:\/\/blogs.editionscle.com\/logos\/","name":"Espace Logos","description":"Tout sur la version fran\u00e7aise","potentialAction":[{"@type":"SearchAction","target":{"@type":"EntryPoint","urlTemplate":"https:\/\/blogs.editionscle.com\/logos\/?s={search_term_string}"},"query-input":{"@type":"PropertyValueSpecification","valueRequired":true,"valueName":"search_term_string"}}],"inLanguage":"fr-FR"}]}},"_links":{"self":[{"href":"https:\/\/blogs.editionscle.com\/logos\/wp-json\/wp\/v2\/pages\/20","targetHints":{"allow":["GET"]}}],"collection":[{"href":"https:\/\/blogs.editionscle.com\/logos\/wp-json\/wp\/v2\/pages"}],"about":[{"href":"https:\/\/blogs.editionscle.com\/logos\/wp-json\/wp\/v2\/types\/page"}],"author":[{"embeddable":true,"href":"https:\/\/blogs.editionscle.com\/logos\/wp-json\/wp\/v2\/users\/1"}],"replies":[{"embeddable":true,"href":"https:\/\/blogs.editionscle.com\/logos\/wp-json\/wp\/v2\/comments?post=20"}],"version-history":[{"count":10,"href":"https:\/\/blogs.editionscle.com\/logos\/wp-json\/wp\/v2\/pages\/20\/revisions"}],"predecessor-version":[{"id":660,"href":"https:\/\/blogs.editionscle.com\/logos\/wp-json\/wp\/v2\/pages\/20\/revisions\/660"}],"wp:attachment":[{"href":"https:\/\/blogs.editionscle.com\/logos\/wp-json\/wp\/v2\/media?parent=20"}],"curies":[{"name":"wp","href":"https:\/\/api.w.org\/{rel}","templated":true}]}}