{"id":203,"date":"2014-11-05T16:07:53","date_gmt":"2014-11-05T16:07:53","guid":{"rendered":"http:\/\/editionscle.com\/logos\/?page_id=203"},"modified":"2014-12-31T15:11:40","modified_gmt":"2014-12-31T15:11:40","slug":"faq-3-vais-je-devoir-repayer-si-je-decide-de-passer-a-un-pack-superieur-ulterieurement","status":"publish","type":"page","link":"https:\/\/blogs.editionscle.com\/logos\/faq-3-vais-je-devoir-repayer-si-je-decide-de-passer-a-un-pack-superieur-ulterieurement\/","title":{"rendered":"FAQ 3 : Vais-je devoir repayer si je d\u00e9cide de passer \u00e0 un pack sup\u00e9rieur ult\u00e9rieurement ?"},"content":{"rendered":"<ul>\n<li><strong>Non<\/strong>. Si vous achetez un pack maintenant et \u00e9voluez vers un pack sup\u00e9rieur plus tard, vous ne payerez que les nouvelles ressources. Vous ne payez pas deux fois la m\u00eame ressource.<\/li>\n<li><strong>Exemple<\/strong> : si vous avez achet\u00e9 le pack Cl\u00e9-D\u00e9couverte vous ne paierez que 172\u00a0\u20ac pour obtenir le pack Cl\u00e9-Premier au lieu de 240\u00a0\u20ac.<\/li>\n<\/ul>\n","protected":false},"excerpt":{"rendered":"<p>Non. Si vous achetez un pack maintenant et \u00e9voluez vers un pack sup\u00e9rieur plus tard, vous ne payerez que les nouvelles ressources. Vous ne payez pas deux fois la m\u00eame ressource. Exemple : si vous avez achet\u00e9 le pack Cl\u00e9-D\u00e9couverte vous ne paierez que 172\u00a0\u20ac pour obtenir le pack Cl\u00e9-Premier au lieu de 240\u00a0\u20ac.<\/p>\n","protected":false},"author":1,"featured_media":0,"parent":0,"menu_order":0,"comment_status":"closed","ping_status":"closed","template":"","meta":{"footnotes":""},"class_list":["post-203","page","type-page","status-publish","hentry"],"yoast_head":"<!-- This site is optimized with the Yoast SEO plugin v27.4 - https:\/\/yoast.com\/product\/yoast-seo-wordpress\/ -->\n<title>FAQ 3 : Vais-je devoir repayer si je d\u00e9cide de passer \u00e0 un pack sup\u00e9rieur ult\u00e9rieurement ? - Espace Logos<\/title>\n<meta name=\"robots\" content=\"index, follow, max-snippet:-1, max-image-preview:large, max-video-preview:-1\" \/>\n<link rel=\"canonical\" href=\"https:\/\/blogs.editionscle.com\/logos\/faq-3-vais-je-devoir-repayer-si-je-decide-de-passer-a-un-pack-superieur-ulterieurement\/\" \/>\n<meta property=\"og:locale\" content=\"fr_FR\" \/>\n<meta property=\"og:type\" content=\"article\" \/>\n<meta property=\"og:title\" content=\"FAQ 3 : Vais-je devoir repayer si je d\u00e9cide de passer \u00e0 un pack sup\u00e9rieur ult\u00e9rieurement ? - Espace Logos\" \/>\n<meta property=\"og:description\" content=\"Non. Si vous achetez un pack maintenant et \u00e9voluez vers un pack sup\u00e9rieur plus tard, vous ne payerez que les nouvelles ressources. Vous ne payez pas deux fois la m\u00eame ressource. Exemple : si vous avez achet\u00e9 le pack Cl\u00e9-D\u00e9couverte vous ne paierez que 172\u00a0\u20ac pour obtenir le pack Cl\u00e9-Premier au lieu de 240\u00a0\u20ac.\" \/>\n<meta property=\"og:url\" content=\"https:\/\/blogs.editionscle.com\/logos\/faq-3-vais-je-devoir-repayer-si-je-decide-de-passer-a-un-pack-superieur-ulterieurement\/\" \/>\n<meta property=\"og:site_name\" content=\"Espace Logos\" \/>\n<meta property=\"article:modified_time\" content=\"2014-12-31T15:11:40+00:00\" \/>\n<meta name=\"twitter:card\" content=\"summary_large_image\" \/>\n<script type=\"application\/ld+json\" class=\"yoast-schema-graph\">{\"@context\":\"https:\\\/\\\/schema.org\",\"@graph\":[{\"@type\":\"WebPage\",\"@id\":\"https:\\\/\\\/blogs.editionscle.com\\\/logos\\\/faq-3-vais-je-devoir-repayer-si-je-decide-de-passer-a-un-pack-superieur-ulterieurement\\\/\",\"url\":\"https:\\\/\\\/blogs.editionscle.com\\\/logos\\\/faq-3-vais-je-devoir-repayer-si-je-decide-de-passer-a-un-pack-superieur-ulterieurement\\\/\",\"name\":\"FAQ 3 : Vais-je devoir repayer si je d\u00e9cide de passer \u00e0 un pack sup\u00e9rieur ult\u00e9rieurement ? - Espace Logos\",\"isPartOf\":{\"@id\":\"https:\\\/\\\/blogs.editionscle.com\\\/logos\\\/#website\"},\"datePublished\":\"2014-11-05T16:07:53+00:00\",\"dateModified\":\"2014-12-31T15:11:40+00:00\",\"breadcrumb\":{\"@id\":\"https:\\\/\\\/blogs.editionscle.com\\\/logos\\\/faq-3-vais-je-devoir-repayer-si-je-decide-de-passer-a-un-pack-superieur-ulterieurement\\\/#breadcrumb\"},\"inLanguage\":\"fr-FR\",\"potentialAction\":[{\"@type\":\"ReadAction\",\"target\":[\"https:\\\/\\\/blogs.editionscle.com\\\/logos\\\/faq-3-vais-je-devoir-repayer-si-je-decide-de-passer-a-un-pack-superieur-ulterieurement\\\/\"]}]},{\"@type\":\"BreadcrumbList\",\"@id\":\"https:\\\/\\\/blogs.editionscle.com\\\/logos\\\/faq-3-vais-je-devoir-repayer-si-je-decide-de-passer-a-un-pack-superieur-ulterieurement\\\/#breadcrumb\",\"itemListElement\":[{\"@type\":\"ListItem\",\"position\":1,\"name\":\"Accueil\",\"item\":\"https:\\\/\\\/blogs.editionscle.com\\\/logos\\\/\"},{\"@type\":\"ListItem\",\"position\":2,\"name\":\"FAQ 3 : Vais-je devoir repayer si je d\u00e9cide de passer \u00e0 un pack sup\u00e9rieur ult\u00e9rieurement ?\"}]},{\"@type\":\"WebSite\",\"@id\":\"https:\\\/\\\/blogs.editionscle.com\\\/logos\\\/#website\",\"url\":\"https:\\\/\\\/blogs.editionscle.com\\\/logos\\\/\",\"name\":\"Espace Logos\",\"description\":\"Tout sur la version fran\u00e7aise\",\"potentialAction\":[{\"@type\":\"SearchAction\",\"target\":{\"@type\":\"EntryPoint\",\"urlTemplate\":\"https:\\\/\\\/blogs.editionscle.com\\\/logos\\\/?s={search_term_string}\"},\"query-input\":{\"@type\":\"PropertyValueSpecification\",\"valueRequired\":true,\"valueName\":\"search_term_string\"}}],\"inLanguage\":\"fr-FR\"}]}<\/script>\n<!-- \/ Yoast SEO plugin. -->","yoast_head_json":{"title":"FAQ 3 : Vais-je devoir repayer si je d\u00e9cide de passer \u00e0 un pack sup\u00e9rieur ult\u00e9rieurement ? - Espace Logos","robots":{"index":"index","follow":"follow","max-snippet":"max-snippet:-1","max-image-preview":"max-image-preview:large","max-video-preview":"max-video-preview:-1"},"canonical":"https:\/\/blogs.editionscle.com\/logos\/faq-3-vais-je-devoir-repayer-si-je-decide-de-passer-a-un-pack-superieur-ulterieurement\/","og_locale":"fr_FR","og_type":"article","og_title":"FAQ 3 : Vais-je devoir repayer si je d\u00e9cide de passer \u00e0 un pack sup\u00e9rieur ult\u00e9rieurement ? - Espace Logos","og_description":"Non. Si vous achetez un pack maintenant et \u00e9voluez vers un pack sup\u00e9rieur plus tard, vous ne payerez que les nouvelles ressources. Vous ne payez pas deux fois la m\u00eame ressource. Exemple : si vous avez achet\u00e9 le pack Cl\u00e9-D\u00e9couverte vous ne paierez que 172\u00a0\u20ac pour obtenir le pack Cl\u00e9-Premier au lieu de 240\u00a0\u20ac.","og_url":"https:\/\/blogs.editionscle.com\/logos\/faq-3-vais-je-devoir-repayer-si-je-decide-de-passer-a-un-pack-superieur-ulterieurement\/","og_site_name":"Espace Logos","article_modified_time":"2014-12-31T15:11:40+00:00","twitter_card":"summary_large_image","schema":{"@context":"https:\/\/schema.org","@graph":[{"@type":"WebPage","@id":"https:\/\/blogs.editionscle.com\/logos\/faq-3-vais-je-devoir-repayer-si-je-decide-de-passer-a-un-pack-superieur-ulterieurement\/","url":"https:\/\/blogs.editionscle.com\/logos\/faq-3-vais-je-devoir-repayer-si-je-decide-de-passer-a-un-pack-superieur-ulterieurement\/","name":"FAQ 3 : Vais-je devoir repayer si je d\u00e9cide de passer \u00e0 un pack sup\u00e9rieur ult\u00e9rieurement ? - Espace Logos","isPartOf":{"@id":"https:\/\/blogs.editionscle.com\/logos\/#website"},"datePublished":"2014-11-05T16:07:53+00:00","dateModified":"2014-12-31T15:11:40+00:00","breadcrumb":{"@id":"https:\/\/blogs.editionscle.com\/logos\/faq-3-vais-je-devoir-repayer-si-je-decide-de-passer-a-un-pack-superieur-ulterieurement\/#breadcrumb"},"inLanguage":"fr-FR","potentialAction":[{"@type":"ReadAction","target":["https:\/\/blogs.editionscle.com\/logos\/faq-3-vais-je-devoir-repayer-si-je-decide-de-passer-a-un-pack-superieur-ulterieurement\/"]}]},{"@type":"BreadcrumbList","@id":"https:\/\/blogs.editionscle.com\/logos\/faq-3-vais-je-devoir-repayer-si-je-decide-de-passer-a-un-pack-superieur-ulterieurement\/#breadcrumb","itemListElement":[{"@type":"ListItem","position":1,"name":"Accueil","item":"https:\/\/blogs.editionscle.com\/logos\/"},{"@type":"ListItem","position":2,"name":"FAQ 3 : Vais-je devoir repayer si je d\u00e9cide de passer \u00e0 un pack sup\u00e9rieur ult\u00e9rieurement ?"}]},{"@type":"WebSite","@id":"https:\/\/blogs.editionscle.com\/logos\/#website","url":"https:\/\/blogs.editionscle.com\/logos\/","name":"Espace Logos","description":"Tout sur la version fran\u00e7aise","potentialAction":[{"@type":"SearchAction","target":{"@type":"EntryPoint","urlTemplate":"https:\/\/blogs.editionscle.com\/logos\/?s={search_term_string}"},"query-input":{"@type":"PropertyValueSpecification","valueRequired":true,"valueName":"search_term_string"}}],"inLanguage":"fr-FR"}]}},"_links":{"self":[{"href":"https:\/\/blogs.editionscle.com\/logos\/wp-json\/wp\/v2\/pages\/203","targetHints":{"allow":["GET"]}}],"collection":[{"href":"https:\/\/blogs.editionscle.com\/logos\/wp-json\/wp\/v2\/pages"}],"about":[{"href":"https:\/\/blogs.editionscle.com\/logos\/wp-json\/wp\/v2\/types\/page"}],"author":[{"embeddable":true,"href":"https:\/\/blogs.editionscle.com\/logos\/wp-json\/wp\/v2\/users\/1"}],"replies":[{"embeddable":true,"href":"https:\/\/blogs.editionscle.com\/logos\/wp-json\/wp\/v2\/comments?post=203"}],"version-history":[{"count":4,"href":"https:\/\/blogs.editionscle.com\/logos\/wp-json\/wp\/v2\/pages\/203\/revisions"}],"predecessor-version":[{"id":550,"href":"https:\/\/blogs.editionscle.com\/logos\/wp-json\/wp\/v2\/pages\/203\/revisions\/550"}],"wp:attachment":[{"href":"https:\/\/blogs.editionscle.com\/logos\/wp-json\/wp\/v2\/media?parent=203"}],"curies":[{"name":"wp","href":"https:\/\/api.w.org\/{rel}","templated":true}]}}