{"id":251,"date":"2014-11-06T10:18:38","date_gmt":"2014-11-06T10:18:38","guid":{"rendered":"http:\/\/editionscle.com\/logos\/?page_id=251"},"modified":"2014-11-06T10:18:38","modified_gmt":"2014-11-06T10:18:38","slug":"configuration-requise","status":"publish","type":"page","link":"https:\/\/blogs.editionscle.com\/logos\/configuration-requise\/","title":{"rendered":"Configuration requise"},"content":{"rendered":"<div>\n<div>\n<h6>Windows<\/h6>\n<ul>\n<li>Windows 7 SP1 ou sup\u00e9rieur<\/li>\n<li>2 Go RAM (m\u00e9moire vive)<\/li>\n<li>1024 x 768\u00a0affichage<\/li>\n<li>30 Go\u00a0d&rsquo;espace libre. Disque dut interne\u00a0HDD\/SSD (si vous avez beaucoup d&rsquo;autres ressources ce chiffre peut \u00eatre revue \u00e0 la hausse). Les pack Cl\u00e9\u00a0occupent moins de\u00a010 Go.<\/li>\n<li>Connexion Internet (pour l&rsquo;activation, les mises \u00e0 jour et quelques fonctions)<\/li>\n<\/ul>\n<\/div>\n<div>\n<h6>Mac<\/h6>\n<ul>\n<li>OS X \u00ab\u00a0Mavericks\u00a0\u00bb 10.9\u00a0ou sup\u00e9rieur<\/li>\n<li>2 Go RAM<\/li>\n<li>30 Go\u00a0d&rsquo;espace libre. Disque dut interne\u00a0HDD\/SSD (si vous avez beaucoup d&rsquo;autres ressources ce chiffre peut \u00eatre revue \u00e0 la hausse).\u00a0Les pack Cl\u00e9\u00a0occupent moins de\u00a010 Go.<\/li>\n<li>connexion Internet (pour l&rsquo;activation, les mises \u00e0 jour et quelques fonctions)<\/li>\n<\/ul>\n<\/div>\n<\/div>\n<div class=\"headlines\"><\/div>\n<div class=\"headlines\">Plus d&rsquo;information sur le <a title=\"Configuration requise\" href=\"https:\/\/www.logos.com\/system-requirements\" target=\"_blank\">site logos<\/a>.<\/div>\n","protected":false},"excerpt":{"rendered":"<p>Windows Windows 7 SP1 ou sup\u00e9rieur 2 Go RAM (m\u00e9moire vive) 1024 x 768\u00a0affichage 30 Go\u00a0d&rsquo;espace libre. Disque dut interne\u00a0HDD\/SSD (si vous avez beaucoup d&rsquo;autres ressources ce chiffre peut \u00eatre revue \u00e0 la hausse). Les pack Cl\u00e9\u00a0occupent moins de\u00a010 Go. Connexion Internet (pour l&rsquo;activation, les mises \u00e0 jour et quelques fonctions) Mac OS X \u00ab\u00a0Mavericks\u00a0\u00bb &hellip; <a href=\"https:\/\/blogs.editionscle.com\/logos\/configuration-requise\/\" class=\"more-link\">Continuer la lecture de <span class=\"screen-reader-text\">Configuration requise<\/span>  <span class=\"meta-nav\">&rarr;<\/span><\/a><\/p>\n","protected":false},"author":1,"featured_media":0,"parent":0,"menu_order":0,"comment_status":"closed","ping_status":"closed","template":"","meta":{"footnotes":""},"class_list":["post-251","page","type-page","status-publish","hentry"],"yoast_head":"<!-- This site is optimized with the Yoast SEO plugin v27.3 - https:\/\/yoast.com\/product\/yoast-seo-wordpress\/ -->\n<title>Configuration requise - Espace Logos<\/title>\n<meta name=\"robots\" content=\"index, follow, max-snippet:-1, max-image-preview:large, max-video-preview:-1\" \/>\n<link rel=\"canonical\" href=\"https:\/\/blogs.editionscle.com\/logos\/configuration-requise\/\" \/>\n<meta property=\"og:locale\" content=\"fr_FR\" \/>\n<meta property=\"og:type\" content=\"article\" \/>\n<meta property=\"og:title\" content=\"Configuration requise - Espace Logos\" \/>\n<meta property=\"og:description\" content=\"Windows Windows 7 SP1 ou sup\u00e9rieur 2 Go RAM (m\u00e9moire vive) 1024 x 768\u00a0affichage 30 Go\u00a0d&rsquo;espace libre. Disque dut interne\u00a0HDD\/SSD (si vous avez beaucoup d&rsquo;autres ressources ce chiffre peut \u00eatre revue \u00e0 la hausse). Les pack Cl\u00e9\u00a0occupent moins de\u00a010 Go. Connexion Internet (pour l&rsquo;activation, les mises \u00e0 jour et quelques fonctions) Mac OS X \u00ab\u00a0Mavericks\u00a0\u00bb &hellip; Continuer la lecture de Configuration requise &rarr;\" \/>\n<meta property=\"og:url\" content=\"https:\/\/blogs.editionscle.com\/logos\/configuration-requise\/\" \/>\n<meta property=\"og:site_name\" content=\"Espace Logos\" \/>\n<meta name=\"twitter:card\" content=\"summary_large_image\" \/>\n<meta name=\"twitter:label1\" content=\"Dur\u00e9e de lecture estim\u00e9e\" \/>\n\t<meta name=\"twitter:data1\" content=\"1 minute\" \/>\n<script type=\"application\/ld+json\" class=\"yoast-schema-graph\">{\"@context\":\"https:\\\/\\\/schema.org\",\"@graph\":[{\"@type\":\"WebPage\",\"@id\":\"https:\\\/\\\/blogs.editionscle.com\\\/logos\\\/configuration-requise\\\/\",\"url\":\"https:\\\/\\\/blogs.editionscle.com\\\/logos\\\/configuration-requise\\\/\",\"name\":\"Configuration requise - Espace Logos\",\"isPartOf\":{\"@id\":\"https:\\\/\\\/blogs.editionscle.com\\\/logos\\\/#website\"},\"datePublished\":\"2014-11-06T10:18:38+00:00\",\"breadcrumb\":{\"@id\":\"https:\\\/\\\/blogs.editionscle.com\\\/logos\\\/configuration-requise\\\/#breadcrumb\"},\"inLanguage\":\"fr-FR\",\"potentialAction\":[{\"@type\":\"ReadAction\",\"target\":[\"https:\\\/\\\/blogs.editionscle.com\\\/logos\\\/configuration-requise\\\/\"]}]},{\"@type\":\"BreadcrumbList\",\"@id\":\"https:\\\/\\\/blogs.editionscle.com\\\/logos\\\/configuration-requise\\\/#breadcrumb\",\"itemListElement\":[{\"@type\":\"ListItem\",\"position\":1,\"name\":\"Accueil\",\"item\":\"https:\\\/\\\/blogs.editionscle.com\\\/logos\\\/\"},{\"@type\":\"ListItem\",\"position\":2,\"name\":\"Configuration requise\"}]},{\"@type\":\"WebSite\",\"@id\":\"https:\\\/\\\/blogs.editionscle.com\\\/logos\\\/#website\",\"url\":\"https:\\\/\\\/blogs.editionscle.com\\\/logos\\\/\",\"name\":\"Espace Logos\",\"description\":\"Tout sur la version fran\u00e7aise\",\"potentialAction\":[{\"@type\":\"SearchAction\",\"target\":{\"@type\":\"EntryPoint\",\"urlTemplate\":\"https:\\\/\\\/blogs.editionscle.com\\\/logos\\\/?s={search_term_string}\"},\"query-input\":{\"@type\":\"PropertyValueSpecification\",\"valueRequired\":true,\"valueName\":\"search_term_string\"}}],\"inLanguage\":\"fr-FR\"}]}<\/script>\n<!-- \/ Yoast SEO plugin. -->","yoast_head_json":{"title":"Configuration requise - Espace Logos","robots":{"index":"index","follow":"follow","max-snippet":"max-snippet:-1","max-image-preview":"max-image-preview:large","max-video-preview":"max-video-preview:-1"},"canonical":"https:\/\/blogs.editionscle.com\/logos\/configuration-requise\/","og_locale":"fr_FR","og_type":"article","og_title":"Configuration requise - Espace Logos","og_description":"Windows Windows 7 SP1 ou sup\u00e9rieur 2 Go RAM (m\u00e9moire vive) 1024 x 768\u00a0affichage 30 Go\u00a0d&rsquo;espace libre. Disque dut interne\u00a0HDD\/SSD (si vous avez beaucoup d&rsquo;autres ressources ce chiffre peut \u00eatre revue \u00e0 la hausse). Les pack Cl\u00e9\u00a0occupent moins de\u00a010 Go. Connexion Internet (pour l&rsquo;activation, les mises \u00e0 jour et quelques fonctions) Mac OS X \u00ab\u00a0Mavericks\u00a0\u00bb &hellip; Continuer la lecture de Configuration requise &rarr;","og_url":"https:\/\/blogs.editionscle.com\/logos\/configuration-requise\/","og_site_name":"Espace Logos","twitter_card":"summary_large_image","twitter_misc":{"Dur\u00e9e de lecture estim\u00e9e":"1 minute"},"schema":{"@context":"https:\/\/schema.org","@graph":[{"@type":"WebPage","@id":"https:\/\/blogs.editionscle.com\/logos\/configuration-requise\/","url":"https:\/\/blogs.editionscle.com\/logos\/configuration-requise\/","name":"Configuration requise - Espace Logos","isPartOf":{"@id":"https:\/\/blogs.editionscle.com\/logos\/#website"},"datePublished":"2014-11-06T10:18:38+00:00","breadcrumb":{"@id":"https:\/\/blogs.editionscle.com\/logos\/configuration-requise\/#breadcrumb"},"inLanguage":"fr-FR","potentialAction":[{"@type":"ReadAction","target":["https:\/\/blogs.editionscle.com\/logos\/configuration-requise\/"]}]},{"@type":"BreadcrumbList","@id":"https:\/\/blogs.editionscle.com\/logos\/configuration-requise\/#breadcrumb","itemListElement":[{"@type":"ListItem","position":1,"name":"Accueil","item":"https:\/\/blogs.editionscle.com\/logos\/"},{"@type":"ListItem","position":2,"name":"Configuration requise"}]},{"@type":"WebSite","@id":"https:\/\/blogs.editionscle.com\/logos\/#website","url":"https:\/\/blogs.editionscle.com\/logos\/","name":"Espace Logos","description":"Tout sur la version fran\u00e7aise","potentialAction":[{"@type":"SearchAction","target":{"@type":"EntryPoint","urlTemplate":"https:\/\/blogs.editionscle.com\/logos\/?s={search_term_string}"},"query-input":{"@type":"PropertyValueSpecification","valueRequired":true,"valueName":"search_term_string"}}],"inLanguage":"fr-FR"}]}},"_links":{"self":[{"href":"https:\/\/blogs.editionscle.com\/logos\/wp-json\/wp\/v2\/pages\/251","targetHints":{"allow":["GET"]}}],"collection":[{"href":"https:\/\/blogs.editionscle.com\/logos\/wp-json\/wp\/v2\/pages"}],"about":[{"href":"https:\/\/blogs.editionscle.com\/logos\/wp-json\/wp\/v2\/types\/page"}],"author":[{"embeddable":true,"href":"https:\/\/blogs.editionscle.com\/logos\/wp-json\/wp\/v2\/users\/1"}],"replies":[{"embeddable":true,"href":"https:\/\/blogs.editionscle.com\/logos\/wp-json\/wp\/v2\/comments?post=251"}],"version-history":[{"count":1,"href":"https:\/\/blogs.editionscle.com\/logos\/wp-json\/wp\/v2\/pages\/251\/revisions"}],"predecessor-version":[{"id":253,"href":"https:\/\/blogs.editionscle.com\/logos\/wp-json\/wp\/v2\/pages\/251\/revisions\/253"}],"wp:attachment":[{"href":"https:\/\/blogs.editionscle.com\/logos\/wp-json\/wp\/v2\/media?parent=251"}],"curies":[{"name":"wp","href":"https:\/\/api.w.org\/{rel}","templated":true}]}}