{"id":408,"date":"2014-11-26T13:24:41","date_gmt":"2014-11-26T13:24:41","guid":{"rendered":"http:\/\/editionscle.com\/logos\/?page_id=408"},"modified":"2014-11-26T15:17:53","modified_gmt":"2014-11-26T15:17:53","slug":"faq-7-pourquoi-ny-a-t-il-pas-de-reverse-interlineaire-dans-le-pack-cle-premier","status":"publish","type":"page","link":"https:\/\/blogs.editionscle.com\/logos\/faq-7-pourquoi-ny-a-t-il-pas-de-reverse-interlineaire-dans-le-pack-cle-premier\/","title":{"rendered":"FAQ 7 : pourquoi n&rsquo;y a t-il pas de reverse interlin\u00e9aire dans le Pack Cl\u00e9-Premier ?"},"content":{"rendered":"<p>Il \u00e9tait pourtant pr\u00e9vu. Deux sp\u00e9cialistes (h\u00e9breux et grec) ont travaill\u00e9 longuement sur le reverse interlin\u00e9aire de la LSG. Toutefois, au moment de l&rsquo;introduire dans Logos, les \u00e9quipes techniques de Logos ont rencontr\u00e9 des difficult\u00e9s qui n&rsquo;ont pu \u00eatre r\u00e9solues \u00e0 temps pour la sortie du pack Cl\u00e9-Premier. \u00a0Avec Logos nous\u00a0travaillons \u00e0 la\u00a0r\u00e9solution de ces difficult\u00e9s.<\/p>\n<p>Nous sommes conscients de la g\u00eane que cela peut occasionner. Nous esp\u00e9rons que ce texte (et d&rsquo;autres reverses interlin\u00e9aires) sera disponible soit s\u00e9par\u00e9ment soit\u00a0\u00a0dans un prochain pack Cl\u00e9 \u00e0 venir.<\/p>\n<p><a title=\"Comment travailler avec les Strongs sans le reverse interlin\u00e9aire ?\" href=\"http:\/\/editionscle.com\/logos\/comment-travailler-avec-les-strongs-sans-le-reverse-interlineaire\/\">Nous avons publi\u00e9\u00a0un article dans cet espace pour expliquer comment utiliser les Strongs avec le NT Grec SBL. Nous \u00a0vous conseillons de le lire<\/a>.<\/p>\n<p><a title=\"Lire l'article\" href=\"http:\/\/editionscle.com\/logos\/comment-travailler-avec-les-strongs-sans-le-reverse-interlineaire\/\" target=\"_blank\" rel=\"http:\/\/editionscle.com\/logos\/comment-travailler-avec-les-strongs-sans-le-reverse-interlineaire\/\"><img loading=\"lazy\" decoding=\"async\" class=\"aligncenter wp-image-386 \" src=\"http:\/\/www.editionscle.com\/logos\/wp-content\/uploads\/2014\/11\/PostGrecP2.jpg\" alt=\"PostGrecP2\" width=\"203\" height=\"75\" srcset=\"https:\/\/blogs.editionscle.com\/logos\/wp-content\/uploads\/sites\/3\/2014\/11\/PostGrecP2.jpg 986w, https:\/\/blogs.editionscle.com\/logos\/wp-content\/uploads\/sites\/3\/2014\/11\/PostGrecP2-300x111.jpg 300w\" sizes=\"auto, (max-width: 203px) 100vw, 203px\" \/><\/a><\/p>\n","protected":false},"excerpt":{"rendered":"<p>Il \u00e9tait pourtant pr\u00e9vu. Deux sp\u00e9cialistes (h\u00e9breux et grec) ont travaill\u00e9 longuement sur le reverse interlin\u00e9aire de la LSG. Toutefois, au moment de l&rsquo;introduire dans Logos, les \u00e9quipes techniques de Logos ont rencontr\u00e9 des difficult\u00e9s qui n&rsquo;ont pu \u00eatre r\u00e9solues \u00e0 temps pour la sortie du pack Cl\u00e9-Premier. \u00a0Avec Logos nous\u00a0travaillons \u00e0 la\u00a0r\u00e9solution de ces &hellip; <a href=\"https:\/\/blogs.editionscle.com\/logos\/faq-7-pourquoi-ny-a-t-il-pas-de-reverse-interlineaire-dans-le-pack-cle-premier\/\" class=\"more-link\">Continuer la lecture de <span class=\"screen-reader-text\">FAQ 7 : pourquoi n&rsquo;y a t-il pas de reverse interlin\u00e9aire dans le Pack Cl\u00e9-Premier ?<\/span>  <span class=\"meta-nav\">&rarr;<\/span><\/a><\/p>\n","protected":false},"author":1,"featured_media":0,"parent":0,"menu_order":0,"comment_status":"closed","ping_status":"closed","template":"","meta":{"footnotes":""},"class_list":["post-408","page","type-page","status-publish","hentry"],"yoast_head":"<!-- This site is optimized with the Yoast SEO plugin v27.4 - https:\/\/yoast.com\/product\/yoast-seo-wordpress\/ -->\n<title>FAQ 7 : pourquoi n&#039;y a t-il pas de reverse interlin\u00e9aire dans le Pack Cl\u00e9-Premier ? - Espace Logos<\/title>\n<meta name=\"robots\" content=\"index, follow, max-snippet:-1, max-image-preview:large, max-video-preview:-1\" \/>\n<link rel=\"canonical\" href=\"https:\/\/blogs.editionscle.com\/logos\/faq-7-pourquoi-ny-a-t-il-pas-de-reverse-interlineaire-dans-le-pack-cle-premier\/\" \/>\n<meta property=\"og:locale\" content=\"fr_FR\" \/>\n<meta property=\"og:type\" content=\"article\" \/>\n<meta property=\"og:title\" content=\"FAQ 7 : pourquoi n&#039;y a t-il pas de reverse interlin\u00e9aire dans le Pack Cl\u00e9-Premier ? - Espace Logos\" \/>\n<meta property=\"og:description\" content=\"Il \u00e9tait pourtant pr\u00e9vu. Deux sp\u00e9cialistes (h\u00e9breux et grec) ont travaill\u00e9 longuement sur le reverse interlin\u00e9aire de la LSG. Toutefois, au moment de l&rsquo;introduire dans Logos, les \u00e9quipes techniques de Logos ont rencontr\u00e9 des difficult\u00e9s qui n&rsquo;ont pu \u00eatre r\u00e9solues \u00e0 temps pour la sortie du pack Cl\u00e9-Premier. \u00a0Avec Logos nous\u00a0travaillons \u00e0 la\u00a0r\u00e9solution de ces &hellip; Continuer la lecture de FAQ 7 : pourquoi n&rsquo;y a t-il pas de reverse interlin\u00e9aire dans le Pack Cl\u00e9-Premier ? &rarr;\" \/>\n<meta property=\"og:url\" content=\"https:\/\/blogs.editionscle.com\/logos\/faq-7-pourquoi-ny-a-t-il-pas-de-reverse-interlineaire-dans-le-pack-cle-premier\/\" \/>\n<meta property=\"og:site_name\" content=\"Espace Logos\" \/>\n<meta property=\"article:modified_time\" content=\"2014-11-26T15:17:53+00:00\" \/>\n<meta property=\"og:image\" content=\"http:\/\/www.editionscle.com\/logos\/wp-content\/uploads\/2014\/11\/PostGrecP2.jpg\" \/>\n<meta name=\"twitter:card\" content=\"summary_large_image\" \/>\n<meta name=\"twitter:label1\" content=\"Dur\u00e9e de lecture estim\u00e9e\" \/>\n\t<meta name=\"twitter:data1\" content=\"1 minute\" \/>\n<script type=\"application\/ld+json\" class=\"yoast-schema-graph\">{\"@context\":\"https:\\\/\\\/schema.org\",\"@graph\":[{\"@type\":\"WebPage\",\"@id\":\"https:\\\/\\\/blogs.editionscle.com\\\/logos\\\/faq-7-pourquoi-ny-a-t-il-pas-de-reverse-interlineaire-dans-le-pack-cle-premier\\\/\",\"url\":\"https:\\\/\\\/blogs.editionscle.com\\\/logos\\\/faq-7-pourquoi-ny-a-t-il-pas-de-reverse-interlineaire-dans-le-pack-cle-premier\\\/\",\"name\":\"FAQ 7 : pourquoi n'y a t-il pas de reverse interlin\u00e9aire dans le Pack Cl\u00e9-Premier ? - Espace Logos\",\"isPartOf\":{\"@id\":\"https:\\\/\\\/blogs.editionscle.com\\\/logos\\\/#website\"},\"primaryImageOfPage\":{\"@id\":\"https:\\\/\\\/blogs.editionscle.com\\\/logos\\\/faq-7-pourquoi-ny-a-t-il-pas-de-reverse-interlineaire-dans-le-pack-cle-premier\\\/#primaryimage\"},\"image\":{\"@id\":\"https:\\\/\\\/blogs.editionscle.com\\\/logos\\\/faq-7-pourquoi-ny-a-t-il-pas-de-reverse-interlineaire-dans-le-pack-cle-premier\\\/#primaryimage\"},\"thumbnailUrl\":\"http:\\\/\\\/www.editionscle.com\\\/logos\\\/wp-content\\\/uploads\\\/2014\\\/11\\\/PostGrecP2.jpg\",\"datePublished\":\"2014-11-26T13:24:41+00:00\",\"dateModified\":\"2014-11-26T15:17:53+00:00\",\"breadcrumb\":{\"@id\":\"https:\\\/\\\/blogs.editionscle.com\\\/logos\\\/faq-7-pourquoi-ny-a-t-il-pas-de-reverse-interlineaire-dans-le-pack-cle-premier\\\/#breadcrumb\"},\"inLanguage\":\"fr-FR\",\"potentialAction\":[{\"@type\":\"ReadAction\",\"target\":[\"https:\\\/\\\/blogs.editionscle.com\\\/logos\\\/faq-7-pourquoi-ny-a-t-il-pas-de-reverse-interlineaire-dans-le-pack-cle-premier\\\/\"]}]},{\"@type\":\"ImageObject\",\"inLanguage\":\"fr-FR\",\"@id\":\"https:\\\/\\\/blogs.editionscle.com\\\/logos\\\/faq-7-pourquoi-ny-a-t-il-pas-de-reverse-interlineaire-dans-le-pack-cle-premier\\\/#primaryimage\",\"url\":\"http:\\\/\\\/www.editionscle.com\\\/logos\\\/wp-content\\\/uploads\\\/2014\\\/11\\\/PostGrecP2.jpg\",\"contentUrl\":\"http:\\\/\\\/www.editionscle.com\\\/logos\\\/wp-content\\\/uploads\\\/2014\\\/11\\\/PostGrecP2.jpg\"},{\"@type\":\"BreadcrumbList\",\"@id\":\"https:\\\/\\\/blogs.editionscle.com\\\/logos\\\/faq-7-pourquoi-ny-a-t-il-pas-de-reverse-interlineaire-dans-le-pack-cle-premier\\\/#breadcrumb\",\"itemListElement\":[{\"@type\":\"ListItem\",\"position\":1,\"name\":\"Accueil\",\"item\":\"https:\\\/\\\/blogs.editionscle.com\\\/logos\\\/\"},{\"@type\":\"ListItem\",\"position\":2,\"name\":\"FAQ 7 : pourquoi n&rsquo;y a t-il pas de reverse interlin\u00e9aire dans le Pack Cl\u00e9-Premier ?\"}]},{\"@type\":\"WebSite\",\"@id\":\"https:\\\/\\\/blogs.editionscle.com\\\/logos\\\/#website\",\"url\":\"https:\\\/\\\/blogs.editionscle.com\\\/logos\\\/\",\"name\":\"Espace Logos\",\"description\":\"Tout sur la version fran\u00e7aise\",\"potentialAction\":[{\"@type\":\"SearchAction\",\"target\":{\"@type\":\"EntryPoint\",\"urlTemplate\":\"https:\\\/\\\/blogs.editionscle.com\\\/logos\\\/?s={search_term_string}\"},\"query-input\":{\"@type\":\"PropertyValueSpecification\",\"valueRequired\":true,\"valueName\":\"search_term_string\"}}],\"inLanguage\":\"fr-FR\"}]}<\/script>\n<!-- \/ Yoast SEO plugin. -->","yoast_head_json":{"title":"FAQ 7 : pourquoi n'y a t-il pas de reverse interlin\u00e9aire dans le Pack Cl\u00e9-Premier ? - Espace Logos","robots":{"index":"index","follow":"follow","max-snippet":"max-snippet:-1","max-image-preview":"max-image-preview:large","max-video-preview":"max-video-preview:-1"},"canonical":"https:\/\/blogs.editionscle.com\/logos\/faq-7-pourquoi-ny-a-t-il-pas-de-reverse-interlineaire-dans-le-pack-cle-premier\/","og_locale":"fr_FR","og_type":"article","og_title":"FAQ 7 : pourquoi n'y a t-il pas de reverse interlin\u00e9aire dans le Pack Cl\u00e9-Premier ? - Espace Logos","og_description":"Il \u00e9tait pourtant pr\u00e9vu. Deux sp\u00e9cialistes (h\u00e9breux et grec) ont travaill\u00e9 longuement sur le reverse interlin\u00e9aire de la LSG. Toutefois, au moment de l&rsquo;introduire dans Logos, les \u00e9quipes techniques de Logos ont rencontr\u00e9 des difficult\u00e9s qui n&rsquo;ont pu \u00eatre r\u00e9solues \u00e0 temps pour la sortie du pack Cl\u00e9-Premier. \u00a0Avec Logos nous\u00a0travaillons \u00e0 la\u00a0r\u00e9solution de ces &hellip; Continuer la lecture de FAQ 7 : pourquoi n&rsquo;y a t-il pas de reverse interlin\u00e9aire dans le Pack Cl\u00e9-Premier ? &rarr;","og_url":"https:\/\/blogs.editionscle.com\/logos\/faq-7-pourquoi-ny-a-t-il-pas-de-reverse-interlineaire-dans-le-pack-cle-premier\/","og_site_name":"Espace Logos","article_modified_time":"2014-11-26T15:17:53+00:00","og_image":[{"url":"http:\/\/www.editionscle.com\/logos\/wp-content\/uploads\/2014\/11\/PostGrecP2.jpg","type":"","width":"","height":""}],"twitter_card":"summary_large_image","twitter_misc":{"Dur\u00e9e de lecture estim\u00e9e":"1 minute"},"schema":{"@context":"https:\/\/schema.org","@graph":[{"@type":"WebPage","@id":"https:\/\/blogs.editionscle.com\/logos\/faq-7-pourquoi-ny-a-t-il-pas-de-reverse-interlineaire-dans-le-pack-cle-premier\/","url":"https:\/\/blogs.editionscle.com\/logos\/faq-7-pourquoi-ny-a-t-il-pas-de-reverse-interlineaire-dans-le-pack-cle-premier\/","name":"FAQ 7 : pourquoi n'y a t-il pas de reverse interlin\u00e9aire dans le Pack Cl\u00e9-Premier ? - Espace Logos","isPartOf":{"@id":"https:\/\/blogs.editionscle.com\/logos\/#website"},"primaryImageOfPage":{"@id":"https:\/\/blogs.editionscle.com\/logos\/faq-7-pourquoi-ny-a-t-il-pas-de-reverse-interlineaire-dans-le-pack-cle-premier\/#primaryimage"},"image":{"@id":"https:\/\/blogs.editionscle.com\/logos\/faq-7-pourquoi-ny-a-t-il-pas-de-reverse-interlineaire-dans-le-pack-cle-premier\/#primaryimage"},"thumbnailUrl":"http:\/\/www.editionscle.com\/logos\/wp-content\/uploads\/2014\/11\/PostGrecP2.jpg","datePublished":"2014-11-26T13:24:41+00:00","dateModified":"2014-11-26T15:17:53+00:00","breadcrumb":{"@id":"https:\/\/blogs.editionscle.com\/logos\/faq-7-pourquoi-ny-a-t-il-pas-de-reverse-interlineaire-dans-le-pack-cle-premier\/#breadcrumb"},"inLanguage":"fr-FR","potentialAction":[{"@type":"ReadAction","target":["https:\/\/blogs.editionscle.com\/logos\/faq-7-pourquoi-ny-a-t-il-pas-de-reverse-interlineaire-dans-le-pack-cle-premier\/"]}]},{"@type":"ImageObject","inLanguage":"fr-FR","@id":"https:\/\/blogs.editionscle.com\/logos\/faq-7-pourquoi-ny-a-t-il-pas-de-reverse-interlineaire-dans-le-pack-cle-premier\/#primaryimage","url":"http:\/\/www.editionscle.com\/logos\/wp-content\/uploads\/2014\/11\/PostGrecP2.jpg","contentUrl":"http:\/\/www.editionscle.com\/logos\/wp-content\/uploads\/2014\/11\/PostGrecP2.jpg"},{"@type":"BreadcrumbList","@id":"https:\/\/blogs.editionscle.com\/logos\/faq-7-pourquoi-ny-a-t-il-pas-de-reverse-interlineaire-dans-le-pack-cle-premier\/#breadcrumb","itemListElement":[{"@type":"ListItem","position":1,"name":"Accueil","item":"https:\/\/blogs.editionscle.com\/logos\/"},{"@type":"ListItem","position":2,"name":"FAQ 7 : pourquoi n&rsquo;y a t-il pas de reverse interlin\u00e9aire dans le Pack Cl\u00e9-Premier ?"}]},{"@type":"WebSite","@id":"https:\/\/blogs.editionscle.com\/logos\/#website","url":"https:\/\/blogs.editionscle.com\/logos\/","name":"Espace Logos","description":"Tout sur la version fran\u00e7aise","potentialAction":[{"@type":"SearchAction","target":{"@type":"EntryPoint","urlTemplate":"https:\/\/blogs.editionscle.com\/logos\/?s={search_term_string}"},"query-input":{"@type":"PropertyValueSpecification","valueRequired":true,"valueName":"search_term_string"}}],"inLanguage":"fr-FR"}]}},"_links":{"self":[{"href":"https:\/\/blogs.editionscle.com\/logos\/wp-json\/wp\/v2\/pages\/408","targetHints":{"allow":["GET"]}}],"collection":[{"href":"https:\/\/blogs.editionscle.com\/logos\/wp-json\/wp\/v2\/pages"}],"about":[{"href":"https:\/\/blogs.editionscle.com\/logos\/wp-json\/wp\/v2\/types\/page"}],"author":[{"embeddable":true,"href":"https:\/\/blogs.editionscle.com\/logos\/wp-json\/wp\/v2\/users\/1"}],"replies":[{"embeddable":true,"href":"https:\/\/blogs.editionscle.com\/logos\/wp-json\/wp\/v2\/comments?post=408"}],"version-history":[{"count":7,"href":"https:\/\/blogs.editionscle.com\/logos\/wp-json\/wp\/v2\/pages\/408\/revisions"}],"predecessor-version":[{"id":425,"href":"https:\/\/blogs.editionscle.com\/logos\/wp-json\/wp\/v2\/pages\/408\/revisions\/425"}],"wp:attachment":[{"href":"https:\/\/blogs.editionscle.com\/logos\/wp-json\/wp\/v2\/media?parent=408"}],"curies":[{"name":"wp","href":"https:\/\/api.w.org\/{rel}","templated":true}]}}