{"id":439,"date":"2014-11-26T17:19:14","date_gmt":"2014-11-26T17:19:14","guid":{"rendered":"http:\/\/editionscle.com\/logos\/?page_id=439"},"modified":"2015-01-02T18:16:14","modified_gmt":"2015-01-02T18:16:14","slug":"installer-le-produit-2","status":"publish","type":"page","link":"https:\/\/blogs.editionscle.com\/logos\/installer-le-produit-2\/","title":{"rendered":"Installer le produit"},"content":{"rendered":"<p><strong>Condition pr\u00e9alable<\/strong> : vous avez valid\u00e9 avec \u00a0succ\u00e8s l&rsquo;achat d&rsquo;un pack Cl\u00e9-D\u00e9couverte ou Cl\u00e9-Premier sur le site www.logos.com<br \/>\n<strong><br \/>\nNota :<\/strong> Voir \u00e0 la fin de l&rsquo;article, l&rsquo;installation sur les smartphones et tablettes (iOs et Andro\u00efd). Elle est distincte de l&rsquo;installation sur un\u00a0PC ou un Mac. Voir aussi l&rsquo;article sur <a title=\"Comment travailler avec Logos sur mon appareil mobile sans connexion internet ?\" href=\"http:\/\/editionscle.com\/logos\/comment-travailler-avec-logos-sur-mon-appareil-mobile-sans-connexion-internet\/\">le t\u00e9l\u00e9chargement des ressources dans un appareil mobile<\/a>.<\/p>\n<p><strong>1. INSTALLATION SUR UN PC OU UN MAC<\/strong><\/p>\n<p>Deux cas se pr\u00e9sente :<\/p>\n<p><span style=\"color: #0000ff;\"><strong>Cas 1\u00a0:\u00a0Vous avez d\u00e9j\u00e0 install\u00e9 une version de Logos sur votre PC ou Mac.<\/strong><\/span><\/p>\n<p>Vous n&rsquo;avez rien de sp\u00e9cial \u00e0 faire. Logos va ajouter automatiquement votre pack dans la biblioth\u00e8que de Logos.<\/p>\n<p><span style=\"color: #0000ff;\"><strong>Cas 2\u00a0:\u00a0Vous n&rsquo;avez encore jamais install\u00e9 Logos sur votre PC ou Mac.<\/strong><\/span><\/p>\n<p>1\/ Cliquez sur\u00a0cette adresse : \u00a0\u00a0<a title=\"Cliquez sur ce lien pour acc\u00e9der \u00e0 la proc\u00e9dure d'installation\" href=\"https:\/\/www.logos.com\/support\/logos5\/install\" target=\"_blank\">https:\/\/www.logos.com\/support\/logos5\/install<\/a><\/p>\n<p>2\/ La page suivante appara\u00eet \u00a0:<\/p>\n<p><a href=\"http:\/\/www.editionscle.com\/logos\/wp-content\/uploads\/2014\/11\/InstallLogos5.jpg\"><img loading=\"lazy\" decoding=\"async\" class=\"aligncenter size-full wp-image-440\" src=\"http:\/\/www.editionscle.com\/logos\/wp-content\/uploads\/2014\/11\/InstallLogos5.jpg\" alt=\"InstallLogos5\" width=\"625\" height=\"352\" srcset=\"https:\/\/blogs.editionscle.com\/logos\/wp-content\/uploads\/sites\/3\/2014\/11\/InstallLogos5.jpg 625w, https:\/\/blogs.editionscle.com\/logos\/wp-content\/uploads\/sites\/3\/2014\/11\/InstallLogos5-300x168.jpg 300w\" sizes=\"auto, (max-width: 625px) 100vw, 625px\" \/><\/a><\/p>\n<p>&nbsp;<\/p>\n<p>3\/\u00a0Un programme d&rsquo;installation se lance.<\/p>\n<p>4\/ Patientez pendant l&rsquo;installation.<\/p>\n<p>5\/ Puis renseignez votre login\/mot de passe quand le logiciel vous le demandera.<\/p>\n<p>6\/ Logos va t\u00e9l\u00e9charger toutes vos ressources et les indexer.<\/p>\n<p>Cela peut prendre plus d&rsquo;une heure suivant la vitesse de votre connexion Internet&#8230; Soyez patient.<\/p>\n<p><strong>Conseil :<\/strong> Vous ne devez pas forcement rester devant votre \u00e9cran pendant cette \u00e9tape. Vous pouvez la lancer avant un repas&#8230;<\/p>\n<p>7\/ Quand le message d&rsquo;indexation disparait vous pouvez utiliser votre Logos.<\/p>\n<p><strong>2. INSTALLATION SUR UN SMARPHONE OU UNE TABLETTE<\/strong><\/p>\n<p>Deux cas se pr\u00e9sentent : soit il s&rsquo;agit d&rsquo;un iPhone ou iPad soit il s&rsquo;agit d&rsquo;un appareil sous Android.<\/p>\n<p><strong><span style=\"color: #0000ff;\">Cas 1\u00a0: Installer Logos sur un iPhone ou un iPad<\/span><\/strong><\/p>\n<p>L&rsquo;installation de l&rsquo;application Logos se fait comme pour n&rsquo;importe quelle autre application iOs.<\/p>\n<p>1\/ Depuis votre appareil, allez sur AppStore.<br \/>\n<img loading=\"lazy\" decoding=\"async\" class=\"aligncenter wp-image-558 size-thumbnail\" src=\"http:\/\/www.editionscle.com\/logos\/wp-content\/uploads\/2015\/01\/App_Store_Logo-150x150.png\" alt=\"App_Store_Logo\" width=\"150\" height=\"150\" srcset=\"https:\/\/blogs.editionscle.com\/logos\/wp-content\/uploads\/sites\/3\/2015\/01\/App_Store_Logo-150x150.png 150w, https:\/\/blogs.editionscle.com\/logos\/wp-content\/uploads\/sites\/3\/2015\/01\/App_Store_Logo.png 176w\" sizes=\"auto, (max-width: 150px) 100vw, 150px\" \/>2\/\u00a0Tapez sur Recherche et entrez les mots : bible logos<\/p>\n<p>3\/ L&rsquo;application Logos de FaithLife appara\u00eet.<\/p>\n<p>4\/ Tapez sur\u00a0<strong>Obtenir<\/strong><\/p>\n<p>5\/ Renseignez votre mot de passe et validez.<\/p>\n<p>6\/ L&rsquo;application se t\u00e9l\u00e9charge et s&rsquo;installe.<\/p>\n<p>7\/ D\u00e8s que tout est install\u00e9, lancez l&rsquo;application<\/p>\n<p>8\/ Validez les options propos\u00e9 puis entrez vos identifiants personnels :\u00a0login et mot de passe (de connexion au site Logos.com )<\/p>\n<p>9\/ Logos t\u00e9l\u00e9charge l&rsquo;index de votre\u00a0biblioth\u00e8que.<\/p>\n<p>10\/\u00a0Vous pouvez ensuite utiliser votre application !<\/p>\n<p><strong><span style=\"color: #0000ff;\">Cas 2\u00a0: Installer Logos sur un appareil Android (smartphone ou tablette)<\/span><\/strong><\/p>\n<p>L&rsquo;installation de l&rsquo;application Logos se fait comme pour n&rsquo;importe quelle autre application Android.<\/p>\n<p>1\/ Depuis votre appareil, allez sur Google Play\u00a0.<br \/>\n<img loading=\"lazy\" decoding=\"async\" class=\"aligncenter wp-image-559 size-medium\" src=\"http:\/\/www.editionscle.com\/logos\/wp-content\/uploads\/2015\/01\/Logogoogleplay-300x110.jpg\" alt=\"Logogoogleplay\" width=\"300\" height=\"110\" srcset=\"https:\/\/blogs.editionscle.com\/logos\/wp-content\/uploads\/sites\/3\/2015\/01\/Logogoogleplay-300x110.jpg 300w, https:\/\/blogs.editionscle.com\/logos\/wp-content\/uploads\/sites\/3\/2015\/01\/Logogoogleplay.jpg 371w\" sizes=\"auto, (max-width: 300px) 100vw, 300px\" \/><a href=\"http:\/\/www.editionscle.com\/logos\/wp-content\/uploads\/2015\/01\/App_Store_Logo.png\"><br \/>\n<\/a>2\/\u00a0Tapez sur Recherche et entrez les mots : bible logos<\/p>\n<p>3\/ L&rsquo;application Logos de FaithLife appara\u00eet.<\/p>\n<p>4\/ Tapez sur\u00a0<strong>Obtenir<\/strong><\/p>\n<p>5\/ Renseignez votre mot de passe et validez.<\/p>\n<p>6\/ L&rsquo;application se t\u00e9l\u00e9charge et s&rsquo;installe.<\/p>\n<p>7\/ D\u00e8s que tout est install\u00e9, lancez l&rsquo;application<\/p>\n<p>8\/ Validez les options propos\u00e9 puis entrez vos identifiants personnels :\u00a0login et mot de passe (de connexion au site Logos.com )<\/p>\n<p>9\/ Logos t\u00e9l\u00e9charge l&rsquo;index de votre\u00a0biblioth\u00e8que.<\/p>\n<p>10\/\u00a0Vous pouvez ensuite utiliser votre application !<\/p>\n","protected":false},"excerpt":{"rendered":"<p>Condition pr\u00e9alable : vous avez valid\u00e9 avec \u00a0succ\u00e8s l&rsquo;achat d&rsquo;un pack Cl\u00e9-D\u00e9couverte ou Cl\u00e9-Premier sur le site www.logos.com Nota : Voir \u00e0 la fin de l&rsquo;article, l&rsquo;installation sur les smartphones et tablettes (iOs et Andro\u00efd). Elle est distincte de l&rsquo;installation sur un\u00a0PC ou un Mac. Voir aussi l&rsquo;article sur le t\u00e9l\u00e9chargement des ressources dans un &hellip; <a href=\"https:\/\/blogs.editionscle.com\/logos\/installer-le-produit-2\/\" class=\"more-link\">Continuer la lecture de <span class=\"screen-reader-text\">Installer le produit<\/span>  <span class=\"meta-nav\">&rarr;<\/span><\/a><\/p>\n","protected":false},"author":1,"featured_media":0,"parent":0,"menu_order":0,"comment_status":"closed","ping_status":"closed","template":"","meta":{"footnotes":""},"class_list":["post-439","page","type-page","status-publish","hentry"],"yoast_head":"<!-- This site is optimized with the Yoast SEO plugin v27.4 - https:\/\/yoast.com\/product\/yoast-seo-wordpress\/ -->\n<title>Installer le produit - Espace Logos<\/title>\n<meta name=\"robots\" content=\"index, follow, max-snippet:-1, max-image-preview:large, max-video-preview:-1\" \/>\n<link rel=\"canonical\" href=\"https:\/\/blogs.editionscle.com\/logos\/installer-le-produit-2\/\" \/>\n<meta property=\"og:locale\" content=\"fr_FR\" \/>\n<meta property=\"og:type\" content=\"article\" \/>\n<meta property=\"og:title\" content=\"Installer le produit - Espace Logos\" \/>\n<meta property=\"og:description\" content=\"Condition pr\u00e9alable : vous avez valid\u00e9 avec \u00a0succ\u00e8s l&rsquo;achat d&rsquo;un pack Cl\u00e9-D\u00e9couverte ou Cl\u00e9-Premier sur le site www.logos.com Nota : Voir \u00e0 la fin de l&rsquo;article, l&rsquo;installation sur les smartphones et tablettes (iOs et Andro\u00efd). Elle est distincte de l&rsquo;installation sur un\u00a0PC ou un Mac. Voir aussi l&rsquo;article sur le t\u00e9l\u00e9chargement des ressources dans un &hellip; Continuer la lecture de Installer le produit &rarr;\" \/>\n<meta property=\"og:url\" content=\"https:\/\/blogs.editionscle.com\/logos\/installer-le-produit-2\/\" \/>\n<meta property=\"og:site_name\" content=\"Espace Logos\" \/>\n<meta property=\"article:modified_time\" content=\"2015-01-02T18:16:14+00:00\" \/>\n<meta property=\"og:image\" content=\"http:\/\/www.editionscle.com\/logos\/wp-content\/uploads\/2014\/11\/InstallLogos5.jpg\" \/>\n<meta name=\"twitter:card\" content=\"summary_large_image\" \/>\n<meta name=\"twitter:label1\" content=\"Dur\u00e9e de lecture estim\u00e9e\" \/>\n\t<meta name=\"twitter:data1\" content=\"2 minutes\" \/>\n<script type=\"application\/ld+json\" class=\"yoast-schema-graph\">{\"@context\":\"https:\\\/\\\/schema.org\",\"@graph\":[{\"@type\":\"WebPage\",\"@id\":\"https:\\\/\\\/blogs.editionscle.com\\\/logos\\\/installer-le-produit-2\\\/\",\"url\":\"https:\\\/\\\/blogs.editionscle.com\\\/logos\\\/installer-le-produit-2\\\/\",\"name\":\"Installer le produit - Espace Logos\",\"isPartOf\":{\"@id\":\"https:\\\/\\\/blogs.editionscle.com\\\/logos\\\/#website\"},\"primaryImageOfPage\":{\"@id\":\"https:\\\/\\\/blogs.editionscle.com\\\/logos\\\/installer-le-produit-2\\\/#primaryimage\"},\"image\":{\"@id\":\"https:\\\/\\\/blogs.editionscle.com\\\/logos\\\/installer-le-produit-2\\\/#primaryimage\"},\"thumbnailUrl\":\"http:\\\/\\\/www.editionscle.com\\\/logos\\\/wp-content\\\/uploads\\\/2014\\\/11\\\/InstallLogos5.jpg\",\"datePublished\":\"2014-11-26T17:19:14+00:00\",\"dateModified\":\"2015-01-02T18:16:14+00:00\",\"breadcrumb\":{\"@id\":\"https:\\\/\\\/blogs.editionscle.com\\\/logos\\\/installer-le-produit-2\\\/#breadcrumb\"},\"inLanguage\":\"fr-FR\",\"potentialAction\":[{\"@type\":\"ReadAction\",\"target\":[\"https:\\\/\\\/blogs.editionscle.com\\\/logos\\\/installer-le-produit-2\\\/\"]}]},{\"@type\":\"ImageObject\",\"inLanguage\":\"fr-FR\",\"@id\":\"https:\\\/\\\/blogs.editionscle.com\\\/logos\\\/installer-le-produit-2\\\/#primaryimage\",\"url\":\"http:\\\/\\\/www.editionscle.com\\\/logos\\\/wp-content\\\/uploads\\\/2014\\\/11\\\/InstallLogos5.jpg\",\"contentUrl\":\"http:\\\/\\\/www.editionscle.com\\\/logos\\\/wp-content\\\/uploads\\\/2014\\\/11\\\/InstallLogos5.jpg\"},{\"@type\":\"BreadcrumbList\",\"@id\":\"https:\\\/\\\/blogs.editionscle.com\\\/logos\\\/installer-le-produit-2\\\/#breadcrumb\",\"itemListElement\":[{\"@type\":\"ListItem\",\"position\":1,\"name\":\"Accueil\",\"item\":\"https:\\\/\\\/blogs.editionscle.com\\\/logos\\\/\"},{\"@type\":\"ListItem\",\"position\":2,\"name\":\"Installer le produit\"}]},{\"@type\":\"WebSite\",\"@id\":\"https:\\\/\\\/blogs.editionscle.com\\\/logos\\\/#website\",\"url\":\"https:\\\/\\\/blogs.editionscle.com\\\/logos\\\/\",\"name\":\"Espace Logos\",\"description\":\"Tout sur la version fran\u00e7aise\",\"potentialAction\":[{\"@type\":\"SearchAction\",\"target\":{\"@type\":\"EntryPoint\",\"urlTemplate\":\"https:\\\/\\\/blogs.editionscle.com\\\/logos\\\/?s={search_term_string}\"},\"query-input\":{\"@type\":\"PropertyValueSpecification\",\"valueRequired\":true,\"valueName\":\"search_term_string\"}}],\"inLanguage\":\"fr-FR\"}]}<\/script>\n<!-- \/ Yoast SEO plugin. -->","yoast_head_json":{"title":"Installer le produit - Espace Logos","robots":{"index":"index","follow":"follow","max-snippet":"max-snippet:-1","max-image-preview":"max-image-preview:large","max-video-preview":"max-video-preview:-1"},"canonical":"https:\/\/blogs.editionscle.com\/logos\/installer-le-produit-2\/","og_locale":"fr_FR","og_type":"article","og_title":"Installer le produit - Espace Logos","og_description":"Condition pr\u00e9alable : vous avez valid\u00e9 avec \u00a0succ\u00e8s l&rsquo;achat d&rsquo;un pack Cl\u00e9-D\u00e9couverte ou Cl\u00e9-Premier sur le site www.logos.com Nota : Voir \u00e0 la fin de l&rsquo;article, l&rsquo;installation sur les smartphones et tablettes (iOs et Andro\u00efd). Elle est distincte de l&rsquo;installation sur un\u00a0PC ou un Mac. Voir aussi l&rsquo;article sur le t\u00e9l\u00e9chargement des ressources dans un &hellip; Continuer la lecture de Installer le produit &rarr;","og_url":"https:\/\/blogs.editionscle.com\/logos\/installer-le-produit-2\/","og_site_name":"Espace Logos","article_modified_time":"2015-01-02T18:16:14+00:00","og_image":[{"url":"http:\/\/www.editionscle.com\/logos\/wp-content\/uploads\/2014\/11\/InstallLogos5.jpg","type":"","width":"","height":""}],"twitter_card":"summary_large_image","twitter_misc":{"Dur\u00e9e de lecture estim\u00e9e":"2 minutes"},"schema":{"@context":"https:\/\/schema.org","@graph":[{"@type":"WebPage","@id":"https:\/\/blogs.editionscle.com\/logos\/installer-le-produit-2\/","url":"https:\/\/blogs.editionscle.com\/logos\/installer-le-produit-2\/","name":"Installer le produit - Espace Logos","isPartOf":{"@id":"https:\/\/blogs.editionscle.com\/logos\/#website"},"primaryImageOfPage":{"@id":"https:\/\/blogs.editionscle.com\/logos\/installer-le-produit-2\/#primaryimage"},"image":{"@id":"https:\/\/blogs.editionscle.com\/logos\/installer-le-produit-2\/#primaryimage"},"thumbnailUrl":"http:\/\/www.editionscle.com\/logos\/wp-content\/uploads\/2014\/11\/InstallLogos5.jpg","datePublished":"2014-11-26T17:19:14+00:00","dateModified":"2015-01-02T18:16:14+00:00","breadcrumb":{"@id":"https:\/\/blogs.editionscle.com\/logos\/installer-le-produit-2\/#breadcrumb"},"inLanguage":"fr-FR","potentialAction":[{"@type":"ReadAction","target":["https:\/\/blogs.editionscle.com\/logos\/installer-le-produit-2\/"]}]},{"@type":"ImageObject","inLanguage":"fr-FR","@id":"https:\/\/blogs.editionscle.com\/logos\/installer-le-produit-2\/#primaryimage","url":"http:\/\/www.editionscle.com\/logos\/wp-content\/uploads\/2014\/11\/InstallLogos5.jpg","contentUrl":"http:\/\/www.editionscle.com\/logos\/wp-content\/uploads\/2014\/11\/InstallLogos5.jpg"},{"@type":"BreadcrumbList","@id":"https:\/\/blogs.editionscle.com\/logos\/installer-le-produit-2\/#breadcrumb","itemListElement":[{"@type":"ListItem","position":1,"name":"Accueil","item":"https:\/\/blogs.editionscle.com\/logos\/"},{"@type":"ListItem","position":2,"name":"Installer le produit"}]},{"@type":"WebSite","@id":"https:\/\/blogs.editionscle.com\/logos\/#website","url":"https:\/\/blogs.editionscle.com\/logos\/","name":"Espace Logos","description":"Tout sur la version fran\u00e7aise","potentialAction":[{"@type":"SearchAction","target":{"@type":"EntryPoint","urlTemplate":"https:\/\/blogs.editionscle.com\/logos\/?s={search_term_string}"},"query-input":{"@type":"PropertyValueSpecification","valueRequired":true,"valueName":"search_term_string"}}],"inLanguage":"fr-FR"}]}},"_links":{"self":[{"href":"https:\/\/blogs.editionscle.com\/logos\/wp-json\/wp\/v2\/pages\/439","targetHints":{"allow":["GET"]}}],"collection":[{"href":"https:\/\/blogs.editionscle.com\/logos\/wp-json\/wp\/v2\/pages"}],"about":[{"href":"https:\/\/blogs.editionscle.com\/logos\/wp-json\/wp\/v2\/types\/page"}],"author":[{"embeddable":true,"href":"https:\/\/blogs.editionscle.com\/logos\/wp-json\/wp\/v2\/users\/1"}],"replies":[{"embeddable":true,"href":"https:\/\/blogs.editionscle.com\/logos\/wp-json\/wp\/v2\/comments?post=439"}],"version-history":[{"count":9,"href":"https:\/\/blogs.editionscle.com\/logos\/wp-json\/wp\/v2\/pages\/439\/revisions"}],"predecessor-version":[{"id":571,"href":"https:\/\/blogs.editionscle.com\/logos\/wp-json\/wp\/v2\/pages\/439\/revisions\/571"}],"wp:attachment":[{"href":"https:\/\/blogs.editionscle.com\/logos\/wp-json\/wp\/v2\/media?parent=439"}],"curies":[{"name":"wp","href":"https:\/\/api.w.org\/{rel}","templated":true}]}}