{"id":447,"date":"2014-12-04T17:46:43","date_gmt":"2014-12-04T17:46:43","guid":{"rendered":"http:\/\/editionscle.com\/logos\/?page_id=447"},"modified":"2014-12-09T16:25:00","modified_gmt":"2014-12-09T16:25:00","slug":"faq-8-je-recois-trop-demails-de-la-part-de-logos-comment-gerer-les-preferences","status":"publish","type":"page","link":"https:\/\/blogs.editionscle.com\/logos\/faq-8-je-recois-trop-demails-de-la-part-de-logos-comment-gerer-les-preferences\/","title":{"rendered":"FAQ 8 : Je re\u00e7ois trop d&#8217;emails de la part de Logos. Comment g\u00e9rer les pr\u00e9f\u00e9rences ?"},"content":{"rendered":"<p><strong>Pour modifier vos pr\u00e9f\u00e9rences et\u00a0activer\/d\u00e9sactiver les\u00a0newsletters<\/strong> :<\/p>\n<p><strong>1.<\/strong> Rendez-vous sur <strong>www.logos.com<\/strong><\/p>\n<p><strong>2.<\/strong> Connectez-vous : Cliquez sur <strong>Sign in<\/strong><br \/>\npuis renseignez votre <strong>login<\/strong> et <strong>mot de passe<\/strong> et validez en cliquant sur le bouton<strong> Sign in.<br \/>\n<\/strong><strong><br \/>\n3. <\/strong>Cliquez sur votre nom (ou votre photo) et s\u00e9lectionnez la<br \/>\nrubrique :\u00a0<strong>Emails Lists and RSS Feed<\/strong><strong><br \/>\n<\/strong><\/p>\n<p><a href=\"http:\/\/www.editionscle.com\/logos\/wp-content\/uploads\/2014\/12\/FAQCommerciale8P1.jpg\"><img loading=\"lazy\" decoding=\"async\" class=\"aligncenter size-full wp-image-453\" src=\"http:\/\/www.editionscle.com\/logos\/wp-content\/uploads\/2014\/12\/FAQCommerciale8P1.jpg\" alt=\"FAQCommerciale8P1\" width=\"796\" height=\"354\" srcset=\"https:\/\/blogs.editionscle.com\/logos\/wp-content\/uploads\/sites\/3\/2014\/12\/FAQCommerciale8P1.jpg 796w, https:\/\/blogs.editionscle.com\/logos\/wp-content\/uploads\/sites\/3\/2014\/12\/FAQCommerciale8P1-300x133.jpg 300w\" sizes=\"auto, (max-width: 796px) 100vw, 796px\" \/><\/a><br \/>\n<strong>4.\u00a0<\/strong>Cochez ou d\u00e9cochez les diff\u00e9rentes newsletters en fonction des vos centres d&rsquo;int\u00e9r\u00eat.<\/p>\n<p><a href=\"http:\/\/www.editionscle.com\/logos\/wp-content\/uploads\/2014\/12\/FAQCommerciale8P2.jpg\"><img loading=\"lazy\" decoding=\"async\" class=\"aligncenter size-full wp-image-456\" src=\"http:\/\/www.editionscle.com\/logos\/wp-content\/uploads\/2014\/12\/FAQCommerciale8P2.jpg\" alt=\"FAQCommerciale8P2\" width=\"749\" height=\"214\" srcset=\"https:\/\/blogs.editionscle.com\/logos\/wp-content\/uploads\/sites\/3\/2014\/12\/FAQCommerciale8P2.jpg 749w, https:\/\/blogs.editionscle.com\/logos\/wp-content\/uploads\/sites\/3\/2014\/12\/FAQCommerciale8P2-300x85.jpg 300w\" sizes=\"auto, (max-width: 749px) 100vw, 749px\" \/><\/a><\/p>\n<p><strong>Notre conseil :<\/strong> laissez au moins la Newsletter en fran\u00e7ais.<\/p>\n<p>&nbsp;<\/p>\n","protected":false},"excerpt":{"rendered":"<p>Pour modifier vos pr\u00e9f\u00e9rences et\u00a0activer\/d\u00e9sactiver les\u00a0newsletters : 1. Rendez-vous sur www.logos.com 2. Connectez-vous : Cliquez sur Sign in puis renseignez votre login et mot de passe et validez en cliquant sur le bouton Sign in. 3. Cliquez sur votre nom (ou votre photo) et s\u00e9lectionnez la rubrique :\u00a0Emails Lists and RSS Feed 4.\u00a0Cochez ou d\u00e9cochez &hellip; <a href=\"https:\/\/blogs.editionscle.com\/logos\/faq-8-je-recois-trop-demails-de-la-part-de-logos-comment-gerer-les-preferences\/\" class=\"more-link\">Continuer la lecture de <span class=\"screen-reader-text\">FAQ 8 : Je re\u00e7ois trop d&#8217;emails de la part de Logos. Comment g\u00e9rer les pr\u00e9f\u00e9rences ?<\/span>  <span class=\"meta-nav\">&rarr;<\/span><\/a><\/p>\n","protected":false},"author":1,"featured_media":0,"parent":0,"menu_order":0,"comment_status":"closed","ping_status":"closed","template":"","meta":{"footnotes":""},"class_list":["post-447","page","type-page","status-publish","hentry"],"yoast_head":"<!-- This site is optimized with the Yoast SEO plugin v27.4 - https:\/\/yoast.com\/product\/yoast-seo-wordpress\/ -->\n<title>FAQ 8 : Je re\u00e7ois trop d&#039;emails de la part de Logos. Comment g\u00e9rer les pr\u00e9f\u00e9rences ? - Espace Logos<\/title>\n<meta name=\"robots\" content=\"index, follow, max-snippet:-1, max-image-preview:large, max-video-preview:-1\" \/>\n<link rel=\"canonical\" href=\"https:\/\/blogs.editionscle.com\/logos\/faq-8-je-recois-trop-demails-de-la-part-de-logos-comment-gerer-les-preferences\/\" \/>\n<meta property=\"og:locale\" content=\"fr_FR\" \/>\n<meta property=\"og:type\" content=\"article\" \/>\n<meta property=\"og:title\" content=\"FAQ 8 : Je re\u00e7ois trop d&#039;emails de la part de Logos. Comment g\u00e9rer les pr\u00e9f\u00e9rences ? - Espace Logos\" \/>\n<meta property=\"og:description\" content=\"Pour modifier vos pr\u00e9f\u00e9rences et\u00a0activer\/d\u00e9sactiver les\u00a0newsletters : 1. Rendez-vous sur www.logos.com 2. Connectez-vous : Cliquez sur Sign in puis renseignez votre login et mot de passe et validez en cliquant sur le bouton Sign in. 3. Cliquez sur votre nom (ou votre photo) et s\u00e9lectionnez la rubrique :\u00a0Emails Lists and RSS Feed 4.\u00a0Cochez ou d\u00e9cochez &hellip; Continuer la lecture de FAQ 8 : Je re\u00e7ois trop d&#8217;emails de la part de Logos. Comment g\u00e9rer les pr\u00e9f\u00e9rences ? &rarr;\" \/>\n<meta property=\"og:url\" content=\"https:\/\/blogs.editionscle.com\/logos\/faq-8-je-recois-trop-demails-de-la-part-de-logos-comment-gerer-les-preferences\/\" \/>\n<meta property=\"og:site_name\" content=\"Espace Logos\" \/>\n<meta property=\"article:modified_time\" content=\"2014-12-09T16:25:00+00:00\" \/>\n<meta property=\"og:image\" content=\"http:\/\/www.editionscle.com\/logos\/wp-content\/uploads\/2014\/12\/FAQCommerciale8P1.jpg\" \/>\n<meta name=\"twitter:card\" content=\"summary_large_image\" \/>\n<script type=\"application\/ld+json\" class=\"yoast-schema-graph\">{\"@context\":\"https:\\\/\\\/schema.org\",\"@graph\":[{\"@type\":\"WebPage\",\"@id\":\"https:\\\/\\\/blogs.editionscle.com\\\/logos\\\/faq-8-je-recois-trop-demails-de-la-part-de-logos-comment-gerer-les-preferences\\\/\",\"url\":\"https:\\\/\\\/blogs.editionscle.com\\\/logos\\\/faq-8-je-recois-trop-demails-de-la-part-de-logos-comment-gerer-les-preferences\\\/\",\"name\":\"FAQ 8 : Je re\u00e7ois trop d'emails de la part de Logos. Comment g\u00e9rer les pr\u00e9f\u00e9rences ? - Espace Logos\",\"isPartOf\":{\"@id\":\"https:\\\/\\\/blogs.editionscle.com\\\/logos\\\/#website\"},\"primaryImageOfPage\":{\"@id\":\"https:\\\/\\\/blogs.editionscle.com\\\/logos\\\/faq-8-je-recois-trop-demails-de-la-part-de-logos-comment-gerer-les-preferences\\\/#primaryimage\"},\"image\":{\"@id\":\"https:\\\/\\\/blogs.editionscle.com\\\/logos\\\/faq-8-je-recois-trop-demails-de-la-part-de-logos-comment-gerer-les-preferences\\\/#primaryimage\"},\"thumbnailUrl\":\"http:\\\/\\\/www.editionscle.com\\\/logos\\\/wp-content\\\/uploads\\\/2014\\\/12\\\/FAQCommerciale8P1.jpg\",\"datePublished\":\"2014-12-04T17:46:43+00:00\",\"dateModified\":\"2014-12-09T16:25:00+00:00\",\"breadcrumb\":{\"@id\":\"https:\\\/\\\/blogs.editionscle.com\\\/logos\\\/faq-8-je-recois-trop-demails-de-la-part-de-logos-comment-gerer-les-preferences\\\/#breadcrumb\"},\"inLanguage\":\"fr-FR\",\"potentialAction\":[{\"@type\":\"ReadAction\",\"target\":[\"https:\\\/\\\/blogs.editionscle.com\\\/logos\\\/faq-8-je-recois-trop-demails-de-la-part-de-logos-comment-gerer-les-preferences\\\/\"]}]},{\"@type\":\"ImageObject\",\"inLanguage\":\"fr-FR\",\"@id\":\"https:\\\/\\\/blogs.editionscle.com\\\/logos\\\/faq-8-je-recois-trop-demails-de-la-part-de-logos-comment-gerer-les-preferences\\\/#primaryimage\",\"url\":\"http:\\\/\\\/www.editionscle.com\\\/logos\\\/wp-content\\\/uploads\\\/2014\\\/12\\\/FAQCommerciale8P1.jpg\",\"contentUrl\":\"http:\\\/\\\/www.editionscle.com\\\/logos\\\/wp-content\\\/uploads\\\/2014\\\/12\\\/FAQCommerciale8P1.jpg\"},{\"@type\":\"BreadcrumbList\",\"@id\":\"https:\\\/\\\/blogs.editionscle.com\\\/logos\\\/faq-8-je-recois-trop-demails-de-la-part-de-logos-comment-gerer-les-preferences\\\/#breadcrumb\",\"itemListElement\":[{\"@type\":\"ListItem\",\"position\":1,\"name\":\"Accueil\",\"item\":\"https:\\\/\\\/blogs.editionscle.com\\\/logos\\\/\"},{\"@type\":\"ListItem\",\"position\":2,\"name\":\"FAQ 8 : Je re\u00e7ois trop d&#8217;emails de la part de Logos. Comment g\u00e9rer les pr\u00e9f\u00e9rences ?\"}]},{\"@type\":\"WebSite\",\"@id\":\"https:\\\/\\\/blogs.editionscle.com\\\/logos\\\/#website\",\"url\":\"https:\\\/\\\/blogs.editionscle.com\\\/logos\\\/\",\"name\":\"Espace Logos\",\"description\":\"Tout sur la version fran\u00e7aise\",\"potentialAction\":[{\"@type\":\"SearchAction\",\"target\":{\"@type\":\"EntryPoint\",\"urlTemplate\":\"https:\\\/\\\/blogs.editionscle.com\\\/logos\\\/?s={search_term_string}\"},\"query-input\":{\"@type\":\"PropertyValueSpecification\",\"valueRequired\":true,\"valueName\":\"search_term_string\"}}],\"inLanguage\":\"fr-FR\"}]}<\/script>\n<!-- \/ Yoast SEO plugin. -->","yoast_head_json":{"title":"FAQ 8 : Je re\u00e7ois trop d'emails de la part de Logos. Comment g\u00e9rer les pr\u00e9f\u00e9rences ? - Espace Logos","robots":{"index":"index","follow":"follow","max-snippet":"max-snippet:-1","max-image-preview":"max-image-preview:large","max-video-preview":"max-video-preview:-1"},"canonical":"https:\/\/blogs.editionscle.com\/logos\/faq-8-je-recois-trop-demails-de-la-part-de-logos-comment-gerer-les-preferences\/","og_locale":"fr_FR","og_type":"article","og_title":"FAQ 8 : Je re\u00e7ois trop d'emails de la part de Logos. Comment g\u00e9rer les pr\u00e9f\u00e9rences ? - Espace Logos","og_description":"Pour modifier vos pr\u00e9f\u00e9rences et\u00a0activer\/d\u00e9sactiver les\u00a0newsletters : 1. Rendez-vous sur www.logos.com 2. Connectez-vous : Cliquez sur Sign in puis renseignez votre login et mot de passe et validez en cliquant sur le bouton Sign in. 3. Cliquez sur votre nom (ou votre photo) et s\u00e9lectionnez la rubrique :\u00a0Emails Lists and RSS Feed 4.\u00a0Cochez ou d\u00e9cochez &hellip; Continuer la lecture de FAQ 8 : Je re\u00e7ois trop d&#8217;emails de la part de Logos. Comment g\u00e9rer les pr\u00e9f\u00e9rences ? &rarr;","og_url":"https:\/\/blogs.editionscle.com\/logos\/faq-8-je-recois-trop-demails-de-la-part-de-logos-comment-gerer-les-preferences\/","og_site_name":"Espace Logos","article_modified_time":"2014-12-09T16:25:00+00:00","og_image":[{"url":"http:\/\/www.editionscle.com\/logos\/wp-content\/uploads\/2014\/12\/FAQCommerciale8P1.jpg","type":"","width":"","height":""}],"twitter_card":"summary_large_image","schema":{"@context":"https:\/\/schema.org","@graph":[{"@type":"WebPage","@id":"https:\/\/blogs.editionscle.com\/logos\/faq-8-je-recois-trop-demails-de-la-part-de-logos-comment-gerer-les-preferences\/","url":"https:\/\/blogs.editionscle.com\/logos\/faq-8-je-recois-trop-demails-de-la-part-de-logos-comment-gerer-les-preferences\/","name":"FAQ 8 : Je re\u00e7ois trop d'emails de la part de Logos. Comment g\u00e9rer les pr\u00e9f\u00e9rences ? - Espace Logos","isPartOf":{"@id":"https:\/\/blogs.editionscle.com\/logos\/#website"},"primaryImageOfPage":{"@id":"https:\/\/blogs.editionscle.com\/logos\/faq-8-je-recois-trop-demails-de-la-part-de-logos-comment-gerer-les-preferences\/#primaryimage"},"image":{"@id":"https:\/\/blogs.editionscle.com\/logos\/faq-8-je-recois-trop-demails-de-la-part-de-logos-comment-gerer-les-preferences\/#primaryimage"},"thumbnailUrl":"http:\/\/www.editionscle.com\/logos\/wp-content\/uploads\/2014\/12\/FAQCommerciale8P1.jpg","datePublished":"2014-12-04T17:46:43+00:00","dateModified":"2014-12-09T16:25:00+00:00","breadcrumb":{"@id":"https:\/\/blogs.editionscle.com\/logos\/faq-8-je-recois-trop-demails-de-la-part-de-logos-comment-gerer-les-preferences\/#breadcrumb"},"inLanguage":"fr-FR","potentialAction":[{"@type":"ReadAction","target":["https:\/\/blogs.editionscle.com\/logos\/faq-8-je-recois-trop-demails-de-la-part-de-logos-comment-gerer-les-preferences\/"]}]},{"@type":"ImageObject","inLanguage":"fr-FR","@id":"https:\/\/blogs.editionscle.com\/logos\/faq-8-je-recois-trop-demails-de-la-part-de-logos-comment-gerer-les-preferences\/#primaryimage","url":"http:\/\/www.editionscle.com\/logos\/wp-content\/uploads\/2014\/12\/FAQCommerciale8P1.jpg","contentUrl":"http:\/\/www.editionscle.com\/logos\/wp-content\/uploads\/2014\/12\/FAQCommerciale8P1.jpg"},{"@type":"BreadcrumbList","@id":"https:\/\/blogs.editionscle.com\/logos\/faq-8-je-recois-trop-demails-de-la-part-de-logos-comment-gerer-les-preferences\/#breadcrumb","itemListElement":[{"@type":"ListItem","position":1,"name":"Accueil","item":"https:\/\/blogs.editionscle.com\/logos\/"},{"@type":"ListItem","position":2,"name":"FAQ 8 : Je re\u00e7ois trop d&#8217;emails de la part de Logos. Comment g\u00e9rer les pr\u00e9f\u00e9rences ?"}]},{"@type":"WebSite","@id":"https:\/\/blogs.editionscle.com\/logos\/#website","url":"https:\/\/blogs.editionscle.com\/logos\/","name":"Espace Logos","description":"Tout sur la version fran\u00e7aise","potentialAction":[{"@type":"SearchAction","target":{"@type":"EntryPoint","urlTemplate":"https:\/\/blogs.editionscle.com\/logos\/?s={search_term_string}"},"query-input":{"@type":"PropertyValueSpecification","valueRequired":true,"valueName":"search_term_string"}}],"inLanguage":"fr-FR"}]}},"_links":{"self":[{"href":"https:\/\/blogs.editionscle.com\/logos\/wp-json\/wp\/v2\/pages\/447","targetHints":{"allow":["GET"]}}],"collection":[{"href":"https:\/\/blogs.editionscle.com\/logos\/wp-json\/wp\/v2\/pages"}],"about":[{"href":"https:\/\/blogs.editionscle.com\/logos\/wp-json\/wp\/v2\/types\/page"}],"author":[{"embeddable":true,"href":"https:\/\/blogs.editionscle.com\/logos\/wp-json\/wp\/v2\/users\/1"}],"replies":[{"embeddable":true,"href":"https:\/\/blogs.editionscle.com\/logos\/wp-json\/wp\/v2\/comments?post=447"}],"version-history":[{"count":8,"href":"https:\/\/blogs.editionscle.com\/logos\/wp-json\/wp\/v2\/pages\/447\/revisions"}],"predecessor-version":[{"id":461,"href":"https:\/\/blogs.editionscle.com\/logos\/wp-json\/wp\/v2\/pages\/447\/revisions\/461"}],"wp:attachment":[{"href":"https:\/\/blogs.editionscle.com\/logos\/wp-json\/wp\/v2\/media?parent=447"}],"curies":[{"name":"wp","href":"https:\/\/api.w.org\/{rel}","templated":true}]}}