{"id":469,"date":"2014-12-12T14:47:34","date_gmt":"2014-12-12T14:47:34","guid":{"rendered":"http:\/\/editionscle.com\/logos\/?page_id=469"},"modified":"2015-10-16T09:58:11","modified_gmt":"2015-10-16T09:58:11","slug":"revue-de-presse-2","status":"publish","type":"page","link":"https:\/\/blogs.editionscle.com\/logos\/revue-de-presse-2\/","title":{"rendered":"Revue de presse"},"content":{"rendered":"<hr \/>\n<p><strong>31 aout 2015 : site de Timoth\u00e9e Minard<\/strong><\/p>\n<p><strong>Articles et tutoriels autour du logiciel biblique Logos.\u00a0<\/strong><\/p>\n<p><a href=\"http:\/\/timotheeminard.com\/bible-tech\/logiciels-bibliques\/presentation\/logos\/\"><img loading=\"lazy\" decoding=\"async\" class=\"wp-image-691 size-thumbnail aligncenter\" src=\"http:\/\/www.editionscle.com\/logos\/wp-content\/uploads\/2015\/10\/Presse4TMinard-150x150.jpg\" alt=\"Blog Logos de T. Minard\" width=\"150\" height=\"150\" \/><\/a><\/p>\n<p><a href=\"http:\/\/timotheeminard.com\/bible-tech\/logiciels-bibliques\/presentation\/logos\/\">D\u00e9couvrez l&rsquo;excellent blog de T. Minard d\u00e9di\u00e9 \u00e0 Logos<\/a><\/p>\n<hr \/>\n<p><strong>12\/05\/2015 : Notre \u00c9glise<br \/>\nLe blog Notre Eglise a test\u00e9 le\u00a0pack Logos Cl\u00e9-Premier. Il le conseille sans h\u00e9siter !\u00a0D\u00e9couvrez l&rsquo;article sur le blog.<br \/>\n<\/strong><span style=\"color: #000000;\">Article de St\u00e9phane Kapitanuk<\/span><br \/>\n<a title=\"Blog de Notre \u00c9glise\" href=\"http:\/\/notreeglise.com\/pack-logos-cle-premier\/\" target=\"_blank\"><img loading=\"lazy\" decoding=\"async\" class=\"size-full wp-image-472 aligncenter\" src=\"http:\/\/www.editionscle.com\/logos\/wp-content\/uploads\/2014\/12\/Presse1LogoNE.jpg\" alt=\"Presse1LogoNE\" width=\"317\" height=\"84\" srcset=\"https:\/\/blogs.editionscle.com\/logos\/wp-content\/uploads\/sites\/3\/2014\/12\/Presse1LogoNE.jpg 317w, https:\/\/blogs.editionscle.com\/logos\/wp-content\/uploads\/sites\/3\/2014\/12\/Presse1LogoNE-300x79.jpg 300w\" sizes=\"auto, (max-width: 317px) 100vw, 317px\" \/><\/a><\/p>\n<hr \/>\n<p><strong>16\/02\/2014 : Site Jetunoo \u00e9ditorial.<\/strong><\/p>\n<p><a title=\"D\u00e9couvrez l'\u00e9dito du site Jetunoo\" href=\"http:\/\/www.jetunoo.fr\/edito\/logos-le-logiciel-biblique\" target=\"_blank\"><img loading=\"lazy\" decoding=\"async\" class=\"aligncenter size-full wp-image-639\" src=\"http:\/\/www.editionscle.com\/logos\/wp-content\/uploads\/2015\/02\/LogoJetunoo.jpg\" alt=\"LogoJetunoo\" width=\"218\" height=\"92\" \/><\/a><\/p>\n<hr \/>\n<p><strong>03\/01\/2015 : Christianisme aujourd&rsquo;hui<\/strong><\/p>\n<p>Article de\u00a0J\u00e9r\u00e9mie Cavin,\u00a0<span style=\"color: #000000;\"><em>R\u00e9volution pour l\u2019\u00e9tude de la Bible<\/em>, page 45.<\/span><\/p>\n<p><a title=\"R\u00e9volution pour l'\u00e9tude de la Bible\" href=\"http:\/\/www.christianismeaujourdhui.info\/articles.php\/revolution-pour-l-etude-de-la-bible-11649.html\" target=\"_blank\"><img loading=\"lazy\" decoding=\"async\" class=\"aligncenter wp-image-538 size-full\" src=\"http:\/\/www.editionscle.com\/logos\/wp-content\/uploads\/2014\/12\/Presse3CA.jpg\" alt=\"Presse3CA\" width=\"224\" height=\"297\" \/><\/a><\/p>\n<p>&nbsp;<\/p>\n<hr \/>\n<p><strong>12\/12\/2014 : Blog Notre \u00c9glise<br \/>\n<\/strong><span style=\"color: #000000;\">Article de St\u00e9phane Kapitanuk<\/span><\/p>\n<p style=\"padding-left: 60px;\"><a title=\"Blog de Notre \u00c9glise\" href=\"http:\/\/notreeglise.com\/acheter-le-logiciel-biblique-logos\/\" target=\"_blank\"><img loading=\"lazy\" decoding=\"async\" class=\"size-full wp-image-472 aligncenter\" src=\"http:\/\/www.editionscle.com\/logos\/wp-content\/uploads\/2014\/12\/Presse1LogoNE.jpg\" alt=\"Presse1LogoNE\" width=\"317\" height=\"84\" srcset=\"https:\/\/blogs.editionscle.com\/logos\/wp-content\/uploads\/sites\/3\/2014\/12\/Presse1LogoNE.jpg 317w, https:\/\/blogs.editionscle.com\/logos\/wp-content\/uploads\/sites\/3\/2014\/12\/Presse1LogoNE-300x79.jpg 300w\" sizes=\"auto, (max-width: 317px) 100vw, 317px\" \/><\/a><\/p>\n<hr \/>\n<p><strong>24\/09\/2014 : Facult\u00e9 de Th\u00e9ologie Protestante de Strasbourg<br \/>\n<\/strong><span style=\"color: #000000;\">Article de\u00a0M. Minard<\/span><\/p>\n<p style=\"padding-left: 60px;\"><a title=\"Blog de M. Minard\" href=\"http:\/\/www.rhpr.net\/annexes\/943C_minard_logiciels_bibliques.pdf\" target=\"_blank\"><img loading=\"lazy\" decoding=\"async\" class=\"size-full wp-image-475 alignnone\" src=\"http:\/\/www.editionscle.com\/logos\/wp-content\/uploads\/2014\/12\/Presse1LogoRHPR.jpg\" alt=\"Presse1LogoRHPR\" width=\"846\" height=\"143\" srcset=\"https:\/\/blogs.editionscle.com\/logos\/wp-content\/uploads\/sites\/3\/2014\/12\/Presse1LogoRHPR.jpg 846w, https:\/\/blogs.editionscle.com\/logos\/wp-content\/uploads\/sites\/3\/2014\/12\/Presse1LogoRHPR-300x50.jpg 300w\" sizes=\"auto, (max-width: 846px) 100vw, 846px\" \/><\/a><\/p>\n","protected":false},"excerpt":{"rendered":"<p>31 aout 2015 : site de Timoth\u00e9e Minard Articles et tutoriels autour du logiciel biblique Logos.\u00a0 D\u00e9couvrez l&rsquo;excellent blog de T. Minard d\u00e9di\u00e9 \u00e0 Logos 12\/05\/2015 : Notre \u00c9glise Le blog Notre Eglise a test\u00e9 le\u00a0pack Logos Cl\u00e9-Premier. Il le conseille sans h\u00e9siter !\u00a0D\u00e9couvrez l&rsquo;article sur le blog. Article de St\u00e9phane Kapitanuk 16\/02\/2014 : Site &hellip; <a href=\"https:\/\/blogs.editionscle.com\/logos\/revue-de-presse-2\/\" class=\"more-link\">Continuer la lecture de <span class=\"screen-reader-text\">Revue de presse<\/span>  <span class=\"meta-nav\">&rarr;<\/span><\/a><\/p>\n","protected":false},"author":1,"featured_media":0,"parent":0,"menu_order":0,"comment_status":"closed","ping_status":"closed","template":"","meta":{"footnotes":""},"class_list":["post-469","page","type-page","status-publish","hentry"],"yoast_head":"<!-- This site is optimized with the Yoast SEO plugin v27.3 - https:\/\/yoast.com\/product\/yoast-seo-wordpress\/ -->\n<title>Revue de presse - Espace Logos<\/title>\n<meta name=\"robots\" content=\"index, follow, max-snippet:-1, max-image-preview:large, max-video-preview:-1\" \/>\n<link rel=\"canonical\" href=\"https:\/\/blogs.editionscle.com\/logos\/revue-de-presse-2\/\" \/>\n<meta property=\"og:locale\" content=\"fr_FR\" \/>\n<meta property=\"og:type\" content=\"article\" \/>\n<meta property=\"og:title\" content=\"Revue de presse - Espace Logos\" \/>\n<meta property=\"og:description\" content=\"31 aout 2015 : site de Timoth\u00e9e Minard Articles et tutoriels autour du logiciel biblique Logos.\u00a0 D\u00e9couvrez l&rsquo;excellent blog de T. Minard d\u00e9di\u00e9 \u00e0 Logos 12\/05\/2015 : Notre \u00c9glise Le blog Notre Eglise a test\u00e9 le\u00a0pack Logos Cl\u00e9-Premier. Il le conseille sans h\u00e9siter !\u00a0D\u00e9couvrez l&rsquo;article sur le blog. Article de St\u00e9phane Kapitanuk 16\/02\/2014 : Site &hellip; Continuer la lecture de Revue de presse &rarr;\" \/>\n<meta property=\"og:url\" content=\"https:\/\/blogs.editionscle.com\/logos\/revue-de-presse-2\/\" \/>\n<meta property=\"og:site_name\" content=\"Espace Logos\" \/>\n<meta property=\"article:modified_time\" content=\"2015-10-16T09:58:11+00:00\" \/>\n<meta property=\"og:image\" content=\"http:\/\/www.editionscle.com\/logos\/wp-content\/uploads\/2015\/10\/Presse4TMinard-150x150.jpg\" \/>\n<meta name=\"twitter:card\" content=\"summary_large_image\" \/>\n<script type=\"application\/ld+json\" class=\"yoast-schema-graph\">{\"@context\":\"https:\\\/\\\/schema.org\",\"@graph\":[{\"@type\":\"WebPage\",\"@id\":\"https:\\\/\\\/blogs.editionscle.com\\\/logos\\\/revue-de-presse-2\\\/\",\"url\":\"https:\\\/\\\/blogs.editionscle.com\\\/logos\\\/revue-de-presse-2\\\/\",\"name\":\"Revue de presse - Espace Logos\",\"isPartOf\":{\"@id\":\"https:\\\/\\\/blogs.editionscle.com\\\/logos\\\/#website\"},\"primaryImageOfPage\":{\"@id\":\"https:\\\/\\\/blogs.editionscle.com\\\/logos\\\/revue-de-presse-2\\\/#primaryimage\"},\"image\":{\"@id\":\"https:\\\/\\\/blogs.editionscle.com\\\/logos\\\/revue-de-presse-2\\\/#primaryimage\"},\"thumbnailUrl\":\"http:\\\/\\\/www.editionscle.com\\\/logos\\\/wp-content\\\/uploads\\\/2015\\\/10\\\/Presse4TMinard-150x150.jpg\",\"datePublished\":\"2014-12-12T14:47:34+00:00\",\"dateModified\":\"2015-10-16T09:58:11+00:00\",\"breadcrumb\":{\"@id\":\"https:\\\/\\\/blogs.editionscle.com\\\/logos\\\/revue-de-presse-2\\\/#breadcrumb\"},\"inLanguage\":\"fr-FR\",\"potentialAction\":[{\"@type\":\"ReadAction\",\"target\":[\"https:\\\/\\\/blogs.editionscle.com\\\/logos\\\/revue-de-presse-2\\\/\"]}]},{\"@type\":\"ImageObject\",\"inLanguage\":\"fr-FR\",\"@id\":\"https:\\\/\\\/blogs.editionscle.com\\\/logos\\\/revue-de-presse-2\\\/#primaryimage\",\"url\":\"http:\\\/\\\/www.editionscle.com\\\/logos\\\/wp-content\\\/uploads\\\/2015\\\/10\\\/Presse4TMinard-150x150.jpg\",\"contentUrl\":\"http:\\\/\\\/www.editionscle.com\\\/logos\\\/wp-content\\\/uploads\\\/2015\\\/10\\\/Presse4TMinard-150x150.jpg\"},{\"@type\":\"BreadcrumbList\",\"@id\":\"https:\\\/\\\/blogs.editionscle.com\\\/logos\\\/revue-de-presse-2\\\/#breadcrumb\",\"itemListElement\":[{\"@type\":\"ListItem\",\"position\":1,\"name\":\"Accueil\",\"item\":\"https:\\\/\\\/blogs.editionscle.com\\\/logos\\\/\"},{\"@type\":\"ListItem\",\"position\":2,\"name\":\"Revue de presse\"}]},{\"@type\":\"WebSite\",\"@id\":\"https:\\\/\\\/blogs.editionscle.com\\\/logos\\\/#website\",\"url\":\"https:\\\/\\\/blogs.editionscle.com\\\/logos\\\/\",\"name\":\"Espace Logos\",\"description\":\"Tout sur la version fran\u00e7aise\",\"potentialAction\":[{\"@type\":\"SearchAction\",\"target\":{\"@type\":\"EntryPoint\",\"urlTemplate\":\"https:\\\/\\\/blogs.editionscle.com\\\/logos\\\/?s={search_term_string}\"},\"query-input\":{\"@type\":\"PropertyValueSpecification\",\"valueRequired\":true,\"valueName\":\"search_term_string\"}}],\"inLanguage\":\"fr-FR\"}]}<\/script>\n<!-- \/ Yoast SEO plugin. -->","yoast_head_json":{"title":"Revue de presse - Espace Logos","robots":{"index":"index","follow":"follow","max-snippet":"max-snippet:-1","max-image-preview":"max-image-preview:large","max-video-preview":"max-video-preview:-1"},"canonical":"https:\/\/blogs.editionscle.com\/logos\/revue-de-presse-2\/","og_locale":"fr_FR","og_type":"article","og_title":"Revue de presse - Espace Logos","og_description":"31 aout 2015 : site de Timoth\u00e9e Minard Articles et tutoriels autour du logiciel biblique Logos.\u00a0 D\u00e9couvrez l&rsquo;excellent blog de T. Minard d\u00e9di\u00e9 \u00e0 Logos 12\/05\/2015 : Notre \u00c9glise Le blog Notre Eglise a test\u00e9 le\u00a0pack Logos Cl\u00e9-Premier. Il le conseille sans h\u00e9siter !\u00a0D\u00e9couvrez l&rsquo;article sur le blog. Article de St\u00e9phane Kapitanuk 16\/02\/2014 : Site &hellip; Continuer la lecture de Revue de presse &rarr;","og_url":"https:\/\/blogs.editionscle.com\/logos\/revue-de-presse-2\/","og_site_name":"Espace Logos","article_modified_time":"2015-10-16T09:58:11+00:00","og_image":[{"url":"http:\/\/www.editionscle.com\/logos\/wp-content\/uploads\/2015\/10\/Presse4TMinard-150x150.jpg","type":"","width":"","height":""}],"twitter_card":"summary_large_image","schema":{"@context":"https:\/\/schema.org","@graph":[{"@type":"WebPage","@id":"https:\/\/blogs.editionscle.com\/logos\/revue-de-presse-2\/","url":"https:\/\/blogs.editionscle.com\/logos\/revue-de-presse-2\/","name":"Revue de presse - Espace Logos","isPartOf":{"@id":"https:\/\/blogs.editionscle.com\/logos\/#website"},"primaryImageOfPage":{"@id":"https:\/\/blogs.editionscle.com\/logos\/revue-de-presse-2\/#primaryimage"},"image":{"@id":"https:\/\/blogs.editionscle.com\/logos\/revue-de-presse-2\/#primaryimage"},"thumbnailUrl":"http:\/\/www.editionscle.com\/logos\/wp-content\/uploads\/2015\/10\/Presse4TMinard-150x150.jpg","datePublished":"2014-12-12T14:47:34+00:00","dateModified":"2015-10-16T09:58:11+00:00","breadcrumb":{"@id":"https:\/\/blogs.editionscle.com\/logos\/revue-de-presse-2\/#breadcrumb"},"inLanguage":"fr-FR","potentialAction":[{"@type":"ReadAction","target":["https:\/\/blogs.editionscle.com\/logos\/revue-de-presse-2\/"]}]},{"@type":"ImageObject","inLanguage":"fr-FR","@id":"https:\/\/blogs.editionscle.com\/logos\/revue-de-presse-2\/#primaryimage","url":"http:\/\/www.editionscle.com\/logos\/wp-content\/uploads\/2015\/10\/Presse4TMinard-150x150.jpg","contentUrl":"http:\/\/www.editionscle.com\/logos\/wp-content\/uploads\/2015\/10\/Presse4TMinard-150x150.jpg"},{"@type":"BreadcrumbList","@id":"https:\/\/blogs.editionscle.com\/logos\/revue-de-presse-2\/#breadcrumb","itemListElement":[{"@type":"ListItem","position":1,"name":"Accueil","item":"https:\/\/blogs.editionscle.com\/logos\/"},{"@type":"ListItem","position":2,"name":"Revue de presse"}]},{"@type":"WebSite","@id":"https:\/\/blogs.editionscle.com\/logos\/#website","url":"https:\/\/blogs.editionscle.com\/logos\/","name":"Espace Logos","description":"Tout sur la version fran\u00e7aise","potentialAction":[{"@type":"SearchAction","target":{"@type":"EntryPoint","urlTemplate":"https:\/\/blogs.editionscle.com\/logos\/?s={search_term_string}"},"query-input":{"@type":"PropertyValueSpecification","valueRequired":true,"valueName":"search_term_string"}}],"inLanguage":"fr-FR"}]}},"_links":{"self":[{"href":"https:\/\/blogs.editionscle.com\/logos\/wp-json\/wp\/v2\/pages\/469","targetHints":{"allow":["GET"]}}],"collection":[{"href":"https:\/\/blogs.editionscle.com\/logos\/wp-json\/wp\/v2\/pages"}],"about":[{"href":"https:\/\/blogs.editionscle.com\/logos\/wp-json\/wp\/v2\/types\/page"}],"author":[{"embeddable":true,"href":"https:\/\/blogs.editionscle.com\/logos\/wp-json\/wp\/v2\/users\/1"}],"replies":[{"embeddable":true,"href":"https:\/\/blogs.editionscle.com\/logos\/wp-json\/wp\/v2\/comments?post=469"}],"version-history":[{"count":10,"href":"https:\/\/blogs.editionscle.com\/logos\/wp-json\/wp\/v2\/pages\/469\/revisions"}],"predecessor-version":[{"id":696,"href":"https:\/\/blogs.editionscle.com\/logos\/wp-json\/wp\/v2\/pages\/469\/revisions\/696"}],"wp:attachment":[{"href":"https:\/\/blogs.editionscle.com\/logos\/wp-json\/wp\/v2\/media?parent=469"}],"curies":[{"name":"wp","href":"https:\/\/api.w.org\/{rel}","templated":true}]}}