{"id":58,"date":"2014-10-31T16:52:46","date_gmt":"2014-10-31T16:52:46","guid":{"rendered":"http:\/\/www.editionscle.com\/logos\/?page_id=58"},"modified":"2023-06-26T16:11:05","modified_gmt":"2023-06-26T16:11:05","slug":"videos","status":"publish","type":"page","link":"https:\/\/blogs.editionscle.com\/logos\/videos\/","title":{"rendered":"Vid\u00e9os"},"content":{"rendered":"\n<h2 class=\"wp-block-heading\"><span style=\"color: #0000ff;\">Vid\u00e9os de pr\u00e9sentation en fran\u00e7ais sont disponibles :<\/span><\/h2>\n\n\n\n<p>La chaine Logos en fran\u00e7ais pr\u00e9sente des dizaine des vid\u00e9os gratuites. Nous vous invitons \u00e0 vous abonner \u00e0 leur chaine. <\/p>\n\n\n\n<p><a href=\"https:\/\/www.youtube.com\/@logicielbibliquelogos\">https:\/\/www.youtube.com\/@logicielbibliquelogos<\/a><\/p>\n\n\n\n<figure class=\"wp-block-image size-full\"><a href=\"https:\/\/www.youtube.com\/@logicielbibliquelogos\"><img loading=\"lazy\" decoding=\"async\" width=\"970\" height=\"515\" src=\"https:\/\/blogs.editionscle.com\/logos\/wp-content\/uploads\/sites\/3\/2023\/06\/Youtube-de-Logos.jpg\" alt=\"\" class=\"wp-image-848\" srcset=\"https:\/\/blogs.editionscle.com\/logos\/wp-content\/uploads\/sites\/3\/2023\/06\/Youtube-de-Logos.jpg 970w, https:\/\/blogs.editionscle.com\/logos\/wp-content\/uploads\/sites\/3\/2023\/06\/Youtube-de-Logos-300x159.jpg 300w, https:\/\/blogs.editionscle.com\/logos\/wp-content\/uploads\/sites\/3\/2023\/06\/Youtube-de-Logos-768x408.jpg 768w\" sizes=\"auto, (max-width: 970px) 100vw, 970px\" \/><\/a><\/figure>\n\n\n\n<h3 class=\"wp-block-heading\">Vid\u00e9os r\u00e9alis\u00e9es pour les \u00c9ditions Cl\u00e9 par Vincent Mirabella.<\/h3>\n\n\n\n<ul class=\"wp-block-list\">\n<li><strong>Vid\u00e9o 1 (5:09) :<\/strong> <a title=\"Survol de Logos (silencieux) en 5 mn\" href=\"http:\/\/youtu.be\/G0cvtqOs7DI\">Tour d\u2019horizon des fonctions principales de Logos<\/a><\/li>\n<\/ul>\n\n\n\n<p><iframe loading=\"lazy\" src=\"\/\/www.youtube.com\/embed\/G0cvtqOs7DI\" width=\"427\" height=\"255\" frameborder=\"0\" allowfullscreen=\"allowfullscreen\"><\/iframe><\/p>\n\n\n\n<ul class=\"wp-block-list\">\n<li><strong>Vid\u00e9o 2 (07:56)<\/strong> :&nbsp;<a title=\"Tuto 1 : pr\u00e9sentation g\u00e9n\u00e9rale\" href=\"http:\/\/youtu.be\/j5px7-3vHRs\" target=\"_blank\" rel=\"noopener\">Pr\u00e9sentation g\u00e9n\u00e9rale de l\u2019interface logos<\/a><\/li>\n<\/ul>\n\n\n\n<p><iframe loading=\"lazy\" src=\"\/\/www.youtube.com\/embed\/j5px7-3vHRs\" width=\"427\" height=\"255\" frameborder=\"0\" allowfullscreen=\"allowfullscreen\"><\/iframe><\/p>\n\n\n\n<ul class=\"wp-block-list\">\n<li><strong>Vid\u00e9o 3 (07:32)<\/strong> :&nbsp;<a title=\"Tuto 2 : recherche\" href=\"http:\/\/youtu.be\/BePo3l3vfLM\" target=\"_blank\" rel=\"noopener\">Fonction recherche<\/a><\/li>\n<\/ul>\n\n\n\n<p><iframe loading=\"lazy\" src=\"\/\/www.youtube.com\/embed\/BePo3l3vfLM\" width=\"427\" height=\"255\" frameborder=\"0\" allowfullscreen=\"allowfullscreen\"><\/iframe><\/p>\n\n\n\n<ul class=\"wp-block-list\">\n<li><strong>Vid\u00e9o en VO : v<\/strong>ous pouvez aussi consulter en anglais le site de l\u2019\u00e9diteur sur&nbsp;<a title=\"www.logos.com\/videos\" href=\"http:\/\/www.logos.com\/videos\" target=\"_blank\" rel=\"noopener\">www.logos.com\/videos<\/a><\/li>\n<\/ul>\n\n\n\n<h3 class=\"wp-block-heading\">Autres vid\u00e9os en fran\u00e7ais&nbsp;r\u00e9alis\u00e9es par&nbsp;Daniel Jomphe<\/h3>\n\n\n\n<h6 class=\"wp-block-heading\">Vid\u00e9o 1&nbsp;:&nbsp;Surligner rapidement dans Logos<\/h6>\n\n\n\n<p><iframe loading=\"lazy\" src=\"https:\/\/www.youtube.com\/embed\/y4sZd2TJ5X4\" width=\"427\" height=\"255\" frameborder=\"0\" allowfullscreen=\"allowfullscreen\"><\/iframe><\/p>\n\n\n\n<h6 class=\"wp-block-heading\"><strong>Vid\u00e9o 2&nbsp;<\/strong>:&nbsp;Naviguer dans les dictionnaires bibliques avec Logos<br \/><iframe loading=\"lazy\" src=\"https:\/\/www.youtube.com\/embed\/jAPpP8fO7jo\" width=\"427\" height=\"255\" frameborder=\"0\" allowfullscreen=\"allowfullscreen\"><\/iframe><\/h6>\n\n\n\n<h6 class=\"wp-block-heading\"><strong>Vid\u00e9o 3&nbsp;<\/strong>:&nbsp;Comparer un passage dans plusieurs bibles avec Logos<br \/><iframe loading=\"lazy\" src=\"https:\/\/www.youtube.com\/embed\/oaQQbNsAtNc\" width=\"427\" height=\"255\" frameborder=\"0\" allowfullscreen=\"allowfullscreen\"><\/iframe><\/h6>\n\n\n\n<h3 class=\"wp-block-heading\">Autres vid\u00e9os en fran\u00e7ais&nbsp;r\u00e9alis\u00e9es par&nbsp; Timoth\u00e9e Minard<\/h3>\n\n\n\n<p><a href=\"http:\/\/timotheeminard.com\/bible-tech\/logiciels-bibliques\/presentation\/logos\/\">Vous pouvez toutes les retrouver sur son excellent site.<\/a><\/p>\n\n\n\n<h6 class=\"wp-block-heading\"><strong>Vid\u00e9o 1 : Pr\u00e9sentation de l&rsquo;interface de Logos 6<\/strong><\/h6>\n\n\n\n<p><iframe loading=\"lazy\" src=\"https:\/\/www.youtube.com\/embed\/wqir1OCTxF4\" width=\"848\" height=\"565\" frameborder=\"0\" allowfullscreen=\"allowfullscreen\"><\/iframe><\/p>\n\n\n\n<h6 class=\"wp-block-heading\"><strong>Vid\u00e9o 2 : Pourquoi utiliser Logos comme biblioth\u00e8que th\u00e9ologique \u00e9lectronique ?<\/strong><\/h6>\n\n\n\n<p><iframe loading=\"lazy\" src=\"https:\/\/www.youtube.com\/embed\/dM7HvyG0aMQ\" width=\"427\" height=\"255\" frameborder=\"0\" allowfullscreen=\"allowfullscreen\"><\/iframe><\/p>\n","protected":false},"excerpt":{"rendered":"<p>Vid\u00e9os de pr\u00e9sentation en fran\u00e7ais sont disponibles : La chaine Logos en fran\u00e7ais pr\u00e9sente des dizaine des vid\u00e9os gratuites. Nous vous invitons \u00e0 vous abonner \u00e0 leur chaine. https:\/\/www.youtube.com\/@logicielbibliquelogos Vid\u00e9os r\u00e9alis\u00e9es pour les \u00c9ditions Cl\u00e9 par Vincent Mirabella. Autres vid\u00e9os en fran\u00e7ais&nbsp;r\u00e9alis\u00e9es par&nbsp;Daniel Jomphe Vid\u00e9o 1&nbsp;:&nbsp;Surligner rapidement dans Logos Vid\u00e9o 2&nbsp;:&nbsp;Naviguer dans les dictionnaires bibliques &hellip; <a href=\"https:\/\/blogs.editionscle.com\/logos\/videos\/\" class=\"more-link\">Continuer la lecture de <span class=\"screen-reader-text\">Vid\u00e9os<\/span>  <span class=\"meta-nav\">&rarr;<\/span><\/a><\/p>\n","protected":false},"author":1,"featured_media":0,"parent":0,"menu_order":0,"comment_status":"closed","ping_status":"closed","template":"","meta":{"footnotes":""},"class_list":["post-58","page","type-page","status-publish","hentry"],"yoast_head":"<!-- This site is optimized with the Yoast SEO plugin v27.4 - https:\/\/yoast.com\/product\/yoast-seo-wordpress\/ -->\n<title>Vid\u00e9os - Espace Logos<\/title>\n<meta name=\"robots\" content=\"index, follow, max-snippet:-1, max-image-preview:large, max-video-preview:-1\" \/>\n<link rel=\"canonical\" href=\"https:\/\/blogs.editionscle.com\/logos\/videos\/\" \/>\n<meta property=\"og:locale\" content=\"fr_FR\" \/>\n<meta property=\"og:type\" content=\"article\" \/>\n<meta property=\"og:title\" content=\"Vid\u00e9os - Espace Logos\" \/>\n<meta property=\"og:description\" content=\"Vid\u00e9os de pr\u00e9sentation en fran\u00e7ais sont disponibles : La chaine Logos en fran\u00e7ais pr\u00e9sente des dizaine des vid\u00e9os gratuites. Nous vous invitons \u00e0 vous abonner \u00e0 leur chaine. https:\/\/www.youtube.com\/@logicielbibliquelogos Vid\u00e9os r\u00e9alis\u00e9es pour les \u00c9ditions Cl\u00e9 par Vincent Mirabella. Autres vid\u00e9os en fran\u00e7ais&nbsp;r\u00e9alis\u00e9es par&nbsp;Daniel Jomphe Vid\u00e9o 1&nbsp;:&nbsp;Surligner rapidement dans Logos Vid\u00e9o 2&nbsp;:&nbsp;Naviguer dans les dictionnaires bibliques &hellip; Continuer la lecture de Vid\u00e9os &rarr;\" \/>\n<meta property=\"og:url\" content=\"https:\/\/blogs.editionscle.com\/logos\/videos\/\" \/>\n<meta property=\"og:site_name\" content=\"Espace Logos\" \/>\n<meta property=\"article:modified_time\" content=\"2023-06-26T16:11:05+00:00\" \/>\n<meta property=\"og:image\" content=\"https:\/\/blogs.editionscle.com\/logos\/wp-content\/uploads\/sites\/3\/2023\/06\/Youtube-de-Logos.jpg\" \/>\n<meta name=\"twitter:card\" content=\"summary_large_image\" \/>\n<meta name=\"twitter:label1\" content=\"Dur\u00e9e de lecture estim\u00e9e\" \/>\n\t<meta name=\"twitter:data1\" content=\"1 minute\" \/>\n<script type=\"application\/ld+json\" class=\"yoast-schema-graph\">{\"@context\":\"https:\\\/\\\/schema.org\",\"@graph\":[{\"@type\":\"WebPage\",\"@id\":\"https:\\\/\\\/blogs.editionscle.com\\\/logos\\\/videos\\\/\",\"url\":\"https:\\\/\\\/blogs.editionscle.com\\\/logos\\\/videos\\\/\",\"name\":\"Vid\u00e9os - Espace Logos\",\"isPartOf\":{\"@id\":\"https:\\\/\\\/blogs.editionscle.com\\\/logos\\\/#website\"},\"primaryImageOfPage\":{\"@id\":\"https:\\\/\\\/blogs.editionscle.com\\\/logos\\\/videos\\\/#primaryimage\"},\"image\":{\"@id\":\"https:\\\/\\\/blogs.editionscle.com\\\/logos\\\/videos\\\/#primaryimage\"},\"thumbnailUrl\":\"https:\\\/\\\/blogs.editionscle.com\\\/logos\\\/wp-content\\\/uploads\\\/sites\\\/3\\\/2023\\\/06\\\/Youtube-de-Logos.jpg\",\"datePublished\":\"2014-10-31T16:52:46+00:00\",\"dateModified\":\"2023-06-26T16:11:05+00:00\",\"breadcrumb\":{\"@id\":\"https:\\\/\\\/blogs.editionscle.com\\\/logos\\\/videos\\\/#breadcrumb\"},\"inLanguage\":\"fr-FR\",\"potentialAction\":[{\"@type\":\"ReadAction\",\"target\":[\"https:\\\/\\\/blogs.editionscle.com\\\/logos\\\/videos\\\/\"]}]},{\"@type\":\"ImageObject\",\"inLanguage\":\"fr-FR\",\"@id\":\"https:\\\/\\\/blogs.editionscle.com\\\/logos\\\/videos\\\/#primaryimage\",\"url\":\"https:\\\/\\\/blogs.editionscle.com\\\/logos\\\/wp-content\\\/uploads\\\/sites\\\/3\\\/2023\\\/06\\\/Youtube-de-Logos.jpg\",\"contentUrl\":\"https:\\\/\\\/blogs.editionscle.com\\\/logos\\\/wp-content\\\/uploads\\\/sites\\\/3\\\/2023\\\/06\\\/Youtube-de-Logos.jpg\",\"width\":970,\"height\":515},{\"@type\":\"BreadcrumbList\",\"@id\":\"https:\\\/\\\/blogs.editionscle.com\\\/logos\\\/videos\\\/#breadcrumb\",\"itemListElement\":[{\"@type\":\"ListItem\",\"position\":1,\"name\":\"Accueil\",\"item\":\"https:\\\/\\\/blogs.editionscle.com\\\/logos\\\/\"},{\"@type\":\"ListItem\",\"position\":2,\"name\":\"Vid\u00e9os\"}]},{\"@type\":\"WebSite\",\"@id\":\"https:\\\/\\\/blogs.editionscle.com\\\/logos\\\/#website\",\"url\":\"https:\\\/\\\/blogs.editionscle.com\\\/logos\\\/\",\"name\":\"Espace Logos\",\"description\":\"Tout sur la version fran\u00e7aise\",\"potentialAction\":[{\"@type\":\"SearchAction\",\"target\":{\"@type\":\"EntryPoint\",\"urlTemplate\":\"https:\\\/\\\/blogs.editionscle.com\\\/logos\\\/?s={search_term_string}\"},\"query-input\":{\"@type\":\"PropertyValueSpecification\",\"valueRequired\":true,\"valueName\":\"search_term_string\"}}],\"inLanguage\":\"fr-FR\"}]}<\/script>\n<!-- \/ Yoast SEO plugin. -->","yoast_head_json":{"title":"Vid\u00e9os - Espace Logos","robots":{"index":"index","follow":"follow","max-snippet":"max-snippet:-1","max-image-preview":"max-image-preview:large","max-video-preview":"max-video-preview:-1"},"canonical":"https:\/\/blogs.editionscle.com\/logos\/videos\/","og_locale":"fr_FR","og_type":"article","og_title":"Vid\u00e9os - Espace Logos","og_description":"Vid\u00e9os de pr\u00e9sentation en fran\u00e7ais sont disponibles : La chaine Logos en fran\u00e7ais pr\u00e9sente des dizaine des vid\u00e9os gratuites. Nous vous invitons \u00e0 vous abonner \u00e0 leur chaine. https:\/\/www.youtube.com\/@logicielbibliquelogos Vid\u00e9os r\u00e9alis\u00e9es pour les \u00c9ditions Cl\u00e9 par Vincent Mirabella. Autres vid\u00e9os en fran\u00e7ais&nbsp;r\u00e9alis\u00e9es par&nbsp;Daniel Jomphe Vid\u00e9o 1&nbsp;:&nbsp;Surligner rapidement dans Logos Vid\u00e9o 2&nbsp;:&nbsp;Naviguer dans les dictionnaires bibliques &hellip; Continuer la lecture de Vid\u00e9os &rarr;","og_url":"https:\/\/blogs.editionscle.com\/logos\/videos\/","og_site_name":"Espace Logos","article_modified_time":"2023-06-26T16:11:05+00:00","og_image":[{"url":"https:\/\/blogs.editionscle.com\/logos\/wp-content\/uploads\/sites\/3\/2023\/06\/Youtube-de-Logos.jpg","type":"","width":"","height":""}],"twitter_card":"summary_large_image","twitter_misc":{"Dur\u00e9e de lecture estim\u00e9e":"1 minute"},"schema":{"@context":"https:\/\/schema.org","@graph":[{"@type":"WebPage","@id":"https:\/\/blogs.editionscle.com\/logos\/videos\/","url":"https:\/\/blogs.editionscle.com\/logos\/videos\/","name":"Vid\u00e9os - Espace Logos","isPartOf":{"@id":"https:\/\/blogs.editionscle.com\/logos\/#website"},"primaryImageOfPage":{"@id":"https:\/\/blogs.editionscle.com\/logos\/videos\/#primaryimage"},"image":{"@id":"https:\/\/blogs.editionscle.com\/logos\/videos\/#primaryimage"},"thumbnailUrl":"https:\/\/blogs.editionscle.com\/logos\/wp-content\/uploads\/sites\/3\/2023\/06\/Youtube-de-Logos.jpg","datePublished":"2014-10-31T16:52:46+00:00","dateModified":"2023-06-26T16:11:05+00:00","breadcrumb":{"@id":"https:\/\/blogs.editionscle.com\/logos\/videos\/#breadcrumb"},"inLanguage":"fr-FR","potentialAction":[{"@type":"ReadAction","target":["https:\/\/blogs.editionscle.com\/logos\/videos\/"]}]},{"@type":"ImageObject","inLanguage":"fr-FR","@id":"https:\/\/blogs.editionscle.com\/logos\/videos\/#primaryimage","url":"https:\/\/blogs.editionscle.com\/logos\/wp-content\/uploads\/sites\/3\/2023\/06\/Youtube-de-Logos.jpg","contentUrl":"https:\/\/blogs.editionscle.com\/logos\/wp-content\/uploads\/sites\/3\/2023\/06\/Youtube-de-Logos.jpg","width":970,"height":515},{"@type":"BreadcrumbList","@id":"https:\/\/blogs.editionscle.com\/logos\/videos\/#breadcrumb","itemListElement":[{"@type":"ListItem","position":1,"name":"Accueil","item":"https:\/\/blogs.editionscle.com\/logos\/"},{"@type":"ListItem","position":2,"name":"Vid\u00e9os"}]},{"@type":"WebSite","@id":"https:\/\/blogs.editionscle.com\/logos\/#website","url":"https:\/\/blogs.editionscle.com\/logos\/","name":"Espace Logos","description":"Tout sur la version fran\u00e7aise","potentialAction":[{"@type":"SearchAction","target":{"@type":"EntryPoint","urlTemplate":"https:\/\/blogs.editionscle.com\/logos\/?s={search_term_string}"},"query-input":{"@type":"PropertyValueSpecification","valueRequired":true,"valueName":"search_term_string"}}],"inLanguage":"fr-FR"}]}},"_links":{"self":[{"href":"https:\/\/blogs.editionscle.com\/logos\/wp-json\/wp\/v2\/pages\/58","targetHints":{"allow":["GET"]}}],"collection":[{"href":"https:\/\/blogs.editionscle.com\/logos\/wp-json\/wp\/v2\/pages"}],"about":[{"href":"https:\/\/blogs.editionscle.com\/logos\/wp-json\/wp\/v2\/types\/page"}],"author":[{"embeddable":true,"href":"https:\/\/blogs.editionscle.com\/logos\/wp-json\/wp\/v2\/users\/1"}],"replies":[{"embeddable":true,"href":"https:\/\/blogs.editionscle.com\/logos\/wp-json\/wp\/v2\/comments?post=58"}],"version-history":[{"count":9,"href":"https:\/\/blogs.editionscle.com\/logos\/wp-json\/wp\/v2\/pages\/58\/revisions"}],"predecessor-version":[{"id":849,"href":"https:\/\/blogs.editionscle.com\/logos\/wp-json\/wp\/v2\/pages\/58\/revisions\/849"}],"wp:attachment":[{"href":"https:\/\/blogs.editionscle.com\/logos\/wp-json\/wp\/v2\/media?parent=58"}],"curies":[{"name":"wp","href":"https:\/\/api.w.org\/{rel}","templated":true}]}}