{"id":62,"date":"2014-10-31T16:57:30","date_gmt":"2014-10-31T16:57:30","guid":{"rendered":"http:\/\/www.editionscle.com\/logos\/?page_id=62"},"modified":"2014-11-26T15:38:34","modified_gmt":"2014-11-26T15:38:34","slug":"formation","status":"publish","type":"page","link":"https:\/\/blogs.editionscle.com\/logos\/formation\/","title":{"rendered":"Prochaine formation"},"content":{"rendered":"<p>&nbsp;<\/p>\n<p>&nbsp;<\/p>\n<p><strong>Il n&rsquo;y a pas de nouvelle formation planifi\u00e9e pour l&rsquo;instant. Nous vous tiendrons inform\u00e9 via ce site et la newletter de Cl\u00e9.<\/strong><\/p>\n<p>Voici le pdf\u00a0de la pr\u00e9sentation (support de la formation) donn\u00e9e \u00e0 Villeurbanne le 22.11.2014.<\/p>\n<ul>\n<li><a href=\"http:\/\/www.editionscle.com\/logos\/wp-content\/uploads\/2014\/10\/\u00c9tudier-la-Bible-avec-Logos-Vileurbanne-le-22-11-2014.pdf\">\u00c9tudier la Bible avec Logos &#8211; Villeurbanne le 22.11.2014<\/a><\/li>\n<\/ul>\n<p>&nbsp;<\/p>\n<p>&nbsp;<\/p>\n<p>&nbsp;<\/p>\n<p><a title=\"Flyer\" href=\"http:\/\/editionscle.com\/commerce\/catalog\/pdfs\/french\/EDITIONS%20CLE formation Logos EPEV-C 22.11.2014.pdf\" target=\"_blank\"><img loading=\"lazy\" decoding=\"async\" class=\"aligncenter size-full wp-image-263\" src=\"http:\/\/www.editionscle.com\/logos\/wp-content\/uploads\/2014\/11\/FormationImg.jpg\" alt=\"FormationImg\" width=\"500\" height=\"251\" srcset=\"https:\/\/blogs.editionscle.com\/logos\/wp-content\/uploads\/sites\/3\/2014\/11\/FormationImg.jpg 500w, https:\/\/blogs.editionscle.com\/logos\/wp-content\/uploads\/sites\/3\/2014\/11\/FormationImg-300x150.jpg 300w\" sizes=\"auto, (max-width: 500px) 100vw, 500px\" \/><\/a><\/p>\n<p><strong>Formation<\/strong> : \u00ab\u00a0Comment \u00e9tudier la Bible avec Logos\u00a0\u00bb<br \/>\n<strong>Quand<\/strong> : Le 22 novembre 2014, \u00e0 Villeurbanne, de 9h30 \u00e0 17h<br \/>\n<strong>Ou<\/strong> : \u00c9glise Protestante \u00c9vang\u00e9lique de Villeurbanne-Cusset<br \/>\n32 petite Rue pasteur 69100 Villeurbanne. M\u00e9tro Cusset.<br \/>\n<strong>Prix :<\/strong> 10 \u20ac.<br \/>\n<strong>But :<\/strong> d\u00e9couvrir une m\u00e9thode simple\u00a0d&rsquo;herm\u00e9neutique et sa mise en place avec Logos.<br \/>\n<strong>P\u00e9dagogie\u00a0:<\/strong> pr\u00e9sentation PowerPoint et\/ou d\u00e9monstration devant<br \/>\nles apprenants des diff\u00e9rentes fonctions par le formateur\u00a0(Michel PHILIPPE, directeur des \u00c9ditions Cl\u00e9).<br \/>\n<strong>Pr\u00e9requis\u00a0souhaitable<\/strong> (mais non exig\u00e9s)\u00a0: avoir\u00a0quelques notions de base sur l&rsquo;utilisation d&rsquo;un ordinateur, et\u00a0l&rsquo;\u00e9tude de la Bible. Venir avec son ordinateur (PC ou Mac) avec\u00a0Logos d\u00e9j\u00e0 install\u00e9 (pour faire en s\u00e9ance quelques exercices).<br \/>\n<strong>Ateliers :\u00a0<\/strong> 2 sessions pratiques permettront aux apprenants\u00a0d&rsquo;utiliser le logiciel sur leur mat\u00e9riel ou sur un mat\u00e9riel de pr\u00eat.<br \/>\n<strong>Programme d\u00e9taill\u00e9 \u00a0:<\/strong><a title=\"Flyer de la formation Logos \u00e0 Villeurbanne\" href=\"http:\/\/editionscle.com\/commerce\/catalog\/pdfs\/french\/EDITIONS%20CLE formation Logos EPEV-C 22.11.2014.pdf\" target=\"_blank\">\u00a0cliquer ici.<br \/>\n<\/a><\/p>\n","protected":false},"excerpt":{"rendered":"<p>&nbsp; &nbsp; Il n&rsquo;y a pas de nouvelle formation planifi\u00e9e pour l&rsquo;instant. Nous vous tiendrons inform\u00e9 via ce site et la newletter de Cl\u00e9. Voici le pdf\u00a0de la pr\u00e9sentation (support de la formation) donn\u00e9e \u00e0 Villeurbanne le 22.11.2014. \u00c9tudier la Bible avec Logos &#8211; Villeurbanne le 22.11.2014 &nbsp; &nbsp; &nbsp; Formation : \u00ab\u00a0Comment \u00e9tudier la &hellip; <a href=\"https:\/\/blogs.editionscle.com\/logos\/formation\/\" class=\"more-link\">Continuer la lecture de <span class=\"screen-reader-text\">Prochaine formation<\/span>  <span class=\"meta-nav\">&rarr;<\/span><\/a><\/p>\n","protected":false},"author":1,"featured_media":0,"parent":0,"menu_order":0,"comment_status":"closed","ping_status":"closed","template":"","meta":{"footnotes":""},"class_list":["post-62","page","type-page","status-publish","hentry"],"yoast_head":"<!-- This site is optimized with the Yoast SEO plugin v27.3 - https:\/\/yoast.com\/product\/yoast-seo-wordpress\/ -->\n<title>Prochaine formation  - Espace Logos<\/title>\n<meta name=\"robots\" content=\"index, follow, max-snippet:-1, max-image-preview:large, max-video-preview:-1\" \/>\n<link rel=\"canonical\" href=\"https:\/\/blogs.editionscle.com\/logos\/formation\/\" \/>\n<meta property=\"og:locale\" content=\"fr_FR\" \/>\n<meta property=\"og:type\" content=\"article\" \/>\n<meta property=\"og:title\" content=\"Prochaine formation  - Espace Logos\" \/>\n<meta property=\"og:description\" content=\"&nbsp; &nbsp; Il n&rsquo;y a pas de nouvelle formation planifi\u00e9e pour l&rsquo;instant. Nous vous tiendrons inform\u00e9 via ce site et la newletter de Cl\u00e9. Voici le pdf\u00a0de la pr\u00e9sentation (support de la formation) donn\u00e9e \u00e0 Villeurbanne le 22.11.2014. \u00c9tudier la Bible avec Logos &#8211; Villeurbanne le 22.11.2014 &nbsp; &nbsp; &nbsp; Formation : \u00ab\u00a0Comment \u00e9tudier la &hellip; Continuer la lecture de Prochaine formation &rarr;\" \/>\n<meta property=\"og:url\" content=\"https:\/\/blogs.editionscle.com\/logos\/formation\/\" \/>\n<meta property=\"og:site_name\" content=\"Espace Logos\" \/>\n<meta property=\"article:modified_time\" content=\"2014-11-26T15:38:34+00:00\" \/>\n<meta property=\"og:image\" content=\"http:\/\/www.editionscle.com\/logos\/wp-content\/uploads\/2014\/11\/FormationImg.jpg\" \/>\n<meta name=\"twitter:card\" content=\"summary_large_image\" \/>\n<meta name=\"twitter:label1\" content=\"Dur\u00e9e de lecture estim\u00e9e\" \/>\n\t<meta name=\"twitter:data1\" content=\"1 minute\" \/>\n<script type=\"application\/ld+json\" class=\"yoast-schema-graph\">{\"@context\":\"https:\\\/\\\/schema.org\",\"@graph\":[{\"@type\":\"WebPage\",\"@id\":\"https:\\\/\\\/blogs.editionscle.com\\\/logos\\\/formation\\\/\",\"url\":\"https:\\\/\\\/blogs.editionscle.com\\\/logos\\\/formation\\\/\",\"name\":\"Prochaine formation - Espace Logos\",\"isPartOf\":{\"@id\":\"https:\\\/\\\/blogs.editionscle.com\\\/logos\\\/#website\"},\"primaryImageOfPage\":{\"@id\":\"https:\\\/\\\/blogs.editionscle.com\\\/logos\\\/formation\\\/#primaryimage\"},\"image\":{\"@id\":\"https:\\\/\\\/blogs.editionscle.com\\\/logos\\\/formation\\\/#primaryimage\"},\"thumbnailUrl\":\"http:\\\/\\\/www.editionscle.com\\\/logos\\\/wp-content\\\/uploads\\\/2014\\\/11\\\/FormationImg.jpg\",\"datePublished\":\"2014-10-31T16:57:30+00:00\",\"dateModified\":\"2014-11-26T15:38:34+00:00\",\"breadcrumb\":{\"@id\":\"https:\\\/\\\/blogs.editionscle.com\\\/logos\\\/formation\\\/#breadcrumb\"},\"inLanguage\":\"fr-FR\",\"potentialAction\":[{\"@type\":\"ReadAction\",\"target\":[\"https:\\\/\\\/blogs.editionscle.com\\\/logos\\\/formation\\\/\"]}]},{\"@type\":\"ImageObject\",\"inLanguage\":\"fr-FR\",\"@id\":\"https:\\\/\\\/blogs.editionscle.com\\\/logos\\\/formation\\\/#primaryimage\",\"url\":\"http:\\\/\\\/www.editionscle.com\\\/logos\\\/wp-content\\\/uploads\\\/2014\\\/11\\\/FormationImg.jpg\",\"contentUrl\":\"http:\\\/\\\/www.editionscle.com\\\/logos\\\/wp-content\\\/uploads\\\/2014\\\/11\\\/FormationImg.jpg\"},{\"@type\":\"BreadcrumbList\",\"@id\":\"https:\\\/\\\/blogs.editionscle.com\\\/logos\\\/formation\\\/#breadcrumb\",\"itemListElement\":[{\"@type\":\"ListItem\",\"position\":1,\"name\":\"Accueil\",\"item\":\"https:\\\/\\\/blogs.editionscle.com\\\/logos\\\/\"},{\"@type\":\"ListItem\",\"position\":2,\"name\":\"Prochaine formation\"}]},{\"@type\":\"WebSite\",\"@id\":\"https:\\\/\\\/blogs.editionscle.com\\\/logos\\\/#website\",\"url\":\"https:\\\/\\\/blogs.editionscle.com\\\/logos\\\/\",\"name\":\"Espace Logos\",\"description\":\"Tout sur la version fran\u00e7aise\",\"potentialAction\":[{\"@type\":\"SearchAction\",\"target\":{\"@type\":\"EntryPoint\",\"urlTemplate\":\"https:\\\/\\\/blogs.editionscle.com\\\/logos\\\/?s={search_term_string}\"},\"query-input\":{\"@type\":\"PropertyValueSpecification\",\"valueRequired\":true,\"valueName\":\"search_term_string\"}}],\"inLanguage\":\"fr-FR\"}]}<\/script>\n<!-- \/ Yoast SEO plugin. -->","yoast_head_json":{"title":"Prochaine formation  - Espace Logos","robots":{"index":"index","follow":"follow","max-snippet":"max-snippet:-1","max-image-preview":"max-image-preview:large","max-video-preview":"max-video-preview:-1"},"canonical":"https:\/\/blogs.editionscle.com\/logos\/formation\/","og_locale":"fr_FR","og_type":"article","og_title":"Prochaine formation  - Espace Logos","og_description":"&nbsp; &nbsp; Il n&rsquo;y a pas de nouvelle formation planifi\u00e9e pour l&rsquo;instant. Nous vous tiendrons inform\u00e9 via ce site et la newletter de Cl\u00e9. Voici le pdf\u00a0de la pr\u00e9sentation (support de la formation) donn\u00e9e \u00e0 Villeurbanne le 22.11.2014. \u00c9tudier la Bible avec Logos &#8211; Villeurbanne le 22.11.2014 &nbsp; &nbsp; &nbsp; Formation : \u00ab\u00a0Comment \u00e9tudier la &hellip; Continuer la lecture de Prochaine formation &rarr;","og_url":"https:\/\/blogs.editionscle.com\/logos\/formation\/","og_site_name":"Espace Logos","article_modified_time":"2014-11-26T15:38:34+00:00","og_image":[{"url":"http:\/\/www.editionscle.com\/logos\/wp-content\/uploads\/2014\/11\/FormationImg.jpg","type":"","width":"","height":""}],"twitter_card":"summary_large_image","twitter_misc":{"Dur\u00e9e de lecture estim\u00e9e":"1 minute"},"schema":{"@context":"https:\/\/schema.org","@graph":[{"@type":"WebPage","@id":"https:\/\/blogs.editionscle.com\/logos\/formation\/","url":"https:\/\/blogs.editionscle.com\/logos\/formation\/","name":"Prochaine formation - Espace Logos","isPartOf":{"@id":"https:\/\/blogs.editionscle.com\/logos\/#website"},"primaryImageOfPage":{"@id":"https:\/\/blogs.editionscle.com\/logos\/formation\/#primaryimage"},"image":{"@id":"https:\/\/blogs.editionscle.com\/logos\/formation\/#primaryimage"},"thumbnailUrl":"http:\/\/www.editionscle.com\/logos\/wp-content\/uploads\/2014\/11\/FormationImg.jpg","datePublished":"2014-10-31T16:57:30+00:00","dateModified":"2014-11-26T15:38:34+00:00","breadcrumb":{"@id":"https:\/\/blogs.editionscle.com\/logos\/formation\/#breadcrumb"},"inLanguage":"fr-FR","potentialAction":[{"@type":"ReadAction","target":["https:\/\/blogs.editionscle.com\/logos\/formation\/"]}]},{"@type":"ImageObject","inLanguage":"fr-FR","@id":"https:\/\/blogs.editionscle.com\/logos\/formation\/#primaryimage","url":"http:\/\/www.editionscle.com\/logos\/wp-content\/uploads\/2014\/11\/FormationImg.jpg","contentUrl":"http:\/\/www.editionscle.com\/logos\/wp-content\/uploads\/2014\/11\/FormationImg.jpg"},{"@type":"BreadcrumbList","@id":"https:\/\/blogs.editionscle.com\/logos\/formation\/#breadcrumb","itemListElement":[{"@type":"ListItem","position":1,"name":"Accueil","item":"https:\/\/blogs.editionscle.com\/logos\/"},{"@type":"ListItem","position":2,"name":"Prochaine formation"}]},{"@type":"WebSite","@id":"https:\/\/blogs.editionscle.com\/logos\/#website","url":"https:\/\/blogs.editionscle.com\/logos\/","name":"Espace Logos","description":"Tout sur la version fran\u00e7aise","potentialAction":[{"@type":"SearchAction","target":{"@type":"EntryPoint","urlTemplate":"https:\/\/blogs.editionscle.com\/logos\/?s={search_term_string}"},"query-input":{"@type":"PropertyValueSpecification","valueRequired":true,"valueName":"search_term_string"}}],"inLanguage":"fr-FR"}]}},"_links":{"self":[{"href":"https:\/\/blogs.editionscle.com\/logos\/wp-json\/wp\/v2\/pages\/62","targetHints":{"allow":["GET"]}}],"collection":[{"href":"https:\/\/blogs.editionscle.com\/logos\/wp-json\/wp\/v2\/pages"}],"about":[{"href":"https:\/\/blogs.editionscle.com\/logos\/wp-json\/wp\/v2\/types\/page"}],"author":[{"embeddable":true,"href":"https:\/\/blogs.editionscle.com\/logos\/wp-json\/wp\/v2\/users\/1"}],"replies":[{"embeddable":true,"href":"https:\/\/blogs.editionscle.com\/logos\/wp-json\/wp\/v2\/comments?post=62"}],"version-history":[{"count":7,"href":"https:\/\/blogs.editionscle.com\/logos\/wp-json\/wp\/v2\/pages\/62\/revisions"}],"predecessor-version":[{"id":428,"href":"https:\/\/blogs.editionscle.com\/logos\/wp-json\/wp\/v2\/pages\/62\/revisions\/428"}],"wp:attachment":[{"href":"https:\/\/blogs.editionscle.com\/logos\/wp-json\/wp\/v2\/media?parent=62"}],"curies":[{"name":"wp","href":"https:\/\/api.w.org\/{rel}","templated":true}]}}